{"id":2608,"date":"2024-07-18T17:36:29","date_gmt":"2024-07-18T15:36:29","guid":{"rendered":"http:\/\/lumierediamonds.eu\/?page_id=2608"},"modified":"2025-12-11T11:40:18","modified_gmt":"2025-12-11T10:40:18","slug":"acerca-de-nosotros","status":"publish","type":"page","link":"https:\/\/lumierediamonds.eu\/es\/acerca-de-nosotros\/","title":{"rendered":"Qui\u00e9nes somos"},"content":{"rendered":"<div data-elementor-type=\"wp-page\" data-elementor-id=\"2608\" class=\"elementor elementor-2608\" data-elementor-post-type=\"page\">\n\t\t\t\t<div class=\"elementor-element elementor-element-85409e9 e-flex e-con-boxed e-con e-parent\" data-id=\"85409e9\" data-element_type=\"container\">\n\t\t\t\t\t<div class=\"e-con-inner\">\n\t\t\t\t<div class=\"elementor-element elementor-element-79452f0 elementor-widget elementor-widget-spacer\" data-id=\"79452f0\" data-element_type=\"widget\" data-widget_type=\"spacer.default\">\n\t\t\t\t<div class=\"elementor-widget-container\">\n\t\t\t\t\t<div class=\"elementor-spacer\">\n\t\t\t<div class=\"elementor-spacer-inner\"><\/div>\n\t\t<\/div>\n\t\t\t\t<\/div>\n\t\t\t\t<\/div>\n\t\t\t\t<div class=\"elementor-element elementor-element-d74b8d2 elementor-widget elementor-widget-heading\" data-id=\"d74b8d2\" data-element_type=\"widget\" data-widget_type=\"heading.default\">\n\t\t\t\t<div class=\"elementor-widget-container\">\n\t\t\t<h3 class=\"elementor-heading-title elementor-size-default\">SOBRE NOSOTROS<\/h3>\t\t<\/div>\n\t\t\t\t<\/div>\n\t\t\t\t<div class=\"elementor-element elementor-element-d35053b elementor-widget elementor-widget-spacer\" data-id=\"d35053b\" data-element_type=\"widget\" data-widget_type=\"spacer.default\">\n\t\t\t\t<div class=\"elementor-widget-container\">\n\t\t\t\t\t<div class=\"elementor-spacer\">\n\t\t\t<div class=\"elementor-spacer-inner\"><\/div>\n\t\t<\/div>\n\t\t\t\t<\/div>\n\t\t\t\t<\/div>\n\t\t\t\t<div class=\"elementor-element elementor-element-4156016 elementor-widget elementor-widget-text-editor\" data-id=\"4156016\" data-element_type=\"widget\" data-widget_type=\"text-editor.default\">\n\t\t\t\t<div class=\"elementor-widget-container\">\n\t\t\t\t\t\t\t<p class=\"p1\"><b>Lumi\u00e8re naci\u00f3 de la pasi\u00f3n por celebrar la vida, en todas sus formas.<\/b><\/p><p class=\"p1\">Tanto si se trata de un hito con el que has estado so\u00f1ando, de un momento tranquilo de amor propio o simplemente de un d\u00eda que quieres hacer sentir especial, creemos que las joyas pueden ser algo m\u00e1s que algo que te pones. Puede ser un trozo de tu historia, un recuerdo tangible de las personas, los lugares y los sentimientos que quieres llevar siempre contigo.<\/p><p class=\"p1\">En un mundo que avanza deprisa, creamos joyas que invitan a frenar. A marcar el momento. Para celebrarte a ti mismo o a un ser querido no s\u00f3lo en ocasiones especiales, sino en la belleza de lo cotidiano.<\/p>\t\t\t\t\t\t<\/div>\n\t\t\t\t<\/div>\n\t\t\t\t<div class=\"elementor-element elementor-element-1156173 elementor-widget elementor-widget-text-editor\" data-id=\"1156173\" data-element_type=\"widget\" data-widget_type=\"text-editor.default\">\n\t\t\t\t<div class=\"elementor-widget-container\">\n\t\t\t\t\t\t\t<p class=\"p1\"><em>Paul y Michelle, fundadores de Lumi\u00e8re<\/em><\/p>\t\t\t\t\t\t<\/div>\n\t\t\t\t<\/div>\n\t\t\t\t<div class=\"elementor-element elementor-element-e6f073a elementor-widget elementor-widget-spacer\" data-id=\"e6f073a\" data-element_type=\"widget\" data-widget_type=\"spacer.default\">\n\t\t\t\t<div class=\"elementor-widget-container\">\n\t\t\t\t\t<div class=\"elementor-spacer\">\n\t\t\t<div class=\"elementor-spacer-inner\"><\/div>\n\t\t<\/div>\n\t\t\t\t<\/div>\n\t\t\t\t<\/div>\n\t\t\t\t<div class=\"elementor-element elementor-element-0cb63ed elementor-widget elementor-widget-spacer\" data-id=\"0cb63ed\" data-element_type=\"widget\" data-widget_type=\"spacer.default\">\n\t\t\t\t<div class=\"elementor-widget-container\">\n\t\t\t\t\t<div class=\"elementor-spacer\">\n\t\t\t<div class=\"elementor-spacer-inner\"><\/div>\n\t\t<\/div>\n\t\t\t\t<\/div>\n\t\t\t\t<\/div>\n\t\t\t\t\t<\/div>\n\t\t\t\t<\/div>\n\t\t<div class=\"elementor-element elementor-element-668d1f6 e-flex e-con-boxed e-con e-parent\" data-id=\"668d1f6\" data-element_type=\"container\">\n\t\t\t\t\t<div class=\"e-con-inner\">\n\t\t<div class=\"elementor-element elementor-element-bf8dfe9 e-con-full e-flex e-con e-child\" data-id=\"bf8dfe9\" data-element_type=\"container\">\n\t\t\t\t<div class=\"elementor-element elementor-element-0277304 elementor-widget elementor-widget-spacer\" data-id=\"0277304\" data-element_type=\"widget\" data-widget_type=\"spacer.default\">\n\t\t\t\t<div class=\"elementor-widget-container\">\n\t\t\t\t\t<div class=\"elementor-spacer\">\n\t\t\t<div class=\"elementor-spacer-inner\"><\/div>\n\t\t<\/div>\n\t\t\t\t<\/div>\n\t\t\t\t<\/div>\n\t\t\t\t<div class=\"elementor-element elementor-element-c8e66f0 elementor-widget elementor-widget-text-editor\" data-id=\"c8e66f0\" data-element_type=\"widget\" data-widget_type=\"text-editor.default\">\n\t\t\t\t<div class=\"elementor-widget-container\">\n\t\t\t\t\t\t\t<p class=\"p1\"><b>Naci\u00f3 de la b\u00fasqueda de algo mejor.<\/b><\/p><p class=\"p1\">Puse en marcha Lumi\u00e8re porque no encontraba lo que buscaba: joyer\u00eda fina atemporal, de dise\u00f1o atractivo y fabricada con integridad, sin el precio exagerado de las marcas de lujo tradicionales.<\/p><p class=\"p1\">Quer\u00eda la riqueza de <span class=\"s1\"><b>oro macizo de 18 quilates<\/b><\/span>, No de 14 quilates, lo que me parec\u00eda un compromiso. Quer\u00eda el brillo de los diamantes, pero de una forma que minimizara el impacto ambiental. Y aunque algunos vendedores online ofrec\u00edan ambas cosas, me encontr\u00e9 navegando por interminables listas de piedras, una experiencia abrumadora sin ninguna orientaci\u00f3n real.<\/p><p class=\"p1\">As\u00ed que reimaginamos el proceso.<\/p><p class=\"p1\">En Lumi\u00e8re, nuestro <span class=\"s1\"><b>los gem\u00f3logos seleccionan a mano los diamantes entre los 1% mejores de las piedras cultivadas en laboratorio<\/b><\/span>, El dise\u00f1o que usted elija se combinar\u00e1 cuidadosamente con cada una de ellas para obtener un brillo, una claridad y un fuego excepcionales. <span class=\"s1\"><b>Sparkle, garantizado.<\/b><b><\/b><\/span><\/p>\t\t\t\t\t\t<\/div>\n\t\t\t\t<\/div>\n\t\t\t\t<\/div>\n\t\t<div class=\"elementor-element elementor-element-94c3f09 e-con-full e-flex e-con e-child\" data-id=\"94c3f09\" data-element_type=\"container\">\n\t\t\t\t<div class=\"elementor-element elementor-element-0f15419 elementor-widget elementor-widget-image\" data-id=\"0f15419\" data-element_type=\"widget\" data-widget_type=\"image.default\">\n\t\t\t\t<div class=\"elementor-widget-container\">\n\t\t\t\t\t\t\t\t\t\t\t\t\t<img fetchpriority=\"high\" decoding=\"async\" width=\"768\" height=\"1000\" src=\"https:\/\/lumierediamonds.eu\/wp-content\/uploads\/2025\/12\/choosing-the-best-lab-grown-diamond-for-a-ring-2-768x1000.png\" class=\"attachment-medium_large size-medium_large wp-image-14101\" alt=\"\" srcset=\"https:\/\/lumierediamonds.eu\/wp-content\/uploads\/2025\/12\/choosing-the-best-lab-grown-diamond-for-a-ring-2-768x1000.png 768w, https:\/\/lumierediamonds.eu\/wp-content\/uploads\/2025\/12\/choosing-the-best-lab-grown-diamond-for-a-ring-2-230x300.png 230w, https:\/\/lumierediamonds.eu\/wp-content\/uploads\/2025\/12\/choosing-the-best-lab-grown-diamond-for-a-ring-2-786x1024.png 786w, https:\/\/lumierediamonds.eu\/wp-content\/uploads\/2025\/12\/choosing-the-best-lab-grown-diamond-for-a-ring-2-9x12.png 9w, https:\/\/lumierediamonds.eu\/wp-content\/uploads\/2025\/12\/choosing-the-best-lab-grown-diamond-for-a-ring-2-600x781.png 600w, https:\/\/lumierediamonds.eu\/wp-content\/uploads\/2025\/12\/choosing-the-best-lab-grown-diamond-for-a-ring-2.png 887w\" sizes=\"(max-width: 768px) 100vw, 768px\" \/>\t\t\t\t\t\t\t\t\t\t\t\t\t<\/div>\n\t\t\t\t<\/div>\n\t\t\t\t<\/div>\n\t\t\t\t\t<\/div>\n\t\t\t\t<\/div>\n\t\t<div class=\"elementor-element elementor-element-cbd0726 e-flex e-con-boxed e-con e-parent\" data-id=\"cbd0726\" data-element_type=\"container\">\n\t\t\t\t\t<div class=\"e-con-inner\">\n\t\t\t\t<div class=\"elementor-element elementor-element-37570cd elementor-widget elementor-widget-spacer\" data-id=\"37570cd\" data-element_type=\"widget\" data-widget_type=\"spacer.default\">\n\t\t\t\t<div class=\"elementor-widget-container\">\n\t\t\t\t\t<div class=\"elementor-spacer\">\n\t\t\t<div class=\"elementor-spacer-inner\"><\/div>\n\t\t<\/div>\n\t\t\t\t<\/div>\n\t\t\t\t<\/div>\n\t\t\t\t\t<\/div>\n\t\t\t\t<\/div>\n\t\t<div class=\"elementor-element elementor-element-cb260a1 e-flex e-con-boxed e-con e-parent\" data-id=\"cb260a1\" data-element_type=\"container\" data-settings=\"{&quot;background_background&quot;:&quot;classic&quot;}\">\n\t\t\t\t\t<div class=\"e-con-inner\">\n\t\t\t\t<div class=\"elementor-element elementor-element-7465afd elementor-widget elementor-widget-spacer\" data-id=\"7465afd\" data-element_type=\"widget\" data-widget_type=\"spacer.default\">\n\t\t\t\t<div class=\"elementor-widget-container\">\n\t\t\t\t\t<div class=\"elementor-spacer\">\n\t\t\t<div class=\"elementor-spacer-inner\"><\/div>\n\t\t<\/div>\n\t\t\t\t<\/div>\n\t\t\t\t<\/div>\n\t\t\t\t<div class=\"elementor-element elementor-element-ee43045 elementor-widget elementor-widget-heading\" data-id=\"ee43045\" data-element_type=\"widget\" data-widget_type=\"heading.default\">\n\t\t\t\t<div class=\"elementor-widget-container\">\n\t\t\t<h3 class=\"elementor-heading-title elementor-size-default\">Nuestra filosof\u00eda<\/h3>\t\t<\/div>\n\t\t\t\t<\/div>\n\t\t\t\t<div class=\"elementor-element elementor-element-780a1fe elementor-widget elementor-widget-heading\" data-id=\"780a1fe\" data-element_type=\"widget\" data-widget_type=\"heading.default\">\n\t\t\t\t<div class=\"elementor-widget-container\">\n\t\t\t<h2 class=\"elementor-heading-title elementor-size-default\">Lujo sin concesiones<\/h2>\t\t<\/div>\n\t\t\t\t<\/div>\n\t\t\t\t<div class=\"elementor-element elementor-element-ae673d4 elementor-widget elementor-widget-text-editor\" data-id=\"ae673d4\" data-element_type=\"widget\" data-widget_type=\"text-editor.default\">\n\t\t\t\t<div class=\"elementor-widget-container\">\n\t\t\t\t\t\t\t<p class=\"p1\">Estamos estableciendo un nuevo est\u00e1ndar para la joyer\u00eda fina, uno que no obliga a elegir entre calidad, sostenibilidad y precio. En Lumi\u00e8re, creemos que puedes tenerlo todo:<\/p><ul><li><p class=\"p1\"><span class=\"s1\"><b>Calidad excepcional<\/b><\/span>: Fabricado con la m\u00e1xima calidad <span class=\"s1\"><b>diamantes cultivados en laboratorio<\/b><\/span> y <span class=\"s1\"><b>oro macizo de 18 quilates<\/b><\/span>, Nuestras piezas est\u00e1n dise\u00f1adas para llevarlas a diario y durar toda la vida.<\/p><\/li><li><p class=\"p1\"><span class=\"s1\"><b>Elegancia sostenible<\/b><\/span>: Al elegir diamantes cultivados en laboratorio, reducimos el impacto medioambiental al tiempo que preservamos el brillo y la belleza de las piedras tradicionales.<\/p><\/li><li><p class=\"p1\"><span class=\"s1\"><b>Precios razonables<\/b><\/span>: Sin sobreprecios escandalosos. Sin compromisos. Solo joyer\u00eda de lujo honesta con la que sentirse bien por dentro y por fuera.<\/p><\/li><\/ul>\t\t\t\t\t\t<\/div>\n\t\t\t\t<\/div>\n\t\t\t\t<div class=\"elementor-element elementor-element-d801257 elementor-widget elementor-widget-spacer\" data-id=\"d801257\" data-element_type=\"widget\" data-widget_type=\"spacer.default\">\n\t\t\t\t<div class=\"elementor-widget-container\">\n\t\t\t\t\t<div class=\"elementor-spacer\">\n\t\t\t<div class=\"elementor-spacer-inner\"><\/div>\n\t\t<\/div>\n\t\t\t\t<\/div>\n\t\t\t\t<\/div>\n\t\t\t\t\t<\/div>\n\t\t\t\t<\/div>\n\t\t<div class=\"elementor-element elementor-element-c6eaa19 e-flex e-con-boxed e-con e-parent\" data-id=\"c6eaa19\" data-element_type=\"container\">\n\t\t\t\t\t<div class=\"e-con-inner\">\n\t\t\t\t<div class=\"elementor-element elementor-element-200aacf elementor-widget elementor-widget-spacer\" data-id=\"200aacf\" data-element_type=\"widget\" data-widget_type=\"spacer.default\">\n\t\t\t\t<div class=\"elementor-widget-container\">\n\t\t\t\t\t<div class=\"elementor-spacer\">\n\t\t\t<div class=\"elementor-spacer-inner\"><\/div>\n\t\t<\/div>\n\t\t\t\t<\/div>\n\t\t\t\t<\/div>\n\t\t\t\t<div class=\"elementor-element elementor-element-39ef797 elementor-widget elementor-widget-text-editor\" data-id=\"39ef797\" data-element_type=\"widget\" data-widget_type=\"text-editor.default\">\n\t\t\t\t<div class=\"elementor-widget-container\">\n\t\t\t\t\t\t\t<p class=\"p1\"><b>Dise\u00f1ado para tener sentido. Hecho para durar.<\/b><\/p><p class=\"p1\">Cada pieza de Lumi\u00e8re est\u00e1 cuidadosamente dise\u00f1ada para honrar tu historia, para marcar momentos de alegr\u00eda, crecimiento, amor o autorreflexi\u00f3n. Ya sea un regalo para ti o para un ser querido, nuestras joyas est\u00e1n hechas para vivirlas, apreciarlas y transmitirlas.<\/p><p class=\"p1\">\u00a0<\/p>\t\t\t\t\t\t<\/div>\n\t\t\t\t<\/div>\n\t\t\t\t<div class=\"elementor-element elementor-element-7e9878f elementor-widget elementor-widget-image\" data-id=\"7e9878f\" data-element_type=\"widget\" data-widget_type=\"image.default\">\n\t\t\t\t<div class=\"elementor-widget-container\">\n\t\t\t\t\t\t\t\t\t\t\t\t\t<img decoding=\"async\" src=\"https:\/\/lumierediamonds.eu\/wp-content\/uploads\/elementor\/thumbs\/made-to-order-lab-grown-diamond-engagement-ring-rfpwtmmmgr171wwmzwllhnjdedpchc7lkr9htu3mok.png\" title=\"anillo de compromiso de diamantes cultivados en laboratorio\" alt=\"anillo de compromiso de diamantes cultivados en laboratorio\" loading=\"lazy\" \/>\t\t\t\t\t\t\t\t\t\t\t\t\t<\/div>\n\t\t\t\t<\/div>\n\t\t\t\t<div class=\"elementor-element elementor-element-0a377e6 elementor-widget elementor-widget-text-editor\" data-id=\"0a377e6\" data-element_type=\"widget\" data-widget_type=\"text-editor.default\">\n\t\t\t\t<div class=\"elementor-widget-container\">\n\t\t\t\t\t\t\t<p class=\"p1\">Nuestras creaciones son:<\/p><ul><li><p class=\"p1\"><span class=\"s1\"><b>Hecho a mano por encargo<\/b><\/span> por artesanos expertos<\/p><\/li><li><p class=\"p1\"><span class=\"s1\"><b>Personalizable<\/b><\/span> para los que buscan algo \u00fanico<\/p><\/li><li><p class=\"p1\"><span class=\"s1\"><b>Duradero y apto para el uso diario<\/b><\/span>, incluso en los d\u00edas m\u00e1s ajetreados<\/p><\/li><\/ul><p class=\"p1\">Desde el brillo de nuestros diamantes cultivados en laboratorio hasta el pulido de cada acabado, garantizamos la excelencia.<\/p>\t\t\t\t\t\t<\/div>\n\t\t\t\t<\/div>\n\t\t\t\t<div class=\"elementor-element elementor-element-a4ac27f elementor-widget elementor-widget-spacer\" data-id=\"a4ac27f\" data-element_type=\"widget\" data-widget_type=\"spacer.default\">\n\t\t\t\t<div class=\"elementor-widget-container\">\n\t\t\t\t\t<div class=\"elementor-spacer\">\n\t\t\t<div class=\"elementor-spacer-inner\"><\/div>\n\t\t<\/div>\n\t\t\t\t<\/div>\n\t\t\t\t<\/div>\n\t\t\t\t<div class=\"elementor-element elementor-element-d202e8d elementor-widget elementor-widget-text-editor\" data-id=\"d202e8d\" data-element_type=\"widget\" data-widget_type=\"text-editor.default\">\n\t\t\t\t<div class=\"elementor-widget-container\">\n\t\t\t\t\t\t\t<p class=\"p1\">Porque en Lumi\u00e8re no nos limitamos a crear joyas. Creamos piezas significativas que honran tu historia con elegancia, integridad y cuidado.<\/p>\t\t\t\t\t\t<\/div>\n\t\t\t\t<\/div>\n\t\t\t\t\t<\/div>\n\t\t\t\t<\/div>\n\t\t<div class=\"elementor-element elementor-element-1bd2667 e-flex e-con-boxed e-con e-parent\" data-id=\"1bd2667\" data-element_type=\"container\">\n\t\t\t\t\t<div class=\"e-con-inner\">\n\t\t\t\t<div class=\"elementor-element elementor-element-c63b328 elementor-align-center elementor-widget elementor-widget-button\" data-id=\"c63b328\" data-element_type=\"widget\" data-widget_type=\"button.default\">\n\t\t\t\t<div class=\"elementor-widget-container\">\n\t\t\t\t\t\t\t<div class=\"elementor-button-wrapper\">\n\t\t\t\t\t<a class=\"elementor-button elementor-button-link elementor-size-sm\" href=\"#\">\n\t\t\t\t\t\t<span class=\"elementor-button-content-wrapper\">\n\t\t\t\t\t\t\t\t\t<span class=\"elementor-button-text\">Explora nuestra colecci\u00f3n<\/span>\n\t\t\t\t\t<\/span>\n\t\t\t\t\t<\/a>\n\t\t\t\t<\/div>\n\t\t\t\t\t\t<\/div>\n\t\t\t\t<\/div>\n\t\t\t\t\t<\/div>\n\t\t\t\t<\/div>\n\t\t\t\t<\/div>","protected":false},"excerpt":{"rendered":"<p>SOBRE NOSOTROS Lumi\u00e8re naci\u00f3 de la pasi\u00f3n por celebrar la vida, en todas sus formas. Tanto si se trata de un hito con el que has estado so\u00f1ando, un momento tranquilo de amor propio, o simplemente un d\u00eda que quieres hacer sentir especial, creemos que la joyer\u00eda puede ser algo m\u00e1s que algo que te pones. Puede ser una pieza de tu [...]<\/p>","protected":false},"author":1,"featured_media":0,"parent":0,"menu_order":0,"comment_status":"closed","ping_status":"closed","template":"","meta":{"_acf_changed":false,"footnotes":""},"class_list":["post-2608","page","type-page","status-publish","hentry"],"acf":[],"jetpack_sharing_enabled":true,"_links":{"self":[{"href":"https:\/\/lumierediamonds.eu\/es\/wp-json\/wp\/v2\/pages\/2608","targetHints":{"allow":["GET"]}}],"collection":[{"href":"https:\/\/lumierediamonds.eu\/es\/wp-json\/wp\/v2\/pages"}],"about":[{"href":"https:\/\/lumierediamonds.eu\/es\/wp-json\/wp\/v2\/types\/page"}],"author":[{"embeddable":true,"href":"https:\/\/lumierediamonds.eu\/es\/wp-json\/wp\/v2\/users\/1"}],"replies":[{"embeddable":true,"href":"https:\/\/lumierediamonds.eu\/es\/wp-json\/wp\/v2\/comments?post=2608"}],"version-history":[{"count":25,"href":"https:\/\/lumierediamonds.eu\/es\/wp-json\/wp\/v2\/pages\/2608\/revisions"}],"predecessor-version":[{"id":14359,"href":"https:\/\/lumierediamonds.eu\/es\/wp-json\/wp\/v2\/pages\/2608\/revisions\/14359"}],"wp:attachment":[{"href":"https:\/\/lumierediamonds.eu\/es\/wp-json\/wp\/v2\/media?parent=2608"}],"curies":[{"name":"wp","href":"https:\/\/api.w.org\/{rel}","templated":true}]}}