{"id":2720,"date":"2024-08-06T16:43:42","date_gmt":"2024-08-06T14:43:42","guid":{"rendered":"https:\/\/lumierediamonds.eu\/?page_id=2720"},"modified":"2024-12-16T13:42:16","modified_gmt":"2024-12-16T12:42:16","slug":"politica-de-cookies","status":"publish","type":"page","link":"https:\/\/lumierediamonds.eu\/es\/politica-de-cookies\/","title":{"rendered":"Pol\u00edtica de cookies"},"content":{"rendered":"<div data-elementor-type=\"wp-page\" data-elementor-id=\"2720\" class=\"elementor elementor-2720\" data-elementor-post-type=\"page\">\n\t\t\t\t<div class=\"elementor-element elementor-element-784c4ded e-flex e-con-boxed e-con e-parent\" data-id=\"784c4ded\" data-element_type=\"container\">\n\t\t\t\t\t<div class=\"e-con-inner\">\n\t\t\t\t<div class=\"elementor-element elementor-element-7d98f43 elementor-widget elementor-widget-text-editor\" data-id=\"7d98f43\" data-element_type=\"widget\" data-widget_type=\"text-editor.default\">\n\t\t\t\t<div class=\"elementor-widget-container\">\n\t\t\t\t\t\t\t<h1>Pol\u00edtica de cookies<\/h1><p>\u00a0<\/p><p><strong>Introducci\u00f3n<\/strong><\/p><p class=\"p1\">En Lumi\u00e8re, operado por Nova Group Sp. z o.o., utilizamos cookies y tecnolog\u00edas similares para mejorar su experiencia en nuestro sitio web. Esta Pol\u00edtica de cookies explica qu\u00e9 son las cookies, c\u00f3mo las utilizamos y cu\u00e1les son sus derechos con respecto a su uso. Al continuar navegando por nuestro sitio web, usted acepta el uso de cookies tal y como se describe en esta pol\u00edtica, a menos que las desactive a trav\u00e9s de la configuraci\u00f3n de su navegador o de nuestra herramienta de gesti\u00f3n de cookies.<\/p><p>\u00a0<\/p><p><strong>\u00bfQu\u00e9 son las cookies?<\/strong><\/p><p class=\"p1\">Las cookies son peque\u00f1os archivos de texto que se almacenan en su dispositivo (ordenador, tableta o m\u00f3vil) cuando visita un sitio web. Ayudan a los sitios web a reconocer su dispositivo y a recordar cierta informaci\u00f3n, como sus preferencias o acciones anteriores. Las cookies se pueden clasificar seg\u00fan su origen, duraci\u00f3n y funci\u00f3n:<\/p><p class=\"p2\">1. <b>Cookies propias<\/b>: Establecido por el sitio web que est\u00e1 visitando.<\/p><p class=\"p2\">2. <b>Cookies de terceros<\/b>: Establecido por servicios externos o sitios web.<\/p><p class=\"p2\">3. <b>Cookies de sesi\u00f3n<\/b>: Cookies temporales que caducan cuando cierras el navegador.<\/p><p class=\"p2\">4. <b>Cookies persistentes<\/b>: Permanecer en su dispositivo durante un per\u00edodo determinado o hasta que se elimine.<\/p><p class=\"p2\">5. <b>Cookies esenciales<\/b>: Necesario para que el sitio web funcione correctamente.<\/p><p class=\"p2\">6. <b>Cookies no esenciales<\/b>: Se utiliza para an\u00e1lisis, publicidad y personalizaci\u00f3n.<\/p><p>\u00a0<\/p><p><strong>Tipos de cookies que utilizamos<\/strong><\/p><p>Utilizamos los siguientes tipos de cookies:<\/p><ul><li><p><strong>Cookies esenciales<\/strong>: Estas cookies son necesarias para que el sitio web funcione correctamente. Permiten funciones b\u00e1sicas como la navegaci\u00f3n por las p\u00e1ginas y el acceso a \u00e1reas seguras del sitio web. Sin estas cookies, el sitio web no puede funcionar correctamente.<\/p><\/li><li><p><strong>Cookies de rendimiento<\/strong>: Estas cookies recopilan informaci\u00f3n sobre c\u00f3mo utiliza nuestro sitio web, por ejemplo, qu\u00e9 p\u00e1ginas visita con m\u00e1s frecuencia y si recibe mensajes de error de las p\u00e1ginas web. Estas cookies no recopilan informaci\u00f3n que le identifique. Toda la informaci\u00f3n recopilada por estas cookies es agregada y, por lo tanto, an\u00f3nima. Solo se utiliza para mejorar el funcionamiento de nuestro sitio web.<\/p><\/li><li><p><strong>Cookies funcionales<\/strong>: Estas cookies permiten que nuestro sitio web recuerde las elecciones que usted realiza (como su nombre de usuario, idioma o la regi\u00f3n en la que se encuentra) y le ofrecen funciones mejoradas y m\u00e1s personalizadas. Estas cookies tambi\u00e9n se pueden utilizar para recordar los cambios que haya realizado en el tama\u00f1o del texto, las fuentes y otras partes de las p\u00e1ginas web que se pueden personalizar. Tambi\u00e9n se pueden utilizar para proporcionar servicios que usted haya solicitado, como ver un v\u00eddeo o comentar en un blog. La informaci\u00f3n que recopilan estas cookies puede ser an\u00f3nima y no pueden rastrear su actividad de navegaci\u00f3n en otros sitios web.<\/p><\/li><li><strong>Cookies de segmentaci\u00f3n\/publicidad:<\/strong> Estas cookies rastrean sus actividades de navegaci\u00f3n en diferentes sitios web para crear un perfil de sus intereses. Esta informaci\u00f3n se utiliza para ofrecerle anuncios personalizados que sean m\u00e1s relevantes para usted. Tambi\u00e9n nos ayudan a nosotros y a nuestros socios publicitarios a medir la eficacia de nuestras campa\u00f1as publicitarias. Puede gestionar o desactivar estas cookies a trav\u00e9s de la configuraci\u00f3n de su navegador o de nuestra herramienta de consentimiento de cookies.<\/li><\/ul><p>\u00a0<\/p><p class=\"p1\"><b>Cookies de terceros<\/b><\/p><p class=\"p1\">Utilizamos servicios de terceros de confianza que pueden colocar cookies en su dispositivo cuando interact\u00faa con nuestro sitio web. Entre ellos se incluyen:<\/p><p class=\"p2\">\u2022 <b>Google Analytics<\/b>: Realiza un seguimiento del uso del sitio web y genera informes.<\/p><p class=\"p2\">\u2022 <b>P\u00edxel de Facebook<\/b>: Ayuda con la publicidad dirigida.<\/p><p class=\"p2\">\u2022 <b>Proveedores de pagos<\/b>: Garantiza transacciones seguras durante el proceso de pago.<\/p><p class=\"p1\">Para obtener informaci\u00f3n sobre c\u00f3mo estos terceros utilizan sus datos, consulte sus pol\u00edticas de privacidad.<\/p><p>\u00a0<\/p><p class=\"p1\"><b>Gesti\u00f3n de tus preferencias de cookies<\/b><\/p><p class=\"p1\">Tienes derecho a controlar y gestionar el uso de cookies en nuestro sitio web. A continuaci\u00f3n te explicamos c\u00f3mo hacerlo:<\/p><p class=\"p3\"><b>1. Banner de consentimiento de cookies<\/b><\/p><p class=\"p1\">Cuando visite nuestro sitio web por primera vez, ver\u00e1 un banner de consentimiento de cookies que le permite:<\/p><p class=\"p4\">\u2022 Aceptar todas las cookies.<\/p><p class=\"p4\">\u2022 Rechazar las cookies no esenciales.<\/p><p class=\"p4\">\u2022 Personaliza tus preferencias de cookies por categor\u00eda.<\/p><p class=\"p1\">Puede cambiar sus preferencias en cualquier momento accediendo a la <b>Configuraci\u00f3n de cookies<\/b> enlace en el pie de p\u00e1gina de nuestro sitio web.<\/p><p class=\"p3\"><b>2. Configuraci\u00f3n del navegador<\/b><\/p><p class=\"p1\">Puede desactivar o eliminar las cookies a trav\u00e9s de la configuraci\u00f3n de su navegador. A continuaci\u00f3n, encontrar\u00e1 enlaces con instrucciones para los navegadores m\u00e1s populares:<\/p><p class=\"p4\">\u2022 <a href=\"https:\/\/support.google.com\/chrome\/answer\/95647\" target=\"_blank\" rel=\"noopener\">Google Chrome<\/a><\/p><p class=\"p4\">\u2022 <a href=\"https:\/\/support.mozilla.org\/en-US\/kb\/clear-cookies-and-site-data-firefox\" target=\"_blank\" rel=\"noopener\">Mozilla Firefox<\/a><\/p><p class=\"p4\">\u2022 <a href=\"https:\/\/support.apple.com\/en-us\/guide\/safari\/sfri11471\/mac\" target=\"_blank\" rel=\"noopener\">Safari<\/a><\/p><p class=\"p4\">\u2022 <a href=\"https:\/\/support.microsoft.com\/en-us\/microsoft-edge\/delete-cookies-in-microsoft-edge-63947406-40ac-c3b8-57b9-2a946a29ae09\" target=\"_blank\" rel=\"noopener\">Microsoft Edge<\/a><\/p><p class=\"p3\"><b>3. Herramientas para darse de baja<\/b><\/p><p class=\"p1\">Algunos servicios de terceros ofrecen herramientas de exclusi\u00f3n voluntaria para impedir la recopilaci\u00f3n de datos a trav\u00e9s de sus cookies:<\/p><p class=\"p4\">\u2022 <a href=\"https:\/\/tools.google.com\/dlpage\/gaoptout\" target=\"_blank\" rel=\"noopener\">Exclusi\u00f3n voluntaria de Google Analytics<\/a><\/p><p class=\"p4\">\u2022 <a href=\"https:\/\/www.facebook.com\/ads\/preferences\" target=\"_blank\" rel=\"noopener\">Preferencias de anuncios de Facebook<\/a><\/p><p>\u00a0<\/p><p class=\"p1\"><b>Sus derechos<\/b><\/p><p class=\"p1\">En virtud del RGPD, usted tiene derecho a:<\/p><p class=\"p2\">\u2022 <b>Mant\u00e9ngase informado<\/b> sobre las cookies que utilizamos.<\/p><p class=\"p2\">\u2022 <b>Retirar el consentimiento<\/b> a las cookies no esenciales en cualquier momento.<\/p><p class=\"p2\">\u2022 <b>Acceda a sus datos<\/b> recogidos a trav\u00e9s de cookies y solicitar su eliminaci\u00f3n o transferencia.<\/p><p class=\"p1\">Para ejercer estos derechos, p\u00f3ngase en contacto con nosotros en <a href=\"mailto:contact@lumierediamonds.eu\">contact@lumierediamonds.eu<\/a>.<\/p><p>\u00a0<\/p><p class=\"p1\"><b>Datos recopilados a trav\u00e9s de cookies<\/b><\/p><p class=\"p1\">Los datos recopilados a trav\u00e9s de las cookies pueden incluir:<\/p><p class=\"p2\">\u2022 Tu direcci\u00f3n IP.<\/p><p class=\"p2\">\u2022 Tipo y versi\u00f3n del navegador.<\/p><p class=\"p2\">\u2022 Tipo de dispositivo (por ejemplo, m\u00f3vil o de escritorio).<\/p><p class=\"p2\">\u2022 P\u00e1ginas visitadas y tiempo dedicado al sitio.<\/p><p class=\"p2\">\u2022 Fuentes de referencia (por ejemplo, qu\u00e9 sitio web le ha llevado al nuestro).<\/p><p class=\"p1\">Estos datos se utilizan con fines anal\u00edticos, para mejorar la experiencia del usuario y con fines de marketing.<\/p><p>\u00a0<\/p><p class=\"p1\"><b>Retenci\u00f3n de cookies<\/b><\/p><p class=\"p1\">El tiempo que las cookies permanecen en tu dispositivo depende de su tipo:<\/p><p class=\"p2\">\u2022 <b>Cookies de sesi\u00f3n<\/b>: Caduca al cerrar el navegador.<\/p><p class=\"p2\">\u2022 <b>Cookies persistentes<\/b>: Permanecer\u00e1 en su dispositivo hasta 12 meses, a menos que se elimine manualmente.<\/p><p class=\"p1\">Los per\u00edodos de retenci\u00f3n espec\u00edficos para las cookies se describen en nuestro <b>Configuraci\u00f3n de cookies<\/b> secci\u00f3n.<\/p><p>\u00a0<\/p><p class=\"p1\"><b>Actualizaciones de esta pol\u00edtica<\/b><\/p><p class=\"p1\">Podemos actualizar esta Pol\u00edtica de cookies peri\u00f3dicamente para reflejar cambios en los requisitos legales o en nuestras pr\u00e1cticas en materia de cookies. Cualquier actualizaci\u00f3n significativa se comunicar\u00e1 a trav\u00e9s de nuestro sitio web.<\/p><p>\u00a0<\/p><p class=\"p1\"><b>Cont\u00e1ctenos<\/b><\/p><p class=\"p1\">Si tiene alguna pregunta sobre esta Pol\u00edtica de cookies o desea gestionar sus datos, p\u00f3ngase en contacto con nosotros en:<\/p><p class=\"p1\">Correo electr\u00f3nico: <a href=\"mailto:contact@lumierediamonds.eu\">contact@lumierediamonds.eu<\/a><\/p><p class=\"p1\">Correo postal: Nova Group Sp. z o.o., \u017burawia 6\/12 lok. 745, 00-503 Varsovia, Polonia<\/p>\t\t\t\t\t\t<\/div>\n\t\t\t\t<\/div>\n\t\t\t\t\t<\/div>\n\t\t\t\t<\/div>\n\t\t\t\t<\/div>","protected":false},"excerpt":{"rendered":"<p>Pol\u00edtica de Cookies Introducci\u00f3n En Lumi\u00e8re, operado por Nova Group Sp. z o.o., utilizamos cookies y tecnolog\u00edas similares para mejorar su experiencia en nuestro sitio web. Esta Pol\u00edtica de Cookies explica qu\u00e9 son las cookies, c\u00f3mo las utilizamos y sus derechos en relaci\u00f3n con su uso. Al continuar navegando por nuestro sitio web, usted acepta el uso de [...]<\/p>","protected":false},"author":1,"featured_media":0,"parent":0,"menu_order":0,"comment_status":"closed","ping_status":"closed","template":"","meta":{"_acf_changed":false,"footnotes":""},"class_list":["post-2720","page","type-page","status-publish","hentry"],"acf":[],"jetpack_sharing_enabled":true,"_links":{"self":[{"href":"https:\/\/lumierediamonds.eu\/es\/wp-json\/wp\/v2\/pages\/2720","targetHints":{"allow":["GET"]}}],"collection":[{"href":"https:\/\/lumierediamonds.eu\/es\/wp-json\/wp\/v2\/pages"}],"about":[{"href":"https:\/\/lumierediamonds.eu\/es\/wp-json\/wp\/v2\/types\/page"}],"author":[{"embeddable":true,"href":"https:\/\/lumierediamonds.eu\/es\/wp-json\/wp\/v2\/users\/1"}],"replies":[{"embeddable":true,"href":"https:\/\/lumierediamonds.eu\/es\/wp-json\/wp\/v2\/comments?post=2720"}],"version-history":[{"count":7,"href":"https:\/\/lumierediamonds.eu\/es\/wp-json\/wp\/v2\/pages\/2720\/revisions"}],"predecessor-version":[{"id":6763,"href":"https:\/\/lumierediamonds.eu\/es\/wp-json\/wp\/v2\/pages\/2720\/revisions\/6763"}],"wp:attachment":[{"href":"https:\/\/lumierediamonds.eu\/es\/wp-json\/wp\/v2\/media?parent=2720"}],"curies":[{"name":"wp","href":"https:\/\/api.w.org\/{rel}","templated":true}]}}