{"id":6768,"date":"2024-12-16T14:35:38","date_gmt":"2024-12-16T13:35:38","guid":{"rendered":"https:\/\/lumierediamonds.eu\/?page_id=6768"},"modified":"2024-12-20T12:32:39","modified_gmt":"2024-12-20T11:32:39","slug":"politica-de-envio-y-entrega","status":"publish","type":"page","link":"https:\/\/lumierediamonds.eu\/es\/politica-de-envio-y-entrega\/","title":{"rendered":"Pol\u00edtica de env\u00edos y entregas"},"content":{"rendered":"<div data-elementor-type=\"wp-page\" data-elementor-id=\"6768\" class=\"elementor elementor-6768\" data-elementor-post-type=\"page\">\n\t\t\t\t<div class=\"elementor-element elementor-element-19742b5f e-flex e-con-boxed e-con e-parent\" data-id=\"19742b5f\" data-element_type=\"container\">\n\t\t\t\t\t<div class=\"e-con-inner\">\n\t\t\t\t<div class=\"elementor-element elementor-element-51db09a5 elementor-widget elementor-widget-text-editor\" data-id=\"51db09a5\" data-element_type=\"widget\" data-widget_type=\"text-editor.default\">\n\t\t\t\t<div class=\"elementor-widget-container\">\n\t\t\t\t\t\t\t<h1>Pol\u00edtica de env\u00edos y entregas<\/h1><p>\u00a0<\/p><p><strong>Introducci\u00f3n<\/strong><\/p><p class=\"p1\">En Lumi\u00e8re, nos comprometemos a garantizar que su experiencia de compra sea fluida y agradable. Esta Pol\u00edtica de env\u00edo y entrega describe todo lo que necesita saber sobre c\u00f3mo entregamos sus pedidos, incluidos los costes, los plazos y otros detalles importantes.<\/p><p>\u00a0<\/p><p class=\"p1\"><b>Destinos de env\u00edo<\/b><\/p><p class=\"p1\">Actualmente realizamos env\u00edos a todos los pa\u00edses dentro de la <b>Uni\u00f3n Europea (UE)<\/b>.<\/p><p class=\"p1\">Lamentablemente, en este momento no podemos procesar pedidos para env\u00edos fuera de la UE.<\/p><p>\u00a0<\/p><p>\u00a0<\/p><p class=\"p1\"><b>Gastos de env\u00edo<\/b><\/p><p class=\"p1\">Ofrecemos <b>env\u00edo gratuito<\/b> en todos los pedidos a pa\u00edses de la UE, sin importe m\u00ednimo de pedido.<\/p><p class=\"p1\">No hay gastos adicionales por el env\u00edo est\u00e1ndar, independientemente del tama\u00f1o del pedido o del destino dentro de la UE.<\/p><p>\u00a0<\/p><p class=\"p1\"><b>Plazos de entrega<\/b><\/p><p class=\"p1\">Nos esforzamos por garantizar que su pedido le llegue lo antes posible. A continuaci\u00f3n se indican los plazos de entrega estimados:<\/p><p class=\"p1\"><strong>Uni\u00f3n Europea:<\/strong> 3-7 d\u00edas h\u00e1biles<\/p><p class=\"p1\"><b>Tiempos de procesamiento<\/b><\/p><p class=\"p2\">\u2022 Los pedidos se procesan en un plazo de <b>1-2 d\u00edas h\u00e1biles<\/b> una vez confirmado el pago.<\/p><p class=\"p2\">\u2022 Los pedidos realizados durante los fines de semana o d\u00edas festivos se procesar\u00e1n el siguiente d\u00eda h\u00e1bil.<\/p><p class=\"p4\">Nota: Los plazos de entrega son estimados y pueden variar debido a factores ajenos a nuestro control, como retrasos en la aduana o interrupciones en el servicio de mensajer\u00eda.<\/p><p>\u00a0<\/p><p class=\"p1\"><b>Seguimiento de pedidos<\/b><\/p><p class=\"p1\">Una vez que se haya enviado su pedido, recibir\u00e1 un <b>Correo electr\u00f3nico de confirmaci\u00f3n de env\u00edo<\/b> con un n\u00famero de seguimiento. Puede utilizar este n\u00famero de seguimiento para supervisar el progreso de su env\u00edo a trav\u00e9s del sitio web del servicio de mensajer\u00eda.<\/p><p class=\"p1\">Si tiene alg\u00fan problema con el seguimiento, p\u00f3ngase en contacto con nosotros en <a href=\"mailto:contact@lumierediamonds.eu\">contact@lumierediamonds.eu<\/a>, y estaremos encantados de ayudarle.<\/p><p>\u00a0<\/p><p class=\"p1\"><b>Condiciones de entrega<\/b><\/p><p class=\"p1\"><b>Entrega satisfactoria<\/b><\/p><p class=\"p2\">\u2022 Las entregas se realizan en la direcci\u00f3n proporcionada durante el proceso de pago.<\/p><p class=\"p2\">\u2022 Es responsabilidad del cliente asegurarse de que la direcci\u00f3n de env\u00edo sea correcta y accesible.<\/p><p class=\"p1\"><b>Intentos de entrega fallidos<\/b><\/p><p class=\"p2\">\u2022 Si el mensajero no puede entregar su pedido (por ejemplo, debido a una direcci\u00f3n incorrecta o a la imposibilidad de acceder a la propiedad), puede dejar una notificaci\u00f3n o intentar volver a entregarlo.<\/p><p class=\"p1\"><b>Paquetes perdidos o da\u00f1ados<\/b><\/p><p class=\"p2\">\u2022 Si su pedido se pierde o se da\u00f1a durante el transporte, por favor notif\u00edquenoslo inmediatamente a <a href=\"mailto:contact@lumierediamonds.eu\">contact@lumierediamonds.eu<\/a>.<\/p><p class=\"p2\">\u2022 Trabajaremos con el servicio de mensajer\u00eda para resolver el problema y, si es necesario, organizaremos un reemplazo o un reembolso.<\/p><p>\u00a0<\/p><p class=\"p1\"><b>Aduanas e impuestos<\/b><\/p><p class=\"p1\">Dado que todos los pedidos se env\u00edan dentro de la UE, no se aplican aranceles aduaneros ni impuestos adicionales a su compra.<\/p><p class=\"p1\">Si te encuentras en un pa\u00eds de la UE en el que se aplican derechos de importaci\u00f3n en circunstancias especiales (por ejemplo, en determinados territorios), ser\u00e1s responsable de cubrir dichos costes.<\/p><p>\u00a0<\/p><p class=\"p1\"><b>Cambios en la informaci\u00f3n de env\u00edo<\/b><\/p><p class=\"p1\">Si necesita actualizar su direcci\u00f3n de env\u00edo o cualquier otro dato, p\u00f3ngase en contacto con nosotros inmediatamente en <a href=\"mailto:contact@lumierediamonds.eu\">contact@lumierediamonds.eu<\/a>.<\/p><p class=\"p1\">Los cambios solo se pueden realizar antes de que se env\u00ede el pedido. Una vez que se env\u00eda un pedido, no podemos modificar los detalles de entrega.<\/p><p>\u00a0<\/p><p class=\"p1\">\u00a0<\/p><p class=\"p1\"><b>Retrasos en las entregas<\/b><\/p><p class=\"p1\">Aunque nuestro objetivo es entregar su pedido dentro de los plazos estimados, en ocasiones pueden producirse retrasos debido a factores que escapan a nuestro control, entre los que se incluyen:<\/p><p class=\"p2\">\u2022 Condiciones meteorol\u00f3gicas adversas.<\/p><p class=\"p2\">\u2022 Problemas con el despacho de aduanas.<\/p><p class=\"p2\">\u2022 Interrupciones en el servicio de mensajer\u00eda.<\/p><p class=\"p1\">Si su entrega se retrasa, haremos todo lo posible por mantenerle informado y ayudarle a realizar el seguimiento de su paquete.<\/p><p>\u00a0<\/p><p class=\"p1\"><b>Paquetes no reclamados<\/b><\/p><p class=\"p1\">Si un paquete nos es devuelto porque no ha sido reclamado o porque la direcci\u00f3n de entrega era incorrecta, nos pondremos en contacto con usted para organizar una nueva entrega. Los gastos de env\u00edo adicionales correr\u00e1n a cargo del cliente.<\/p><p>\u00a0<\/p><p class=\"p1\"><b>Cancelaci\u00f3n de pedidos<\/b><\/p><p class=\"p1\">Si desea cancelar su pedido, p\u00f3ngase en contacto con nosotros inmediatamente en <a href=\"mailto:contact@lumierediamonds.eu\">contact@lumierediamonds.eu<\/a>.<\/p><p class=\"p2\">\u2022 Los pedidos solo se pueden cancelar antes de que se env\u00eden.<\/p><p class=\"p2\">\u2022 Si el pedido ya ha sido enviado, es posible que tengas que seguir nuestras <a href=\"\/es\/returns-refunds-policy\/\">Pol\u00edtica de devoluciones y reembolsos<\/a> devolver el producto una vez que se haya entregado.<\/p><p>\u00a0<\/p><p class=\"p1\"><b>Cont\u00e1ctenos<\/b><\/p><p class=\"p1\">Si tiene alguna pregunta o duda sobre nuestra Pol\u00edtica de env\u00edos y entregas, no dude en ponerse en contacto con nosotros visitando <a href=\"\/es\/contactenos\/\">nuestra p\u00e1gina de contacto<\/a>.<\/p>\t\t\t\t\t\t<\/div>\n\t\t\t\t<\/div>\n\t\t\t\t\t<\/div>\n\t\t\t\t<\/div>\n\t\t\t\t<\/div>","protected":false},"excerpt":{"rendered":"<p>Pol\u00edtica de env\u00edo y entrega Introducci\u00f3n En Lumi\u00e8re, nos comprometemos a garantizar que su experiencia de compra sea fluida y agradable. Esta Pol\u00edtica de Env\u00edo y Entrega describe todo lo que necesita saber sobre c\u00f3mo entregamos sus pedidos, incluyendo costes, plazos y otros detalles importantes.   Destinos de env\u00edo Actualmente realizamos env\u00edos a todos los pa\u00edses [...]<\/p>","protected":false},"author":1,"featured_media":0,"parent":0,"menu_order":0,"comment_status":"closed","ping_status":"closed","template":"","meta":{"_acf_changed":false,"footnotes":""},"class_list":["post-6768","page","type-page","status-publish","hentry"],"acf":[],"jetpack_sharing_enabled":true,"_links":{"self":[{"href":"https:\/\/lumierediamonds.eu\/es\/wp-json\/wp\/v2\/pages\/6768","targetHints":{"allow":["GET"]}}],"collection":[{"href":"https:\/\/lumierediamonds.eu\/es\/wp-json\/wp\/v2\/pages"}],"about":[{"href":"https:\/\/lumierediamonds.eu\/es\/wp-json\/wp\/v2\/types\/page"}],"author":[{"embeddable":true,"href":"https:\/\/lumierediamonds.eu\/es\/wp-json\/wp\/v2\/users\/1"}],"replies":[{"embeddable":true,"href":"https:\/\/lumierediamonds.eu\/es\/wp-json\/wp\/v2\/comments?post=6768"}],"version-history":[{"count":5,"href":"https:\/\/lumierediamonds.eu\/es\/wp-json\/wp\/v2\/pages\/6768\/revisions"}],"predecessor-version":[{"id":7799,"href":"https:\/\/lumierediamonds.eu\/es\/wp-json\/wp\/v2\/pages\/6768\/revisions\/7799"}],"wp:attachment":[{"href":"https:\/\/lumierediamonds.eu\/es\/wp-json\/wp\/v2\/media?parent=6768"}],"curies":[{"name":"wp","href":"https:\/\/api.w.org\/{rel}","templated":true}]}}