{"id":10642,"date":"2025-09-30T01:07:33","date_gmt":"2025-09-29T23:07:33","guid":{"rendered":"https:\/\/lumierediamonds.eu\/product\/toi-et-moi-pear-emerald-diamond-ring\/"},"modified":"2025-12-16T20:45:01","modified_gmt":"2025-12-16T19:45:01","slug":"anillo-de-diamantes-esmeralda-y-pera-toi-et-moi","status":"publish","type":"product","link":"https:\/\/lumierediamonds.eu\/es\/product\/anillo-de-diamantes-esmeralda-y-pera-toi-et-moi\/","title":{"rendered":"Anillo de diamantes con pera y esmeralda Toi et Moi"},"content":{"rendered":"<p class=\"p1\">El anillo Toi et Moi Pear &amp; Emerald Diamond Ring, s\u00edmbolo eterno de conexi\u00f3n, une dos cortes distintos en un dise\u00f1o impresionante. Con un diamante de 1,18 quilates con corte en forma de pera y otro de 2,25 quilates con corte esmeralda, ambos cultivados en laboratorio y engastados en oro blanco pulido de 18 quilates, esta moderna joya es una celebraci\u00f3n de la dualidad, la unidad y el amor. Fabricada en oro de 18 quilates certificado por la LBMA y con un acabado de precisi\u00f3n, esta pieza llamativa es ideal para compromisos, aniversarios o para conmemorar los momentos significativos de la vida.<\/p>","protected":false},"excerpt":{"rendered":"<p>S\u00edmbolo eterno de conexi\u00f3n, el anillo de diamantes Toi et Moi Pear &amp; Emerald une dos tallas distintas en un dise\u00f1o impresionante. Con un diamante talla pera de 1,18 ct. y un diamante cultivado en laboratorio talla esmeralda de 2,25 ct., engastados en oro blanco pulido de 18k, esta reliquia moderna es una celebraci\u00f3n de la dualidad, la unidad y el amor.<\/p>","protected":false},"featured_media":11052,"template":"","meta":{"_acf_changed":false},"product_brand":[],"product_cat":[552,52,898],"product_tag":[680,1016,1014,679,1013,1012,1018,1011,1017,1015],"class_list":{"0":"post-10642","1":"product","2":"type-product","3":"status-publish","4":"has-post-thumbnail","6":"product_cat-diamond-essentials","7":"product_cat-rings","8":"product_cat-statement-rings","9":"product_tag-18k-gold-ring","10":"product_tag-contemporary-fine-jewelry","11":"product_tag-dual-stone-ring","12":"product_tag-lab-grown-diamond-ring-2","13":"product_tag-modern-engagement-ring","14":"product_tag-pear-and-emerald-diamond-ring","15":"product_tag-symbolic-diamond-ring","16":"product_tag-toi-et-moi-ring","17":"product_tag-two-stone-ring","18":"product_tag-white-gold-diamond-ring","19":"pa_metal-white-gold","21":"first","22":"instock","23":"taxable","24":"shipping-taxable","25":"purchasable","26":"product-type-simple"},"acf":[],"jetpack_sharing_enabled":true,"_links":{"self":[{"href":"https:\/\/lumierediamonds.eu\/es\/wp-json\/wp\/v2\/product\/10642","targetHints":{"allow":["GET"]}}],"collection":[{"href":"https:\/\/lumierediamonds.eu\/es\/wp-json\/wp\/v2\/product"}],"about":[{"href":"https:\/\/lumierediamonds.eu\/es\/wp-json\/wp\/v2\/types\/product"}],"version-history":[{"count":4,"href":"https:\/\/lumierediamonds.eu\/es\/wp-json\/wp\/v2\/product\/10642\/revisions"}],"predecessor-version":[{"id":14412,"href":"https:\/\/lumierediamonds.eu\/es\/wp-json\/wp\/v2\/product\/10642\/revisions\/14412"}],"wp:featuredmedia":[{"embeddable":true,"href":"https:\/\/lumierediamonds.eu\/es\/wp-json\/wp\/v2\/media\/11052"}],"wp:attachment":[{"href":"https:\/\/lumierediamonds.eu\/es\/wp-json\/wp\/v2\/media?parent=10642"}],"wp:term":[{"taxonomy":"product_brand","embeddable":true,"href":"https:\/\/lumierediamonds.eu\/es\/wp-json\/wp\/v2\/product_brand?post=10642"},{"taxonomy":"product_cat","embeddable":true,"href":"https:\/\/lumierediamonds.eu\/es\/wp-json\/wp\/v2\/product_cat?post=10642"},{"taxonomy":"product_tag","embeddable":true,"href":"https:\/\/lumierediamonds.eu\/es\/wp-json\/wp\/v2\/product_tag?post=10642"}],"curies":[{"name":"wp","href":"https:\/\/api.w.org\/{rel}","templated":true}]}}