{"id":10656,"date":"2025-09-30T01:07:39","date_gmt":"2025-09-29T23:07:39","guid":{"rendered":"https:\/\/lumierediamonds.eu\/?post_type=product&#038;p=10656"},"modified":"2025-11-23T21:04:39","modified_gmt":"2025-11-23T20:04:39","slug":"alianza-de-boda-para-hombre-con-incrustaciones-cepilladas-bruno","status":"publish","type":"product","link":"https:\/\/lumierediamonds.eu\/es\/product\/alianza-de-boda-para-hombre-con-incrustaciones-cepilladas-bruno\/","title":{"rendered":"Alianza de boda para hombre con incrustaciones cepilladas Bruno"},"content":{"rendered":"<p class=\"p1\">Con su perfil pulido y su incrustaci\u00f3n satinada, la alianza Bruno Brushed Inlay a\u00f1ade un sutil toque de contraste a una silueta atemporal. Dise\u00f1ada con un interior c\u00f3modo y bordes curvos, ofrece una comodidad duradera para el uso diario. Elija entre oro amarillo, blanco o rosa de 18 quilates en anchos que van de 4 mm a 6 mm para adaptarse a su estilo personal. Una declaraci\u00f3n minimalista de compromiso refinado.<\/p>","protected":false},"excerpt":{"rendered":"<p class=\"p1\">Con su perfil pulido y su incrustaci\u00f3n satinada, la alianza de boda Bruno con incrustaci\u00f3n cepillada a\u00f1ade un sutil toque de contraste a una silueta atemporal. Fabricada en oro amarillo, blanco o rosa de 18 quilates y disponible en anchos de 4 a 6 mm, es una opci\u00f3n vers\u00e1til y elegante para el d\u00eda a d\u00eda o para un d\u00eda especial.<\/p>","protected":false},"featured_media":11228,"template":"","meta":{"_acf_changed":false},"product_brand":[],"product_cat":[553,525,52,57],"product_tag":[1044,1074,1077,699,384,1075,278,696,1076],"class_list":{"0":"post-10656","1":"product","2":"type-product","3":"status-publish","4":"has-post-thumbnail","6":"product_cat-mens-jewelry","7":"product_cat-mens-wedding-bands","8":"product_cat-rings","9":"product_cat-wedding-bands","10":"product_tag-18k-gold-wedding-ring","11":"product_tag-brushed-gold-band","12":"product_tag-comfort-fit-wedding-ring","13":"product_tag-everyday-ring","14":"product_tag-gold-wedding-band","15":"product_tag-mens-wedding-band","16":"product_tag-mens-wedding-ring","17":"product_tag-minimalist-gold-ring","18":"product_tag-satin-finish-band","19":"pa_metal-rose-gold","20":"pa_metal-white-gold","21":"pa_metal-yellow-gold","23":"first","24":"instock","25":"taxable","26":"shipping-taxable","27":"purchasable","28":"product-type-variable"},"acf":[],"jetpack_sharing_enabled":true,"_links":{"self":[{"href":"https:\/\/lumierediamonds.eu\/es\/wp-json\/wp\/v2\/product\/10656","targetHints":{"allow":["GET"]}}],"collection":[{"href":"https:\/\/lumierediamonds.eu\/es\/wp-json\/wp\/v2\/product"}],"about":[{"href":"https:\/\/lumierediamonds.eu\/es\/wp-json\/wp\/v2\/types\/product"}],"version-history":[{"count":4,"href":"https:\/\/lumierediamonds.eu\/es\/wp-json\/wp\/v2\/product\/10656\/revisions"}],"predecessor-version":[{"id":11329,"href":"https:\/\/lumierediamonds.eu\/es\/wp-json\/wp\/v2\/product\/10656\/revisions\/11329"}],"wp:featuredmedia":[{"embeddable":true,"href":"https:\/\/lumierediamonds.eu\/es\/wp-json\/wp\/v2\/media\/11228"}],"wp:attachment":[{"href":"https:\/\/lumierediamonds.eu\/es\/wp-json\/wp\/v2\/media?parent=10656"}],"wp:term":[{"taxonomy":"product_brand","embeddable":true,"href":"https:\/\/lumierediamonds.eu\/es\/wp-json\/wp\/v2\/product_brand?post=10656"},{"taxonomy":"product_cat","embeddable":true,"href":"https:\/\/lumierediamonds.eu\/es\/wp-json\/wp\/v2\/product_cat?post=10656"},{"taxonomy":"product_tag","embeddable":true,"href":"https:\/\/lumierediamonds.eu\/es\/wp-json\/wp\/v2\/product_tag?post=10656"}],"curies":[{"name":"wp","href":"https:\/\/api.w.org\/{rel}","templated":true}]}}