{"id":10683,"date":"2025-09-30T01:07:43","date_gmt":"2025-09-29T23:07:43","guid":{"rendered":"https:\/\/lumierediamonds.eu\/product\/trio-diamond-mens-band\/"},"modified":"2025-11-23T21:07:07","modified_gmt":"2025-11-23T20:07:07","slug":"anillo-de-diamantes-para-hombre-trio","status":"publish","type":"product","link":"https:\/\/lumierediamonds.eu\/es\/product\/anillo-de-diamantes-para-hombre-trio\/","title":{"rendered":"Anillo para hombre Trio Diamond"},"content":{"rendered":"<p class=\"p1\">Un refinado tr\u00edo de diamantes redondos brillantes corona el centro de esta moderna alianza para hombre. Elaborada en oro amarillo, blanco o rosa de 18 quilates, a elegir, el dise\u00f1o combina la masculinidad atemporal con un toque de sutil brillo, perfecto para aquellos que prefieren la sofisticaci\u00f3n discreta. Cada anillo de 3,8 mm est\u00e1 elaborado con un interior c\u00f3modo y luce diamantes cultivados en laboratorio en un engaste pav\u00e9 para un brillo continuo y un lujo consciente.<\/p>","protected":false},"excerpt":{"rendered":"<p class=\"p1\">Un refinado tr\u00edo de diamantes brillantes redondos se asienta en el coraz\u00f3n de este moderno anillo para hombre. Elaborado en oro amarillo, blanco o rosa de 18k, el dise\u00f1o equilibra la masculinidad atemporal con un toque de brillo sutil, perfecto para quienes prefieren la sofisticaci\u00f3n discreta.<\/p>","protected":false},"featured_media":11131,"template":"","meta":{"_acf_changed":false},"product_brand":[],"product_cat":[553,525,57],"product_tag":[680,1071,638,679,1043,1072,1045,1073,475,1070],"class_list":{"0":"post-10683","1":"product","2":"type-product","3":"status-publish","4":"has-post-thumbnail","6":"product_cat-mens-jewelry","7":"product_cat-mens-wedding-bands","8":"product_cat-wedding-bands","9":"product_tag-18k-gold-ring","10":"product_tag-comfort-fit-band","11":"product_tag-fine-jewelry","12":"product_tag-lab-grown-diamond-ring-2","13":"product_tag-mens-diamond-wedding-band","14":"product_tag-modern-mens-ring","15":"product_tag-pave-wedding-band","16":"product_tag-sustainable-gold","17":"product_tag-trio-diamond-band","18":"product_tag-understated-wedding-ring","19":"pa_metal-rose-gold","20":"pa_metal-white-gold","21":"pa_metal-yellow-gold","23":"first","24":"instock","25":"taxable","26":"shipping-taxable","27":"purchasable","28":"product-type-variable"},"acf":[],"jetpack_sharing_enabled":true,"_links":{"self":[{"href":"https:\/\/lumierediamonds.eu\/es\/wp-json\/wp\/v2\/product\/10683","targetHints":{"allow":["GET"]}}],"collection":[{"href":"https:\/\/lumierediamonds.eu\/es\/wp-json\/wp\/v2\/product"}],"about":[{"href":"https:\/\/lumierediamonds.eu\/es\/wp-json\/wp\/v2\/types\/product"}],"version-history":[{"count":4,"href":"https:\/\/lumierediamonds.eu\/es\/wp-json\/wp\/v2\/product\/10683\/revisions"}],"predecessor-version":[{"id":11338,"href":"https:\/\/lumierediamonds.eu\/es\/wp-json\/wp\/v2\/product\/10683\/revisions\/11338"}],"wp:featuredmedia":[{"embeddable":true,"href":"https:\/\/lumierediamonds.eu\/es\/wp-json\/wp\/v2\/media\/11131"}],"wp:attachment":[{"href":"https:\/\/lumierediamonds.eu\/es\/wp-json\/wp\/v2\/media?parent=10683"}],"wp:term":[{"taxonomy":"product_brand","embeddable":true,"href":"https:\/\/lumierediamonds.eu\/es\/wp-json\/wp\/v2\/product_brand?post=10683"},{"taxonomy":"product_cat","embeddable":true,"href":"https:\/\/lumierediamonds.eu\/es\/wp-json\/wp\/v2\/product_cat?post=10683"},{"taxonomy":"product_tag","embeddable":true,"href":"https:\/\/lumierediamonds.eu\/es\/wp-json\/wp\/v2\/product_tag?post=10683"}],"curies":[{"name":"wp","href":"https:\/\/api.w.org\/{rel}","templated":true}]}}