{"id":13324,"date":"2025-11-20T11:25:29","date_gmt":"2025-11-20T10:25:29","guid":{"rendered":"https:\/\/lumierediamonds.eu\/?post_type=product&#038;p=13324"},"modified":"2025-11-20T19:48:09","modified_gmt":"2025-11-20T18:48:09","slug":"collar-con-diamantes-graduados-solstice","status":"publish","type":"product","link":"https:\/\/lumierediamonds.eu\/es\/product\/collar-con-diamantes-graduados-solstice\/","title":{"rendered":"Collar con diamantes graduados Solstice"},"content":{"rendered":"<p>El collar Solstice Graduated Diamond, una sinfon\u00eda de brillo, cuenta con diamantes cultivados en laboratorio seleccionados a mano en una elegante silueta graduada. Engastados en oro amarillo o blanco de 18 quilates certificado por la LBMA, cada diamante redondo brillante se combina por su color, claridad y proporci\u00f3n, fluyendo a la perfecci\u00f3n entre s\u00ed para crear un armonioso despliegue de fuego y luz. Asegurado con un cierre de caja y dise\u00f1ado para ofrecer comodidad e impacto, este collar de estilo eterno es una joya que se convertir\u00e1 en una reliquia familiar: atemporal, llamativo y sostenible.<\/p>","protected":false},"excerpt":{"rendered":"<p>El collar Solstice Graduated Diamond, una sinfon\u00eda de brillantez, cuenta con diamantes cultivados en laboratorio seleccionados a mano en una elegante silueta graduada. Elaborado en oro de 18 quilates, ofrece un impacto luminoso en proporciones elegantes, perfecto para momentos de celebraci\u00f3n o para lucirlo a diario.<\/p>","protected":false},"featured_media":11900,"template":"","meta":{"_acf_changed":false},"product_brand":[],"product_cat":[552,1163,53],"product_tag":[635,1165,638,1164,386,390,1103],"class_list":{"0":"post-13324","1":"product","2":"type-product","3":"status-publish","4":"has-post-thumbnail","6":"product_cat-diamond-essentials","7":"product_cat-diamond-necklaces","8":"product_cat-necklaces-pendants","9":"product_tag-18k-gold-necklace","10":"product_tag-eternity-diamond-necklace","11":"product_tag-fine-jewelry","12":"product_tag-graduated-diamond-necklace","13":"product_tag-lab-grown-diamond-necklace","14":"product_tag-statement-necklace","15":"product_tag-sustainable-luxury","16":"pa_metal-white-gold","17":"pa_metal-yellow-gold","19":"first","20":"instock","21":"featured","22":"taxable","23":"shipping-taxable","24":"purchasable","25":"product-type-variable"},"acf":[],"jetpack_sharing_enabled":true,"_links":{"self":[{"href":"https:\/\/lumierediamonds.eu\/es\/wp-json\/wp\/v2\/product\/13324","targetHints":{"allow":["GET"]}}],"collection":[{"href":"https:\/\/lumierediamonds.eu\/es\/wp-json\/wp\/v2\/product"}],"about":[{"href":"https:\/\/lumierediamonds.eu\/es\/wp-json\/wp\/v2\/types\/product"}],"version-history":[{"count":2,"href":"https:\/\/lumierediamonds.eu\/es\/wp-json\/wp\/v2\/product\/13324\/revisions"}],"predecessor-version":[{"id":13341,"href":"https:\/\/lumierediamonds.eu\/es\/wp-json\/wp\/v2\/product\/13324\/revisions\/13341"}],"wp:featuredmedia":[{"embeddable":true,"href":"https:\/\/lumierediamonds.eu\/es\/wp-json\/wp\/v2\/media\/11900"}],"wp:attachment":[{"href":"https:\/\/lumierediamonds.eu\/es\/wp-json\/wp\/v2\/media?parent=13324"}],"wp:term":[{"taxonomy":"product_brand","embeddable":true,"href":"https:\/\/lumierediamonds.eu\/es\/wp-json\/wp\/v2\/product_brand?post=13324"},{"taxonomy":"product_cat","embeddable":true,"href":"https:\/\/lumierediamonds.eu\/es\/wp-json\/wp\/v2\/product_cat?post=13324"},{"taxonomy":"product_tag","embeddable":true,"href":"https:\/\/lumierediamonds.eu\/es\/wp-json\/wp\/v2\/product_tag?post=13324"}],"curies":[{"name":"wp","href":"https:\/\/api.w.org\/{rel}","templated":true}]}}