{"id":13392,"date":"2025-11-21T02:23:02","date_gmt":"2025-11-21T01:23:02","guid":{"rendered":"https:\/\/lumierediamonds.eu\/?post_type=product&#038;p=13392"},"modified":"2025-11-26T17:35:05","modified_gmt":"2025-11-26T16:35:05","slug":"pendientes-de-diamantes-con-bisel-claro","status":"publish","type":"product","link":"https:\/\/lumierediamonds.eu\/es\/product\/pendientes-de-diamantes-con-bisel-claro\/","title":{"rendered":"Pendientes de diamantes con bisel Clara"},"content":{"rendered":"<p>Dise\u00f1ados para ofrecer una comodidad moderna y un estilo duradero, los pendientes Clara Bezel Diamond Stud cuentan con diamantes redondos brillantes creados en laboratorio engastados en refinados biseles, disponibles en pesos totales de 0,3 ct, 0,5 ct, 0,7 ct, 1 ct, 1,5 ct y 2 ct. Elija entre oro amarillo o blanco de 18 quilates. Cada par est\u00e1 dise\u00f1ado para ofrecer sofisticaci\u00f3n en el d\u00eda a d\u00eda, seguridad al llevarlos puestos y un brillo duradero, con nuestro est\u00e1ndar premium de diamantes cultivados en laboratorio con claridad VVS1-VS1 y color D-F.<\/p>","protected":false},"excerpt":{"rendered":"<p>Los pendientes de diamantes Clara Bezel son un b\u00e1sico atemporal: diamantes redondos cultivados en laboratorio engastados en un bisel liso, disponibles en varios quilates y en oro amarillo o blanco de 18 quilates, para una elegancia refinada y duradera.<\/p>","protected":false},"featured_media":11764,"template":"","meta":{"_acf_changed":false},"product_brand":[],"product_cat":[552,54,1140,760],"product_tag":[885,1250,1252,366,397,1251],"class_list":{"0":"post-13392","1":"product","2":"type-product","3":"status-publish","4":"has-post-thumbnail","6":"product_cat-diamond-essentials","7":"product_cat-earrings","8":"product_cat-gifts-under-1000-euro","9":"product_cat-stud-earrings","10":"product_tag-18k-gold-studs","11":"product_tag-bezel-diamond-studs","12":"product_tag-clara-collection","13":"product_tag-everyday-luxury","14":"product_tag-lab-grown-diamond-earrings","15":"product_tag-minimalist-diamond-earrings","16":"pa_metal-white-gold","17":"pa_metal-yellow-gold","19":"first","20":"instock","21":"taxable","22":"shipping-taxable","23":"purchasable","24":"product-type-variable"},"acf":[],"jetpack_sharing_enabled":true,"_links":{"self":[{"href":"https:\/\/lumierediamonds.eu\/es\/wp-json\/wp\/v2\/product\/13392","targetHints":{"allow":["GET"]}}],"collection":[{"href":"https:\/\/lumierediamonds.eu\/es\/wp-json\/wp\/v2\/product"}],"about":[{"href":"https:\/\/lumierediamonds.eu\/es\/wp-json\/wp\/v2\/types\/product"}],"version-history":[{"count":3,"href":"https:\/\/lumierediamonds.eu\/es\/wp-json\/wp\/v2\/product\/13392\/revisions"}],"predecessor-version":[{"id":13807,"href":"https:\/\/lumierediamonds.eu\/es\/wp-json\/wp\/v2\/product\/13392\/revisions\/13807"}],"wp:featuredmedia":[{"embeddable":true,"href":"https:\/\/lumierediamonds.eu\/es\/wp-json\/wp\/v2\/media\/11764"}],"wp:attachment":[{"href":"https:\/\/lumierediamonds.eu\/es\/wp-json\/wp\/v2\/media?parent=13392"}],"wp:term":[{"taxonomy":"product_brand","embeddable":true,"href":"https:\/\/lumierediamonds.eu\/es\/wp-json\/wp\/v2\/product_brand?post=13392"},{"taxonomy":"product_cat","embeddable":true,"href":"https:\/\/lumierediamonds.eu\/es\/wp-json\/wp\/v2\/product_cat?post=13392"},{"taxonomy":"product_tag","embeddable":true,"href":"https:\/\/lumierediamonds.eu\/es\/wp-json\/wp\/v2\/product_tag?post=13392"}],"curies":[{"name":"wp","href":"https:\/\/api.w.org\/{rel}","templated":true}]}}