{"id":13393,"date":"2025-11-21T02:23:03","date_gmt":"2025-11-21T01:23:03","guid":{"rendered":"https:\/\/lumierediamonds.eu\/?post_type=product&#038;p=13393"},"modified":"2026-04-22T15:57:01","modified_gmt":"2026-04-22T13:57:01","slug":"anillo-de-compromiso-con-diamante-y-diseno-harmony-twist","status":"publish","type":"product","link":"https:\/\/lumierediamonds.eu\/es\/product\/anillo-de-compromiso-con-diamante-y-diseno-harmony-twist\/","title":{"rendered":"Anillo de compromiso Harmony Twist Diamond"},"content":{"rendered":"<p>Una elegante expresi\u00f3n de conexi\u00f3n.<br \/>\nEl anillo de compromiso Harmony Twist con diamante redondo presenta dos hilos entrelazados que se unen en una banda pav\u00e9 suavemente esculpida, creando un dise\u00f1o lleno de movimiento, luz y equilibrio. Centrado con un diamante brillante redondo, que a\u00f1ade un destello atemporal y un brillo equilibrado, el engaste atrae la mirada de forma natural hacia la piedra, al tiempo que a\u00f1ade un delicado resplandor desde todos los \u00e1ngulos.<\/p>\n<p>Elaborado en oro amarillo, blanco o rosa de 18 quilates, este dise\u00f1o est\u00e1 disponible con un peso en quilates de 0,30 a 3 ct. Rom\u00e1ntico y moderno a la vez, Harmony aporta suavidad, simbolismo y elegancia sin esfuerzo a un anillo de compromiso cl\u00e1sico.<\/p>","protected":false},"excerpt":{"rendered":"<p class=\"p1\">El anillo de compromiso Harmony Twist con diamante redondo presenta dos hebras entrelazadas que desembocan en una banda pav\u00e9 suavemente esculpida, centrada por un diamante brillante redondo. Elaborado en oro amarillo, blanco o rosa de 18 quilates y disponible en 0,30 a 3 quilates, ofrece un elegante equilibrio de simbolismo, brillo y romanticismo moderno.<\/p>","protected":false},"featured_media":13820,"template":"","meta":{"_acf_changed":false},"product_brand":[],"product_cat":[552,24,52],"product_tag":[680,1257,1258,1255,1097,1013,1254,1256,586,1253],"class_list":{"0":"post-13393","1":"product","2":"type-product","3":"status-publish","4":"has-post-thumbnail","6":"product_cat-diamond-essentials","7":"product_cat-engagement-rings","8":"product_cat-rings","9":"product_tag-18k-gold-ring","10":"product_tag-customizable-engagement-ring","11":"product_tag-ethical-diamond-ring","12":"product_tag-intertwining-band","13":"product_tag-lab-grown-diamond-2","14":"product_tag-modern-engagement-ring","15":"product_tag-pave-engagement-ring","16":"product_tag-romantic-ring-design","17":"product_tag-sustainable-fine-jewelry","18":"product_tag-twist-engagement-ring","19":"pa_metal-rose-gold","20":"pa_metal-white-gold","21":"pa_metal-yellow-gold","23":"first","24":"instock","25":"taxable","26":"shipping-taxable","27":"purchasable","28":"product-type-variable"},"acf":[],"jetpack_sharing_enabled":true,"_links":{"self":[{"href":"https:\/\/lumierediamonds.eu\/es\/wp-json\/wp\/v2\/product\/13393","targetHints":{"allow":["GET"]}}],"collection":[{"href":"https:\/\/lumierediamonds.eu\/es\/wp-json\/wp\/v2\/product"}],"about":[{"href":"https:\/\/lumierediamonds.eu\/es\/wp-json\/wp\/v2\/types\/product"}],"version-history":[{"count":4,"href":"https:\/\/lumierediamonds.eu\/es\/wp-json\/wp\/v2\/product\/13393\/revisions"}],"predecessor-version":[{"id":28157,"href":"https:\/\/lumierediamonds.eu\/es\/wp-json\/wp\/v2\/product\/13393\/revisions\/28157"}],"wp:featuredmedia":[{"embeddable":true,"href":"https:\/\/lumierediamonds.eu\/es\/wp-json\/wp\/v2\/media\/13820"}],"wp:attachment":[{"href":"https:\/\/lumierediamonds.eu\/es\/wp-json\/wp\/v2\/media?parent=13393"}],"wp:term":[{"taxonomy":"product_brand","embeddable":true,"href":"https:\/\/lumierediamonds.eu\/es\/wp-json\/wp\/v2\/product_brand?post=13393"},{"taxonomy":"product_cat","embeddable":true,"href":"https:\/\/lumierediamonds.eu\/es\/wp-json\/wp\/v2\/product_cat?post=13393"},{"taxonomy":"product_tag","embeddable":true,"href":"https:\/\/lumierediamonds.eu\/es\/wp-json\/wp\/v2\/product_tag?post=13393"}],"curies":[{"name":"wp","href":"https:\/\/api.w.org\/{rel}","templated":true}]}}