{"id":13763,"date":"2025-11-26T15:15:23","date_gmt":"2025-11-26T14:15:23","guid":{"rendered":"https:\/\/lumierediamonds.eu\/?post_type=product&#038;p=13763"},"modified":"2025-11-26T17:06:42","modified_gmt":"2025-11-26T16:06:42","slug":"pulsera-con-barra-de-diamantes-whisper","status":"publish","type":"product","link":"https:\/\/lumierediamonds.eu\/es\/product\/pulsera-con-barra-de-diamantes-whisper\/","title":{"rendered":"Pulsera Whisper Diamond Bar"},"content":{"rendered":"<p>Delicado susurro de luz<\/p>\n<p>La pulsera Whisper Diamond Bar cuenta con una fina cadena de oro de 18 quilates, disponible en oro amarillo, blanco o rosa, sujeta por una delgada barra pav\u00e9 de diamantes cultivados en laboratorio con un total de 0,20 quilates. Su dise\u00f1o limpio y minimalista y su ajuste regulable a 16, 17 o 18 cm la convierten en una opci\u00f3n natural para el uso diario.<\/p>\n<p>La pieza perfecta para combinar con otras o para llevar sola y a\u00f1adir un sutil brillo a tu mu\u00f1eca. Cada piedra cuenta con certificaci\u00f3n de calidad y brillo, y est\u00e1 engastada en oro de 18 quilates con certificaci\u00f3n LBMA.<\/p>","protected":false},"excerpt":{"rendered":"<p>La pulsera Whisper Diamond Bar cuenta con una fina cadena de oro de 18 quilates, disponible en oro amarillo, blanco o rosa, sujeta por una delgada barra pav\u00e9 de diamantes cultivados en laboratorio con un total de 0,20 quilates. Su dise\u00f1o limpio y minimalista y su ajuste regulable a 16, 17 o 18 cm la convierten en una opci\u00f3n natural para el uso diario.<\/p>","protected":false},"featured_media":13795,"template":"","meta":{"_acf_changed":false},"product_brand":[],"product_cat":[55,1140,1336],"product_tag":[620,1342,1344,1341,1315,1343,1339,1312,1340,855],"class_list":{"0":"post-13763","1":"product","2":"type-product","3":"status-publish","4":"has-post-thumbnail","6":"product_cat-bracelets","7":"product_cat-gifts-under-1000-euro","8":"product_cat-tennis-bracelets","9":"product_tag-18k-gold-bracelet","10":"product_tag-bar-bracelet","11":"product_tag-cable-chain-bracelet","12":"product_tag-dainty-jewelry","13":"product_tag-delicate-gold-bracelet","14":"product_tag-ethical-diamonds","15":"product_tag-lab-grown-diamond-bar-bracelet","16":"product_tag-minimalist-diamond-bracelet","17":"product_tag-pave-set-diamonds","18":"product_tag-stacking-bracelet","19":"pa_metal-rose-gold","20":"pa_metal-white-gold","21":"pa_metal-yellow-gold","23":"first","24":"instock","25":"taxable","26":"shipping-taxable","27":"purchasable","28":"product-type-variable"},"acf":[],"jetpack_sharing_enabled":true,"_links":{"self":[{"href":"https:\/\/lumierediamonds.eu\/es\/wp-json\/wp\/v2\/product\/13763","targetHints":{"allow":["GET"]}}],"collection":[{"href":"https:\/\/lumierediamonds.eu\/es\/wp-json\/wp\/v2\/product"}],"about":[{"href":"https:\/\/lumierediamonds.eu\/es\/wp-json\/wp\/v2\/types\/product"}],"version-history":[{"count":4,"href":"https:\/\/lumierediamonds.eu\/es\/wp-json\/wp\/v2\/product\/13763\/revisions"}],"predecessor-version":[{"id":13803,"href":"https:\/\/lumierediamonds.eu\/es\/wp-json\/wp\/v2\/product\/13763\/revisions\/13803"}],"wp:featuredmedia":[{"embeddable":true,"href":"https:\/\/lumierediamonds.eu\/es\/wp-json\/wp\/v2\/media\/13795"}],"wp:attachment":[{"href":"https:\/\/lumierediamonds.eu\/es\/wp-json\/wp\/v2\/media?parent=13763"}],"wp:term":[{"taxonomy":"product_brand","embeddable":true,"href":"https:\/\/lumierediamonds.eu\/es\/wp-json\/wp\/v2\/product_brand?post=13763"},{"taxonomy":"product_cat","embeddable":true,"href":"https:\/\/lumierediamonds.eu\/es\/wp-json\/wp\/v2\/product_cat?post=13763"},{"taxonomy":"product_tag","embeddable":true,"href":"https:\/\/lumierediamonds.eu\/es\/wp-json\/wp\/v2\/product_tag?post=13763"}],"curies":[{"name":"wp","href":"https:\/\/api.w.org\/{rel}","templated":true}]}}