{"id":14059,"date":"2025-12-04T19:20:43","date_gmt":"2025-12-04T18:20:43","guid":{"rendered":"https:\/\/lumierediamonds.eu\/?post_type=product&#038;p=14059"},"modified":"2025-12-04T19:28:51","modified_gmt":"2025-12-04T18:28:51","slug":"colgante-con-diamantes-elia","status":"publish","type":"product","link":"https:\/\/lumierediamonds.eu\/es\/product\/colgante-con-diamantes-elia\/","title":{"rendered":"Colgante con diamante en forma de gota Elia"},"content":{"rendered":"<p class=\"p1\">Elegancia en movimiento. El colgante Elia Diamond Drop cuenta con tres diamantes cultivados en laboratorio en forma de pera, apilados en una elegante l\u00ednea vertical. Engastados en oro amarillo, blanco o rosa de 18 quilates y con un total de 0,60 quilates, cada diamante est\u00e1 engastado con garras para invitar al movimiento y capturar la luz. Dise\u00f1ado para alargar el escote y atraer la mirada, aporta dramatismo y sofisticaci\u00f3n a cualquier atuendo.<\/p>","protected":false},"excerpt":{"rendered":"<p class=\"p1\">Elegancia en movimiento. El colgante Elia Diamond Drop cuenta con tres diamantes cultivados en laboratorio en forma de pera, apilados en una elegante l\u00ednea vertical. Engastados en oro amarillo, blanco o rosa de 18 quilates y con un total de 0,60 quilates, cada diamante est\u00e1 engastado con garras para invitar al movimiento y capturar la luz.<\/p>","protected":false},"featured_media":14077,"template":"","meta":{"_acf_changed":false},"product_brand":[],"product_cat":[552,53,759],"product_tag":[635,748,1365,1367,981,1368,364,401,751,1369,970,1366,303,982],"class_list":{"0":"post-14059","1":"product","2":"type-product","3":"status-publish","4":"has-post-thumbnail","6":"product_cat-diamond-essentials","7":"product_cat-necklaces-pendants","8":"product_cat-pendants","9":"product_tag-18k-gold-necklace","10":"product_tag-cable-chain-necklace","11":"product_tag-diamond-drop-necklace","12":"product_tag-elegant-diamond-pendant","13":"product_tag-elegant-pendant","14":"product_tag-elia","15":"product_tag-lab-grown-diamonds","16":"product_tag-luxury-necklace","17":"product_tag-luxury-pendant","18":"product_tag-minimal-elegance","19":"product_tag-minimalist-gold-pendant","20":"product_tag-pear-cut-pendant","21":"product_tag-solitaire-necklace","22":"product_tag-timeless-diamond-jewelry","23":"pa_metal-white-gold","24":"pa_metal-yellow-gold","26":"first","27":"instock","28":"taxable","29":"shipping-taxable","30":"purchasable","31":"product-type-variable"},"acf":[],"jetpack_sharing_enabled":true,"_links":{"self":[{"href":"https:\/\/lumierediamonds.eu\/es\/wp-json\/wp\/v2\/product\/14059","targetHints":{"allow":["GET"]}}],"collection":[{"href":"https:\/\/lumierediamonds.eu\/es\/wp-json\/wp\/v2\/product"}],"about":[{"href":"https:\/\/lumierediamonds.eu\/es\/wp-json\/wp\/v2\/types\/product"}],"version-history":[{"count":1,"href":"https:\/\/lumierediamonds.eu\/es\/wp-json\/wp\/v2\/product\/14059\/revisions"}],"predecessor-version":[{"id":14080,"href":"https:\/\/lumierediamonds.eu\/es\/wp-json\/wp\/v2\/product\/14059\/revisions\/14080"}],"wp:featuredmedia":[{"embeddable":true,"href":"https:\/\/lumierediamonds.eu\/es\/wp-json\/wp\/v2\/media\/14077"}],"wp:attachment":[{"href":"https:\/\/lumierediamonds.eu\/es\/wp-json\/wp\/v2\/media?parent=14059"}],"wp:term":[{"taxonomy":"product_brand","embeddable":true,"href":"https:\/\/lumierediamonds.eu\/es\/wp-json\/wp\/v2\/product_brand?post=14059"},{"taxonomy":"product_cat","embeddable":true,"href":"https:\/\/lumierediamonds.eu\/es\/wp-json\/wp\/v2\/product_cat?post=14059"},{"taxonomy":"product_tag","embeddable":true,"href":"https:\/\/lumierediamonds.eu\/es\/wp-json\/wp\/v2\/product_tag?post=14059"}],"curies":[{"name":"wp","href":"https:\/\/api.w.org\/{rel}","templated":true}]}}