{"id":14466,"date":"2026-01-16T06:09:49","date_gmt":"2026-01-16T05:09:49","guid":{"rendered":"https:\/\/lumierediamonds.eu\/?post_type=product&#038;p=14466"},"modified":"2026-04-22T15:43:43","modified_gmt":"2026-04-22T13:43:43","slug":"lucia-anillo-de-compromiso-halo-de-diamantes-ovalados","status":"publish","type":"product","link":"https:\/\/lumierediamonds.eu\/es\/product\/lucia-anillo-de-compromiso-halo-de-diamantes-ovalados\/","title":{"rendered":"Lucia Anillo de compromiso con halo de diamantes ovalado"},"content":{"rendered":"<p>Luz vintage, de forma suave.<br \/>\nEl anillo de compromiso Lucia con halo de diamantes ovalados presenta un diamante central redondo cultivado en laboratorio, rodeado por un halo ovalado de diamantes redondos cultivados en laboratorio en tama\u00f1os graduados. El dise\u00f1o crea una silueta suave y elegante que realza el brillo, reimaginando el aspecto oval cl\u00e1sico a trav\u00e9s de un halo de diamantes redondos graduados.<\/p>\n<p>Engastada en oro amarillo, blanco o rosa de 18 quilates, la delicada banda soporta el elevado halo, permitiendo que la luz pase a trav\u00e9s de \u00e9l e ilumine cada piedra. La intrincada disposici\u00f3n aporta dimensi\u00f3n y brillo desde todos los \u00e1ngulos.<\/p>\n<p>Rom\u00e1ntico y atemporal, captura el encanto del dise\u00f1o vintage con un toque luminoso y moderno.<\/p>","protected":false},"excerpt":{"rendered":"<p class=\"p1\">El anillo de compromiso Lucia con halo de diamantes ovalados combina un diamante central redondo cultivado en laboratorio con un halo ovalado de diamantes redondos graduados para lograr una silueta suave y radiante. Elaborado en oro amarillo, blanco o rosa de 18k, su engaste elevado invita a la luz desde todos los \u00e1ngulos, combinando el romanticismo vintage con el brillo moderno.<\/p>","protected":false},"featured_media":14522,"template":"","meta":{"_acf_changed":false},"product_brand":[],"product_cat":[52,24],"product_tag":[1381,254],"class_list":{"0":"post-14466","1":"product","2":"type-product","3":"status-publish","4":"has-post-thumbnail","6":"product_cat-rings","7":"product_cat-engagement-rings","8":"product_tag-halo","9":"product_tag-halo-ring","10":"pa_metal-rose-gold","11":"pa_metal-white-gold","12":"pa_metal-yellow-gold","14":"first","15":"instock","16":"taxable","17":"shipping-taxable","18":"purchasable","19":"product-type-variable"},"acf":[],"jetpack_sharing_enabled":true,"_links":{"self":[{"href":"https:\/\/lumierediamonds.eu\/es\/wp-json\/wp\/v2\/product\/14466","targetHints":{"allow":["GET"]}}],"collection":[{"href":"https:\/\/lumierediamonds.eu\/es\/wp-json\/wp\/v2\/product"}],"about":[{"href":"https:\/\/lumierediamonds.eu\/es\/wp-json\/wp\/v2\/types\/product"}],"version-history":[{"count":4,"href":"https:\/\/lumierediamonds.eu\/es\/wp-json\/wp\/v2\/product\/14466\/revisions"}],"predecessor-version":[{"id":28150,"href":"https:\/\/lumierediamonds.eu\/es\/wp-json\/wp\/v2\/product\/14466\/revisions\/28150"}],"wp:featuredmedia":[{"embeddable":true,"href":"https:\/\/lumierediamonds.eu\/es\/wp-json\/wp\/v2\/media\/14522"}],"wp:attachment":[{"href":"https:\/\/lumierediamonds.eu\/es\/wp-json\/wp\/v2\/media?parent=14466"}],"wp:term":[{"taxonomy":"product_brand","embeddable":true,"href":"https:\/\/lumierediamonds.eu\/es\/wp-json\/wp\/v2\/product_brand?post=14466"},{"taxonomy":"product_cat","embeddable":true,"href":"https:\/\/lumierediamonds.eu\/es\/wp-json\/wp\/v2\/product_cat?post=14466"},{"taxonomy":"product_tag","embeddable":true,"href":"https:\/\/lumierediamonds.eu\/es\/wp-json\/wp\/v2\/product_tag?post=14466"}],"curies":[{"name":"wp","href":"https:\/\/api.w.org\/{rel}","templated":true}]}}