{"id":19888,"date":"2026-04-12T19:44:26","date_gmt":"2026-04-12T17:44:26","guid":{"rendered":"https:\/\/lumierediamonds.eu\/?post_type=product&#038;p=19888"},"modified":"2026-04-13T15:25:18","modified_gmt":"2026-04-13T13:25:18","slug":"anillo-de-compromiso-solene-talla-oval","status":"publish","type":"product","link":"https:\/\/lumierediamonds.eu\/es\/product\/anillo-de-compromiso-solene-talla-oval\/","title":{"rendered":"Anillo de compromiso Solene talla oval"},"content":{"rendered":"<p>Minimalista pero elegante, el anillo de compromiso Solene de talla ovalada celebra las proporciones elegantes y el brillo atemporal.<\/p>\n<p>Con un luminoso diamante oval cultivado en laboratorio, la silueta alargada crea un favorecedor efecto de alargamiento en el dedo, al tiempo que proporciona un brillo excepcional. La pulida banda de oro de 18k se estrecha suavemente hacia la piedra central, mientras que un refinado engaste catedral eleva el diamante para permitir que la luz pase libremente.<\/p>\n<p>La talla oval combina el brillo cl\u00e1sico con una forma suave y rom\u00e1ntica. Perfecto para quienes aprecian la elegancia con un toque contempor\u00e1neo.<\/p>\n<p>Un verdadero cl\u00e1sico, Solene combina a la perfecci\u00f3n con una gran variedad de alianzas de boda o es una refinada declaraci\u00f3n de intenciones por s\u00ed sola.<br \/>\nCentrado con un diamante talla princesa cultivado en laboratorio, el dise\u00f1o destaca una n\u00edtida simetr\u00eda y un brillo audaz. La silueta cuadrada aporta un toque contempor\u00e1neo, mientras que la banda de oro pulido de 18k se estrecha suavemente hacia la piedra central. Un elegante engaste catedral eleva el diamante, permitiendo que pase m\u00e1s luz y a\u00f1adiendo una sutil altura y equilibrio arquitect\u00f3nico al dise\u00f1o.<\/p>\n<p>Las l\u00edneas n\u00edtidas y las facetas brillantes de la talla princesa crean un aspecto moderno y seguro. Perfecto para quienes se sienten atra\u00eddos por la estructura, la precisi\u00f3n y el brillo refinado.<\/p>\n<p>Un verdadero cl\u00e1sico.<\/p>","protected":false},"excerpt":{"rendered":"<p>El anillo de compromiso Solene de talla ovalada combina un luminoso diamante ovalado cultivado en laboratorio con una banda de oro de 18 quilates pulido y un refinado engaste con garras. Su silueta alargada favorece el dedo, mientras que la banda c\u00f3nica de 1,80 mm mantiene el dise\u00f1o elegante, equilibrado y f\u00e1cil de llevar.<\/p>","protected":false},"featured_media":19916,"template":"","meta":{"_acf_changed":false},"product_brand":[],"product_cat":[24,52],"product_tag":[599,1428,48,1097,210,1427,1445],"class_list":{"0":"post-19888","1":"product","2":"type-product","3":"status-publish","4":"has-post-thumbnail","6":"product_cat-engagement-rings","7":"product_cat-rings","8":"product_tag-18k-gold","9":"product_tag-cathedral-setting","10":"product_tag-engagement-ring","11":"product_tag-lab-grown-diamond-2","12":"product_tag-oval-cut","13":"product_tag-prong-setting","14":"product_tag-tapered-band","15":"pa_metal-rose-gold","16":"pa_metal-white-gold","17":"pa_metal-yellow-gold","19":"first","20":"instock","21":"taxable","22":"shipping-taxable","23":"purchasable","24":"product-type-variable","25":"has-default-attributes"},"acf":[],"jetpack_sharing_enabled":true,"_links":{"self":[{"href":"https:\/\/lumierediamonds.eu\/es\/wp-json\/wp\/v2\/product\/19888","targetHints":{"allow":["GET"]}}],"collection":[{"href":"https:\/\/lumierediamonds.eu\/es\/wp-json\/wp\/v2\/product"}],"about":[{"href":"https:\/\/lumierediamonds.eu\/es\/wp-json\/wp\/v2\/types\/product"}],"version-history":[{"count":1,"href":"https:\/\/lumierediamonds.eu\/es\/wp-json\/wp\/v2\/product\/19888\/revisions"}],"predecessor-version":[{"id":20159,"href":"https:\/\/lumierediamonds.eu\/es\/wp-json\/wp\/v2\/product\/19888\/revisions\/20159"}],"wp:featuredmedia":[{"embeddable":true,"href":"https:\/\/lumierediamonds.eu\/es\/wp-json\/wp\/v2\/media\/19916"}],"wp:attachment":[{"href":"https:\/\/lumierediamonds.eu\/es\/wp-json\/wp\/v2\/media?parent=19888"}],"wp:term":[{"taxonomy":"product_brand","embeddable":true,"href":"https:\/\/lumierediamonds.eu\/es\/wp-json\/wp\/v2\/product_brand?post=19888"},{"taxonomy":"product_cat","embeddable":true,"href":"https:\/\/lumierediamonds.eu\/es\/wp-json\/wp\/v2\/product_cat?post=19888"},{"taxonomy":"product_tag","embeddable":true,"href":"https:\/\/lumierediamonds.eu\/es\/wp-json\/wp\/v2\/product_tag?post=19888"}],"curies":[{"name":"wp","href":"https:\/\/api.w.org\/{rel}","templated":true}]}}