{"id":20382,"date":"2026-04-12T20:50:16","date_gmt":"2026-04-12T18:50:16","guid":{"rendered":"https:\/\/lumierediamonds.eu\/?post_type=product&#038;p=20382"},"modified":"2026-04-13T16:16:27","modified_gmt":"2026-04-13T14:16:27","slug":"anillo-de-compromiso-aurelia-talla-oval","status":"publish","type":"product","link":"https:\/\/lumierediamonds.eu\/es\/product\/anillo-de-compromiso-aurelia-talla-oval\/","title":{"rendered":"Aurelia Anillo de compromiso talla oval"},"content":{"rendered":"<p>Elegancia, dise\u00f1ada para el d\u00eda a d\u00eda.<br \/>\nCentrado con un diamante ovalado, que aporta elegancia y alarga el dedo con una forma suave y gr\u00e1cil. El anillo de compromiso de diamantes Aurelia cuenta con un engaste de perfil bajo que se asienta m\u00e1s cerca del dedo para un ajuste seguro y c\u00f3modo. Elaborado en oro amarillo, blanco o rosa de 18 quilates, la banda de 2,4 mm a\u00f1ade fuerza y equilibrio, mientras que el engaste suavemente esculpido confiere al anillo unas l\u00edneas suaves y fluidas.<\/p>\n<p>Dise\u00f1ado para el uso diario, combina una belleza duradera con un dise\u00f1o pr\u00e1ctico. Ideal para quienes tienen profesiones pr\u00e1cticas o un estilo de vida activo.<\/p>","protected":false},"excerpt":{"rendered":"<p>El anillo de compromiso Aurelia presenta un diamante ovalado cultivado en laboratorio en un engaste de garras de perfil bajo, dise\u00f1ado para asentarse cerca del dedo con una sensaci\u00f3n segura y c\u00f3moda. Acabado en oro de 18k con una banda de 2,4 mm, equilibra el uso diario con una silueta refinada y alargada.<\/p>","protected":false},"featured_media":20410,"template":"","meta":{"_acf_changed":false},"product_brand":[],"product_cat":[24,52],"product_tag":[599,48,184,1432,210,1427],"class_list":{"0":"post-20382","1":"product","2":"type-product","3":"status-publish","4":"has-post-thumbnail","6":"product_cat-engagement-rings","7":"product_cat-rings","8":"product_tag-18k-gold","9":"product_tag-engagement-ring","10":"product_tag-lab-grown-diamond","11":"product_tag-low-profile","12":"product_tag-oval-cut","13":"product_tag-prong-setting","14":"pa_metal-rose-gold","15":"pa_metal-white-gold","16":"pa_metal-yellow-gold","18":"first","19":"instock","20":"taxable","21":"shipping-taxable","22":"purchasable","23":"product-type-variable","24":"has-default-attributes"},"acf":[],"jetpack_sharing_enabled":true,"_links":{"self":[{"href":"https:\/\/lumierediamonds.eu\/es\/wp-json\/wp\/v2\/product\/20382","targetHints":{"allow":["GET"]}}],"collection":[{"href":"https:\/\/lumierediamonds.eu\/es\/wp-json\/wp\/v2\/product"}],"about":[{"href":"https:\/\/lumierediamonds.eu\/es\/wp-json\/wp\/v2\/types\/product"}],"version-history":[{"count":1,"href":"https:\/\/lumierediamonds.eu\/es\/wp-json\/wp\/v2\/product\/20382\/revisions"}],"predecessor-version":[{"id":21321,"href":"https:\/\/lumierediamonds.eu\/es\/wp-json\/wp\/v2\/product\/20382\/revisions\/21321"}],"wp:featuredmedia":[{"embeddable":true,"href":"https:\/\/lumierediamonds.eu\/es\/wp-json\/wp\/v2\/media\/20410"}],"wp:attachment":[{"href":"https:\/\/lumierediamonds.eu\/es\/wp-json\/wp\/v2\/media?parent=20382"}],"wp:term":[{"taxonomy":"product_brand","embeddable":true,"href":"https:\/\/lumierediamonds.eu\/es\/wp-json\/wp\/v2\/product_brand?post=20382"},{"taxonomy":"product_cat","embeddable":true,"href":"https:\/\/lumierediamonds.eu\/es\/wp-json\/wp\/v2\/product_cat?post=20382"},{"taxonomy":"product_tag","embeddable":true,"href":"https:\/\/lumierediamonds.eu\/es\/wp-json\/wp\/v2\/product_tag?post=20382"}],"curies":[{"name":"wp","href":"https:\/\/api.w.org\/{rel}","templated":true}]}}