{"id":20431,"date":"2026-04-12T20:58:05","date_gmt":"2026-04-12T18:58:05","guid":{"rendered":"https:\/\/lumierediamonds.eu\/?post_type=product&#038;p=20431"},"modified":"2026-04-13T16:17:33","modified_gmt":"2026-04-13T14:17:33","slug":"anillo-de-compromiso-aurelia-corte-princesa","status":"publish","type":"product","link":"https:\/\/lumierediamonds.eu\/es\/product\/anillo-de-compromiso-aurelia-corte-princesa\/","title":{"rendered":"Aurelia Anillo de compromiso talla princesa"},"content":{"rendered":"<p>Elegancia, dise\u00f1ada para el d\u00eda a d\u00eda.<br \/>\nCentrado con un diamante de talla princesa, que aporta un brillo n\u00edtido y un aspecto moderno y estructurado. El anillo de compromiso de diamantes Aurelia presenta un engaste de perfil bajo que se asienta m\u00e1s cerca del dedo para un ajuste seguro y c\u00f3modo. Elaborado en oro amarillo, blanco o rosa de 18 quilates, la banda de 2,4 mm a\u00f1ade fuerza y equilibrio, mientras que el engaste suavemente esculpido confiere al anillo unas l\u00edneas suaves y fluidas.<\/p>\n<p>Dise\u00f1ado para el uso diario, combina una belleza duradera con un dise\u00f1o pr\u00e1ctico. Ideal para quienes tienen profesiones pr\u00e1cticas o un estilo de vida activo.<\/p>","protected":false},"excerpt":{"rendered":"<p>Un refinado anillo de compromiso de talla princesa con un engaste de garras de perfil bajo y una banda equilibrada de 2,4 mm en oro de 18k. Dise\u00f1ado para ajustarse al dedo para llevarlo c\u00f3modamente a diario, combina un brillo intenso con una silueta moderna y estructurada.<\/p>","protected":false},"featured_media":20459,"template":"","meta":{"_acf_changed":false},"product_brand":[],"product_cat":[24,52],"product_tag":[599,183,48,1433,1432,194,1427],"class_list":{"0":"post-20431","1":"product","2":"type-product","3":"status-publish","4":"has-post-thumbnail","6":"product_cat-engagement-rings","7":"product_cat-rings","8":"product_tag-18k-gold","9":"product_tag-diamond-ring","10":"product_tag-engagement-ring","11":"product_tag-everyday-wear","12":"product_tag-low-profile","13":"product_tag-princess-cut","14":"product_tag-prong-setting","15":"pa_metal-rose-gold","16":"pa_metal-white-gold","17":"pa_metal-yellow-gold","19":"first","20":"instock","21":"taxable","22":"shipping-taxable","23":"purchasable","24":"product-type-variable","25":"has-default-attributes"},"acf":[],"jetpack_sharing_enabled":true,"_links":{"self":[{"href":"https:\/\/lumierediamonds.eu\/es\/wp-json\/wp\/v2\/product\/20431","targetHints":{"allow":["GET"]}}],"collection":[{"href":"https:\/\/lumierediamonds.eu\/es\/wp-json\/wp\/v2\/product"}],"about":[{"href":"https:\/\/lumierediamonds.eu\/es\/wp-json\/wp\/v2\/types\/product"}],"version-history":[{"count":1,"href":"https:\/\/lumierediamonds.eu\/es\/wp-json\/wp\/v2\/product\/20431\/revisions"}],"predecessor-version":[{"id":21322,"href":"https:\/\/lumierediamonds.eu\/es\/wp-json\/wp\/v2\/product\/20431\/revisions\/21322"}],"wp:featuredmedia":[{"embeddable":true,"href":"https:\/\/lumierediamonds.eu\/es\/wp-json\/wp\/v2\/media\/20459"}],"wp:attachment":[{"href":"https:\/\/lumierediamonds.eu\/es\/wp-json\/wp\/v2\/media?parent=20431"}],"wp:term":[{"taxonomy":"product_brand","embeddable":true,"href":"https:\/\/lumierediamonds.eu\/es\/wp-json\/wp\/v2\/product_brand?post=20431"},{"taxonomy":"product_cat","embeddable":true,"href":"https:\/\/lumierediamonds.eu\/es\/wp-json\/wp\/v2\/product_cat?post=20431"},{"taxonomy":"product_tag","embeddable":true,"href":"https:\/\/lumierediamonds.eu\/es\/wp-json\/wp\/v2\/product_tag?post=20431"}],"curies":[{"name":"wp","href":"https:\/\/api.w.org\/{rel}","templated":true}]}}