{"id":20529,"date":"2026-04-12T21:13:56","date_gmt":"2026-04-12T19:13:56","guid":{"rendered":"https:\/\/lumierediamonds.eu\/?post_type=product&#038;p=20529"},"modified":"2026-04-13T16:19:47","modified_gmt":"2026-04-13T14:19:47","slug":"anillo-de-compromiso-aurelia-corte-pera","status":"publish","type":"product","link":"https:\/\/lumierediamonds.eu\/es\/product\/anillo-de-compromiso-aurelia-corte-pera\/","title":{"rendered":"Aurelia Anillo de compromiso talla pera"},"content":{"rendered":"<p>Elegancia, dise\u00f1ada para el d\u00eda a d\u00eda.<br \/>\nCentrado con un diamante en forma de pera, que aporta suavidad y una silueta distintiva y elegante. El anillo de compromiso de diamantes Aurelia presenta un engaste de perfil bajo que se asienta m\u00e1s cerca del dedo para un ajuste seguro y c\u00f3modo. Elaborado en oro amarillo, blanco o rosa de 18 quilates, la banda de 2,4 mm a\u00f1ade fuerza y equilibrio, mientras que el engaste suavemente esculpido confiere al anillo unas l\u00edneas suaves y fluidas.<\/p>\n<p>Dise\u00f1ado para el uso diario, combina una belleza duradera con un dise\u00f1o pr\u00e1ctico. Ideal para quienes tienen profesiones pr\u00e1cticas o un estilo de vida activo.<\/p>","protected":false},"excerpt":{"rendered":"<p>Un refinado anillo de compromiso de talla pera centrado en un diamante en forma de pera, engastado bajo para un ajuste ce\u00f1ido y seguro. La banda de 2,4 mm en oro amarillo, blanco o rosa de 18k a\u00f1ade equilibrio y comodidad diaria con un perfil limpio y elegante.<\/p>","protected":false},"featured_media":21266,"template":"","meta":{"_acf_changed":false},"product_brand":[],"product_cat":[24,52],"product_tag":[48,1432,215,1444,1427,191],"class_list":{"0":"post-20529","1":"product","2":"type-product","3":"status-publish","4":"has-post-thumbnail","6":"product_cat-engagement-rings","7":"product_cat-rings","8":"product_tag-engagement-ring","9":"product_tag-low-profile","10":"product_tag-pear-cut","11":"product_tag-pear-shaped-diamond","12":"product_tag-prong-setting","13":"product_tag-solitaire","14":"pa_metal-rose-gold","15":"pa_metal-white-gold","16":"pa_metal-yellow-gold","18":"first","19":"instock","20":"taxable","21":"shipping-taxable","22":"purchasable","23":"product-type-variable","24":"has-default-attributes"},"acf":[],"jetpack_sharing_enabled":true,"_links":{"self":[{"href":"https:\/\/lumierediamonds.eu\/es\/wp-json\/wp\/v2\/product\/20529","targetHints":{"allow":["GET"]}}],"collection":[{"href":"https:\/\/lumierediamonds.eu\/es\/wp-json\/wp\/v2\/product"}],"about":[{"href":"https:\/\/lumierediamonds.eu\/es\/wp-json\/wp\/v2\/types\/product"}],"version-history":[{"count":1,"href":"https:\/\/lumierediamonds.eu\/es\/wp-json\/wp\/v2\/product\/20529\/revisions"}],"predecessor-version":[{"id":21324,"href":"https:\/\/lumierediamonds.eu\/es\/wp-json\/wp\/v2\/product\/20529\/revisions\/21324"}],"wp:featuredmedia":[{"embeddable":true,"href":"https:\/\/lumierediamonds.eu\/es\/wp-json\/wp\/v2\/media\/21266"}],"wp:attachment":[{"href":"https:\/\/lumierediamonds.eu\/es\/wp-json\/wp\/v2\/media?parent=20529"}],"wp:term":[{"taxonomy":"product_brand","embeddable":true,"href":"https:\/\/lumierediamonds.eu\/es\/wp-json\/wp\/v2\/product_brand?post=20529"},{"taxonomy":"product_cat","embeddable":true,"href":"https:\/\/lumierediamonds.eu\/es\/wp-json\/wp\/v2\/product_cat?post=20529"},{"taxonomy":"product_tag","embeddable":true,"href":"https:\/\/lumierediamonds.eu\/es\/wp-json\/wp\/v2\/product_tag?post=20529"}],"curies":[{"name":"wp","href":"https:\/\/api.w.org\/{rel}","templated":true}]}}