{"id":20557,"date":"2026-04-12T21:17:10","date_gmt":"2026-04-12T19:17:10","guid":{"rendered":"https:\/\/lumierediamonds.eu\/?post_type=product&#038;p=20557"},"modified":"2026-04-13T16:20:47","modified_gmt":"2026-04-13T14:20:47","slug":"anillo-de-compromiso-aurelia-talla-marquesa","status":"publish","type":"product","link":"https:\/\/lumierediamonds.eu\/es\/product\/anillo-de-compromiso-aurelia-talla-marquesa\/","title":{"rendered":"Aurelia Anillo de compromiso talla marquesa"},"content":{"rendered":"<p>Elegancia, dise\u00f1ada para el d\u00eda a d\u00eda.<br \/>\nCentrado con un diamante marquise, que a\u00f1ade longitud, dramatismo y un refinado aire vintage. El anillo de compromiso de diamantes Aurelia cuenta con un engaste de perfil bajo que se asienta m\u00e1s cerca del dedo para un ajuste seguro y c\u00f3modo. Elaborado en oro amarillo, blanco o rosa de 18 quilates, la banda de 2,4 mm a\u00f1ade fuerza y equilibrio, mientras que el engaste suavemente esculpido confiere al anillo unas l\u00edneas suaves y fluidas.<\/p>\n<p>Dise\u00f1ado para el uso diario, combina una belleza duradera con un dise\u00f1o pr\u00e1ctico. Ideal para quienes tienen profesiones pr\u00e1cticas o un estilo de vida activo.<\/p>","protected":false},"excerpt":{"rendered":"<p>El anillo de compromiso Aurelia centra un diamante marquesa cultivado en laboratorio en un refinado engaste con garras, equilibrado por una banda de 2,4 mm en oro de 18k. Su silueta de perfil bajo se ajusta al dedo para ofrecer una sensaci\u00f3n de seguridad y comodidad y un aspecto pulido adecuado para el uso diario.<\/p>","protected":false},"featured_media":20585,"template":"","meta":{"_acf_changed":false},"product_brand":[],"product_cat":[24,52],"product_tag":[599,48,184,1432,1429,1427,191],"class_list":{"0":"post-20557","1":"product","2":"type-product","3":"status-publish","4":"has-post-thumbnail","6":"product_cat-engagement-rings","7":"product_cat-rings","8":"product_tag-18k-gold","9":"product_tag-engagement-ring","10":"product_tag-lab-grown-diamond","11":"product_tag-low-profile","12":"product_tag-marquise-cut","13":"product_tag-prong-setting","14":"product_tag-solitaire","15":"pa_metal-rose-gold","16":"pa_metal-white-gold","17":"pa_metal-yellow-gold","19":"first","20":"instock","21":"taxable","22":"shipping-taxable","23":"purchasable","24":"product-type-variable","25":"has-default-attributes"},"acf":[],"jetpack_sharing_enabled":true,"_links":{"self":[{"href":"https:\/\/lumierediamonds.eu\/es\/wp-json\/wp\/v2\/product\/20557","targetHints":{"allow":["GET"]}}],"collection":[{"href":"https:\/\/lumierediamonds.eu\/es\/wp-json\/wp\/v2\/product"}],"about":[{"href":"https:\/\/lumierediamonds.eu\/es\/wp-json\/wp\/v2\/types\/product"}],"version-history":[{"count":1,"href":"https:\/\/lumierediamonds.eu\/es\/wp-json\/wp\/v2\/product\/20557\/revisions"}],"predecessor-version":[{"id":21325,"href":"https:\/\/lumierediamonds.eu\/es\/wp-json\/wp\/v2\/product\/20557\/revisions\/21325"}],"wp:featuredmedia":[{"embeddable":true,"href":"https:\/\/lumierediamonds.eu\/es\/wp-json\/wp\/v2\/media\/20585"}],"wp:attachment":[{"href":"https:\/\/lumierediamonds.eu\/es\/wp-json\/wp\/v2\/media?parent=20557"}],"wp:term":[{"taxonomy":"product_brand","embeddable":true,"href":"https:\/\/lumierediamonds.eu\/es\/wp-json\/wp\/v2\/product_brand?post=20557"},{"taxonomy":"product_cat","embeddable":true,"href":"https:\/\/lumierediamonds.eu\/es\/wp-json\/wp\/v2\/product_cat?post=20557"},{"taxonomy":"product_tag","embeddable":true,"href":"https:\/\/lumierediamonds.eu\/es\/wp-json\/wp\/v2\/product_tag?post=20557"}],"curies":[{"name":"wp","href":"https:\/\/api.w.org\/{rel}","templated":true}]}}