{"id":30431,"date":"2026-04-23T17:18:17","date_gmt":"2026-04-23T15:18:17","guid":{"rendered":"https:\/\/lumierediamonds.eu\/?post_type=product&#038;p=30431"},"modified":"2026-04-23T20:53:05","modified_gmt":"2026-04-23T18:53:05","slug":"anillo-de-compromiso-linea-esmeralda","status":"publish","type":"product","link":"https:\/\/lumierediamonds.eu\/es\/product\/anillo-de-compromiso-linea-esmeralda\/","title":{"rendered":"Linea Esmeralda Pav\u00e9 Anillo de Compromiso"},"content":{"rendered":"<p>Gr\u00e1cil y luminoso, el anillo de compromiso Pav\u00e9 Linea talla esmeralda est\u00e1 dise\u00f1ado para realzar la belleza de una piedra central cl\u00e1sica a trav\u00e9s de la precisi\u00f3n y la luz.<\/p>\n<p>Una delgada banda de filo de cuchillo est\u00e1 adornada con finos diamantes engastados en pav\u00e9, creando un brillo suave y continuo que realza el diamante central en lugar de eclipsarlo. La banda se estrecha suavemente hacia el engaste, atrayendo la mirada hacia el interior y manteniendo una silueta equilibrada.<\/p>\n<p>Un elegante engaste catedral eleva el diamante cultivado en laboratorio de talla esmeralda, permitiendo que entre m\u00e1s luz en la piedra al tiempo que a\u00f1ade una sutil altura y una elegante estructura.<\/p>\n<p>Elaborada en oro pulido amarillo, blanco o rosa de 18 quilates, Linea ofrece un brillo atemporal con un acabado refinado y moderno.<\/p>","protected":false},"excerpt":{"rendered":"<p>Elegante y luminoso, el anillo de compromiso Linea incorpora una piedra central talla esmeralda cultivada en laboratorio, pav\u00e9 de diamantes y una banda c\u00f3nica de oro de 18k.<\/p>","protected":false},"featured_media":31143,"template":"","meta":{"_acf_changed":false},"product_brand":[],"product_cat":[24,52],"product_tag":[1428,1274,48,1452,184,1455],"class_list":{"0":"post-30431","1":"product","2":"type-product","3":"status-publish","4":"has-post-thumbnail","6":"product_cat-engagement-rings","7":"product_cat-rings","8":"product_tag-cathedral-setting","9":"product_tag-emerald-cut","10":"product_tag-engagement-ring","11":"product_tag-knife-edge-band","12":"product_tag-lab-grown-diamond","13":"product_tag-pave-diamonds","14":"pa_metal-rose-gold","15":"pa_metal-white-gold","16":"pa_metal-yellow-gold","18":"first","19":"instock","20":"taxable","21":"shipping-taxable","22":"purchasable","23":"product-type-variable","24":"has-default-attributes"},"acf":[],"jetpack_sharing_enabled":true,"_links":{"self":[{"href":"https:\/\/lumierediamonds.eu\/es\/wp-json\/wp\/v2\/product\/30431","targetHints":{"allow":["GET"]}}],"collection":[{"href":"https:\/\/lumierediamonds.eu\/es\/wp-json\/wp\/v2\/product"}],"about":[{"href":"https:\/\/lumierediamonds.eu\/es\/wp-json\/wp\/v2\/types\/product"}],"version-history":[{"count":4,"href":"https:\/\/lumierediamonds.eu\/es\/wp-json\/wp\/v2\/product\/30431\/revisions"}],"predecessor-version":[{"id":31476,"href":"https:\/\/lumierediamonds.eu\/es\/wp-json\/wp\/v2\/product\/30431\/revisions\/31476"}],"wp:featuredmedia":[{"embeddable":true,"href":"https:\/\/lumierediamonds.eu\/es\/wp-json\/wp\/v2\/media\/31143"}],"wp:attachment":[{"href":"https:\/\/lumierediamonds.eu\/es\/wp-json\/wp\/v2\/media?parent=30431"}],"wp:term":[{"taxonomy":"product_brand","embeddable":true,"href":"https:\/\/lumierediamonds.eu\/es\/wp-json\/wp\/v2\/product_brand?post=30431"},{"taxonomy":"product_cat","embeddable":true,"href":"https:\/\/lumierediamonds.eu\/es\/wp-json\/wp\/v2\/product_cat?post=30431"},{"taxonomy":"product_tag","embeddable":true,"href":"https:\/\/lumierediamonds.eu\/es\/wp-json\/wp\/v2\/product_tag?post=30431"}],"curies":[{"name":"wp","href":"https:\/\/api.w.org\/{rel}","templated":true}]}}