{"id":32065,"date":"2026-04-23T23:09:06","date_gmt":"2026-04-23T21:09:06","guid":{"rendered":"https:\/\/lumierediamonds.eu\/?post_type=product&#038;p=32065"},"modified":"2026-04-23T23:19:19","modified_gmt":"2026-04-23T21:19:19","slug":"elysia-anillo-de-cinco-filas-de-diamantes","status":"publish","type":"product","link":"https:\/\/lumierediamonds.eu\/es\/product\/elysia-anillo-de-cinco-filas-de-diamantes\/","title":{"rendered":"Anillo Elysia de cinco filas de diamantes"},"content":{"rendered":"<p>Radiante y expresivo, el anillo Elysia de cinco filas de diamantes est\u00e1 dise\u00f1ado como una declaraci\u00f3n de luz, textura y elegancia moderna.<\/p>\n<p>Cinco filas de diamantes cultivados en laboratorio engastados en pav\u00e9, con 59 piedras redondas que suman 3,5 quilates, crean una superficie continua de brillo en toda la banda. Esta disposici\u00f3n confiere al anillo profundidad, dimensi\u00f3n y un fuerte retorno de la luz desde todos los \u00e1ngulos.<\/p>\n<p>La silueta suavemente contorneada ofrece un ajuste equilibrado y c\u00f3modo, mientras que el pav\u00e9 integral confiere a la pieza una presencia atrevida pero refinada.<\/p>\n<p>Elaborado en oro blanco pulido de 18 quilates, el anillo Elysia es una celebraci\u00f3n del brillo y la artesan\u00eda, creado para quienes se sienten atra\u00eddos por las joyas de gran impacto con una elegancia duradera.<\/p>","protected":false},"excerpt":{"rendered":"<p>Radiante y expresivo, el anillo Elysia de cinco filas de diamantes est\u00e1 dise\u00f1ado como una declaraci\u00f3n de luz, textura y elegancia moderna. Cinco hileras de pav\u00e9...<\/p>","protected":false},"featured_media":32093,"template":"","meta":{"_acf_changed":false},"product_brand":[],"product_cat":[52,1010,898],"product_tag":[183,189,182,48,184,192,191,185],"class_list":{"0":"post-32065","1":"product","2":"type-product","3":"status-publish","4":"has-post-thumbnail","6":"product_cat-rings","7":"product_cat-cocktail-rings","8":"product_cat-statement-rings","9":"product_tag-diamond-ring","10":"product_tag-emerald","11":"product_tag-engagement","12":"product_tag-engagement-ring","13":"product_tag-lab-grown-diamond","14":"product_tag-ring","15":"product_tag-solitaire","16":"product_tag-vvs1","17":"pa_metal-white-gold","19":"first","20":"instock","21":"taxable","22":"shipping-taxable","23":"purchasable","24":"product-type-simple"},"acf":[],"jetpack_sharing_enabled":true,"_links":{"self":[{"href":"https:\/\/lumierediamonds.eu\/es\/wp-json\/wp\/v2\/product\/32065","targetHints":{"allow":["GET"]}}],"collection":[{"href":"https:\/\/lumierediamonds.eu\/es\/wp-json\/wp\/v2\/product"}],"about":[{"href":"https:\/\/lumierediamonds.eu\/es\/wp-json\/wp\/v2\/types\/product"}],"version-history":[{"count":1,"href":"https:\/\/lumierediamonds.eu\/es\/wp-json\/wp\/v2\/product\/32065\/revisions"}],"predecessor-version":[{"id":32097,"href":"https:\/\/lumierediamonds.eu\/es\/wp-json\/wp\/v2\/product\/32065\/revisions\/32097"}],"wp:featuredmedia":[{"embeddable":true,"href":"https:\/\/lumierediamonds.eu\/es\/wp-json\/wp\/v2\/media\/32093"}],"wp:attachment":[{"href":"https:\/\/lumierediamonds.eu\/es\/wp-json\/wp\/v2\/media?parent=32065"}],"wp:term":[{"taxonomy":"product_brand","embeddable":true,"href":"https:\/\/lumierediamonds.eu\/es\/wp-json\/wp\/v2\/product_brand?post=32065"},{"taxonomy":"product_cat","embeddable":true,"href":"https:\/\/lumierediamonds.eu\/es\/wp-json\/wp\/v2\/product_cat?post=32065"},{"taxonomy":"product_tag","embeddable":true,"href":"https:\/\/lumierediamonds.eu\/es\/wp-json\/wp\/v2\/product_tag?post=32065"}],"curies":[{"name":"wp","href":"https:\/\/api.w.org\/{rel}","templated":true}]}}