{"id":6260,"date":"2024-11-30T16:45:16","date_gmt":"2024-11-30T15:45:16","guid":{"rendered":"https:\/\/lumierediamonds.eu\/?post_type=product&#038;p=6260"},"modified":"2025-11-17T13:56:26","modified_gmt":"2025-11-17T12:56:26","slug":"pendientes-de-diamantes-con-corte-ovalado-eterna","status":"publish","type":"product","link":"https:\/\/lumierediamonds.eu\/es\/product\/pendientes-de-diamantes-con-corte-ovalado-eterna\/","title":{"rendered":"Pendientes de diamantes con corte ovalado Eterna"},"content":{"rendered":"<p data-start=\"179\" data-end=\"450\">Elegante y duradero, el <strong data-start=\"205\" data-end=\"246\">Pendientes de diamantes con corte ovalado Eterna<\/strong> aportan un toque refinado a un cl\u00e1sico muy querido. Cada pendiente cuenta con un diamante ovalado creado en laboratorio, engastado en una montura atemporal de cuatro puntas que realza la elegante silueta y el brillo natural de la piedra.<\/p>\n<p data-start=\"452\" data-end=\"683\" data-is-last-node=\"\" data-is-only-node=\"\">Fabricados en oro amarillo de 18 quilates, est\u00e1n disponibles en tama\u00f1os certificados por el IGI que van desde 0,3 quilates hasta 3 quilates. Tanto si prefiere un toque sutil como una declaraci\u00f3n m\u00e1s llamativa, este par esencial ofrece una sofisticaci\u00f3n vers\u00e1til para cualquier ocasi\u00f3n.<\/p>","protected":false},"excerpt":{"rendered":"<p data-start=\"179\" data-end=\"450\">Elegante y duradero, el <strong data-start=\"205\" data-end=\"246\">Pendientes de diamantes con corte ovalado Eterna<\/strong> aportan un toque refinado a un cl\u00e1sico muy querido. Cada pendiente cuenta con un diamante ovalado creado en laboratorio, engastado en una montura atemporal de cuatro puntas que realza la elegante silueta y el brillo natural de la piedra.<\/p>\n<p data-start=\"452\" data-end=\"683\" data-is-last-node=\"\" data-is-only-node=\"\">Fabricados en oro amarillo de 18 quilates, est\u00e1n disponibles en tama\u00f1os certificados por el IGI que van desde 0,3 quilates hasta 3 quilates. Tanto si prefiere un toque sutil como una declaraci\u00f3n m\u00e1s llamativa, este par esencial ofrece una sofisticaci\u00f3n vers\u00e1til para cualquier ocasi\u00f3n.<\/p>","protected":false},"featured_media":6310,"template":"","meta":{"_acf_changed":false},"product_brand":[],"product_cat":[54,760],"product_tag":[201,205,202,184,210,212,211,203,204,185],"class_list":{"0":"post-6260","1":"product","2":"type-product","3":"status-publish","4":"has-post-thumbnail","6":"product_cat-earrings","7":"product_cat-stud-earrings","8":"product_tag-diamond-earrings","9":"product_tag-diamond-studs","10":"product_tag-earrings","11":"product_tag-lab-grown-diamond","12":"product_tag-oval-cut","13":"product_tag-oval-diamond","14":"product_tag-oval-earrings","15":"product_tag-stud-earrings","16":"product_tag-studs","17":"product_tag-vvs1","18":"pa_metal-yellow-gold","20":"first","21":"instock","22":"taxable","23":"shipping-taxable","24":"purchasable","25":"product-type-variable"},"acf":[],"jetpack_sharing_enabled":true,"_links":{"self":[{"href":"https:\/\/lumierediamonds.eu\/es\/wp-json\/wp\/v2\/product\/6260","targetHints":{"allow":["GET"]}}],"collection":[{"href":"https:\/\/lumierediamonds.eu\/es\/wp-json\/wp\/v2\/product"}],"about":[{"href":"https:\/\/lumierediamonds.eu\/es\/wp-json\/wp\/v2\/types\/product"}],"version-history":[{"count":9,"href":"https:\/\/lumierediamonds.eu\/es\/wp-json\/wp\/v2\/product\/6260\/revisions"}],"predecessor-version":[{"id":11482,"href":"https:\/\/lumierediamonds.eu\/es\/wp-json\/wp\/v2\/product\/6260\/revisions\/11482"}],"wp:featuredmedia":[{"embeddable":true,"href":"https:\/\/lumierediamonds.eu\/es\/wp-json\/wp\/v2\/media\/6310"}],"wp:attachment":[{"href":"https:\/\/lumierediamonds.eu\/es\/wp-json\/wp\/v2\/media?parent=6260"}],"wp:term":[{"taxonomy":"product_brand","embeddable":true,"href":"https:\/\/lumierediamonds.eu\/es\/wp-json\/wp\/v2\/product_brand?post=6260"},{"taxonomy":"product_cat","embeddable":true,"href":"https:\/\/lumierediamonds.eu\/es\/wp-json\/wp\/v2\/product_cat?post=6260"},{"taxonomy":"product_tag","embeddable":true,"href":"https:\/\/lumierediamonds.eu\/es\/wp-json\/wp\/v2\/product_tag?post=6260"}],"curies":[{"name":"wp","href":"https:\/\/api.w.org\/{rel}","templated":true}]}}