{"id":6614,"date":"2024-12-03T18:23:22","date_gmt":"2024-12-03T17:23:22","guid":{"rendered":"https:\/\/lumierediamonds.eu\/?post_type=product&#038;p=6614"},"modified":"2025-10-26T13:00:33","modified_gmt":"2025-10-26T12:00:33","slug":"pulsera-illume-con-clip-de-oro-y-diamantes","status":"publish","type":"product","link":"https:\/\/lumierediamonds.eu\/es\/product\/pulsera-illume-con-clip-de-oro-y-diamantes\/","title":{"rendered":"Pulsera Illume Paperclip Gold Diamond"},"content":{"rendered":"<p class=\"p2\">Un cl\u00e1sico moderno con un toque diferente, el <strong>Pulsera Illume Paperclip<\/strong> combina las l\u00edneas limpias de una cadena de oro con el brillo de los diamantes. Elaborada en oro amarillo de 18 quilates, presenta eslabones elegantes en forma de clip, algunos pulidos y otros iluminados con diamantes de laboratorio engastados en pav\u00e9 para darles el toque perfecto de brillo.<\/p>\n<p class=\"p2\">Esta pulsera aporta brillo sin resultar excesiva, por lo que es perfecta para cuando no te decides entre un oro sutil o un brillo llamativo. Ligera y fluida, se ajusta c\u00f3modamente a la mu\u00f1eca y pasa con facilidad de los looks informales de d\u00eda a la elegancia de la noche.<\/p>\n<p class=\"p2\">Un b\u00e1sico imprescindible con versatilidad para el d\u00eda a d\u00eda.<\/p>","protected":false},"excerpt":{"rendered":"<p class=\"p2\">Un cl\u00e1sico moderno con un toque diferente, el <strong>Pulsera Illume Paperclip<\/strong> combina las l\u00edneas limpias de una cadena de oro con el brillo de los diamantes. Elaborada en oro amarillo de 18 quilates, presenta eslabones elegantes en forma de clip, algunos pulidos y otros iluminados con diamantes de laboratorio engastados en pav\u00e9 para darles el toque perfecto de brillo.<\/p>\n<p class=\"p2\">Esta pulsera aporta brillo sin resultar excesiva, por lo que es perfecta para cuando no te decides entre un oro sutil o un brillo llamativo. Ligera y fluida, se ajusta c\u00f3modamente a la mu\u00f1eca y pasa con facilidad de los looks informales de d\u00eda a la elegancia de la noche.<\/p>\n<p class=\"p2\">Un b\u00e1sico imprescindible con versatilidad para el d\u00eda a d\u00eda.<\/p>","protected":false},"featured_media":6615,"template":"","meta":{"_acf_changed":false},"product_brand":[],"product_cat":[55,852],"product_tag":[231,233,237,239,232,234,240,235,187,238],"class_list":{"0":"post-6614","1":"product","2":"type-product","3":"status-publish","4":"has-post-thumbnail","6":"product_cat-bracelets","7":"product_cat-chain-bracelets","8":"product_tag-bracelet","9":"product_tag-chain-bracelet","10":"product_tag-diamond-bracelet","11":"product_tag-diamond-pave-bracelet","12":"product_tag-gold-bracelet","13":"product_tag-gold-chain-bracelet","14":"product_tag-gold-pave-bracelet","15":"product_tag-paperclip-bracelet","16":"product_tag-pave","17":"product_tag-pave-bracelet","18":"pa_metal-yellow-gold","20":"first","21":"instock","22":"taxable","23":"shipping-taxable","24":"purchasable","25":"product-type-simple"},"acf":[],"jetpack_sharing_enabled":true,"_links":{"self":[{"href":"https:\/\/lumierediamonds.eu\/es\/wp-json\/wp\/v2\/product\/6614","targetHints":{"allow":["GET"]}}],"collection":[{"href":"https:\/\/lumierediamonds.eu\/es\/wp-json\/wp\/v2\/product"}],"about":[{"href":"https:\/\/lumierediamonds.eu\/es\/wp-json\/wp\/v2\/types\/product"}],"version-history":[{"count":5,"href":"https:\/\/lumierediamonds.eu\/es\/wp-json\/wp\/v2\/product\/6614\/revisions"}],"predecessor-version":[{"id":11513,"href":"https:\/\/lumierediamonds.eu\/es\/wp-json\/wp\/v2\/product\/6614\/revisions\/11513"}],"wp:featuredmedia":[{"embeddable":true,"href":"https:\/\/lumierediamonds.eu\/es\/wp-json\/wp\/v2\/media\/6615"}],"wp:attachment":[{"href":"https:\/\/lumierediamonds.eu\/es\/wp-json\/wp\/v2\/media?parent=6614"}],"wp:term":[{"taxonomy":"product_brand","embeddable":true,"href":"https:\/\/lumierediamonds.eu\/es\/wp-json\/wp\/v2\/product_brand?post=6614"},{"taxonomy":"product_cat","embeddable":true,"href":"https:\/\/lumierediamonds.eu\/es\/wp-json\/wp\/v2\/product_cat?post=6614"},{"taxonomy":"product_tag","embeddable":true,"href":"https:\/\/lumierediamonds.eu\/es\/wp-json\/wp\/v2\/product_tag?post=6614"}],"curies":[{"name":"wp","href":"https:\/\/api.w.org\/{rel}","templated":true}]}}