{"id":6621,"date":"2024-12-03T18:49:53","date_gmt":"2024-12-03T17:49:53","guid":{"rendered":"https:\/\/lumierediamonds.eu\/?post_type=product&#038;p=6621"},"modified":"2025-12-10T14:07:48","modified_gmt":"2025-12-10T13:07:48","slug":"pulsera-de-tenis-celestia-gold-diamond","status":"publish","type":"product","link":"https:\/\/lumierediamonds.eu\/es\/product\/pulsera-de-tenis-celestia-gold-diamond\/","title":{"rendered":"Pulsera de tenis Celestia Gold Diamond"},"content":{"rendered":"<p class=\"p1\">Brillo inolvidable, capturado en una forma cl\u00e1sica.<b><\/b><\/p>\n<p class=\"p3\">El<strong> Pulsera de tenis Celestia Diamond<\/strong> Irradia con 10 quilates de diamantes cultivados en laboratorio y engastados a mano, cada uno seleccionado para obtener el m\u00e1ximo brillo y simetr\u00eda. Engastadas en luminoso oro blanco de 18 quilates, las piedras forman una fila perfecta de fuego y luz que se curva elegantemente alrededor de la mu\u00f1eca.<\/p>\n<p class=\"p3\">Con un cierre de caja seguro para mayor comodidad y facilidad, Celestia est\u00e1 dise\u00f1ada para brillar en los momentos m\u00e1s memorables de la vida, desde veladas inolvidables hasta la elegancia cotidiana. Atemporal, radiante y exquisitamente elaborada, esta pulsera es un aut\u00e9ntico lujo moderno.<\/p>","protected":false},"excerpt":{"rendered":"<p class=\"p1\">Brillo inolvidable, capturado en una forma cl\u00e1sica.<b><\/b><\/p>\n<p class=\"p3\">El<strong> Pulsera de tenis Celestia Diamond<\/strong> Irradia con 10 quilates de diamantes cultivados en laboratorio y engastados a mano, cada uno seleccionado para obtener el m\u00e1ximo brillo y simetr\u00eda. Engastadas en luminoso oro blanco de 18 quilates, las piedras forman una fila perfecta de fuego y luz que se curva elegantemente alrededor de la mu\u00f1eca.<\/p>\n<p class=\"p3\">Con un cierre de caja seguro para mayor comodidad y facilidad, Celestia est\u00e1 dise\u00f1ada para brillar en los momentos m\u00e1s memorables de la vida, desde veladas inolvidables hasta la elegancia cotidiana. Atemporal, radiante y exquisitamente elaborada, esta pulsera es un aut\u00e9ntico lujo moderno.<\/p>","protected":false},"featured_media":6622,"template":"","meta":{"_acf_changed":false},"product_brand":[],"product_cat":[55,1336],"product_tag":[231,237,245,242,244,243],"class_list":{"0":"post-6621","1":"product","2":"type-product","3":"status-publish","4":"has-post-thumbnail","6":"product_cat-bracelets","7":"product_cat-tennis-bracelets","8":"product_tag-bracelet","9":"product_tag-diamond-bracelet","10":"product_tag-diamond-tennis-bracelet","11":"product_tag-gold-diamond-bracelet","12":"product_tag-gold-tennis-bracelet","13":"product_tag-tennis-bracelet","14":"pa_metal-white-gold","16":"first","17":"instock","18":"taxable","19":"shipping-taxable","20":"purchasable","21":"product-type-simple"},"acf":[],"jetpack_sharing_enabled":true,"_links":{"self":[{"href":"https:\/\/lumierediamonds.eu\/es\/wp-json\/wp\/v2\/product\/6621","targetHints":{"allow":["GET"]}}],"collection":[{"href":"https:\/\/lumierediamonds.eu\/es\/wp-json\/wp\/v2\/product"}],"about":[{"href":"https:\/\/lumierediamonds.eu\/es\/wp-json\/wp\/v2\/types\/product"}],"version-history":[{"count":3,"href":"https:\/\/lumierediamonds.eu\/es\/wp-json\/wp\/v2\/product\/6621\/revisions"}],"predecessor-version":[{"id":10137,"href":"https:\/\/lumierediamonds.eu\/es\/wp-json\/wp\/v2\/product\/6621\/revisions\/10137"}],"wp:featuredmedia":[{"embeddable":true,"href":"https:\/\/lumierediamonds.eu\/es\/wp-json\/wp\/v2\/media\/6622"}],"wp:attachment":[{"href":"https:\/\/lumierediamonds.eu\/es\/wp-json\/wp\/v2\/media?parent=6621"}],"wp:term":[{"taxonomy":"product_brand","embeddable":true,"href":"https:\/\/lumierediamonds.eu\/es\/wp-json\/wp\/v2\/product_brand?post=6621"},{"taxonomy":"product_cat","embeddable":true,"href":"https:\/\/lumierediamonds.eu\/es\/wp-json\/wp\/v2\/product_cat?post=6621"},{"taxonomy":"product_tag","embeddable":true,"href":"https:\/\/lumierediamonds.eu\/es\/wp-json\/wp\/v2\/product_tag?post=6621"}],"curies":[{"name":"wp","href":"https:\/\/api.w.org\/{rel}","templated":true}]}}