{"id":7749,"date":"2025-01-04T12:23:24","date_gmt":"2025-01-04T11:23:24","guid":{"rendered":"https:\/\/lumierediamonds.eu\/?post_type=product&#038;p=7749"},"modified":"2025-12-10T14:12:43","modified_gmt":"2025-12-10T13:12:43","slug":"pulsera-aurora-con-clip-de-papel-y-diamantes-en-dos-tonos","status":"publish","type":"product","link":"https:\/\/lumierediamonds.eu\/es\/product\/pulsera-aurora-con-clip-de-papel-y-diamantes-en-dos-tonos\/","title":{"rendered":"Pulsera Aurora con clip de papel y diamantes en dos tonos"},"content":{"rendered":"<p class=\"p1\">Un cl\u00e1sico moderno con contraste y car\u00e1cter.<\/p>\n<p class=\"p1\"><b><\/b>El <strong>Pulsera Aurora con clip de papel y diamantes en dos tonos<\/strong> Reimagina el dise\u00f1o atemporal del tenis con un atrevido giro en dos tonos. Una luminosa fila de diamantes cultivados en laboratorio, con un total de 1,0 quilates, contrasta elegantemente con los eslabones pulidos de oro amarillo de 18 quilates, creando un llamativo juego de brillo y estructura.<\/p>\n<p class=\"p2\">Su silueta de metales mixtos ofrece una versatilidad sin esfuerzo, ya que combina f\u00e1cilmente con piezas b\u00e1sicas en tonos plateados y con tus favoritas en tonos dorados. Con un cierre de langosta seguro, Aurora aporta un equilibrio moderno a tu colecci\u00f3n de joyas: refinada por s\u00ed sola, radiante en combinaci\u00f3n con otras piezas.<\/p>","protected":false},"excerpt":{"rendered":"<p class=\"p1\">Un cl\u00e1sico moderno con contraste y car\u00e1cter.<\/p>\n<p class=\"p1\"><b><\/b>El <strong>Pulsera Aurora con clip de papel y diamantes en dos tonos<\/strong> reimagina el dise\u00f1o atemporal del tenis con un atrevido toque bicolor. Una luminosa hilera de diamantes cultivados en laboratorio, con un total de 1,0 quilate, contrasta elegantemente con los eslabones pulidos tipo clip de oro amarillo de 18k, creando un sorprendente juego de brillo y estructura.<\/p>\n<p class=\"p2\">Su silueta de metal mixto ofrece una versatilidad sin esfuerzo, combinando tan f\u00e1cilmente con los b\u00e1sicos en tonos plateados como con los favoritos dorados. Acabado con un cierre de langosta seguro, Aurora trae equilibrio moderno a su guardarropa de la joyer\u00eda-refinado por s\u00ed mismo, radiante en una pila.<\/p>","protected":false},"featured_media":7750,"template":"","meta":{"_acf_changed":false},"product_brand":[],"product_cat":[55,1379,1336],"product_tag":[231,237,235,243],"class_list":{"0":"post-7749","1":"product","2":"type-product","3":"status-publish","4":"has-post-thumbnail","6":"product_cat-bracelets","7":"product_cat-paperclip-bracelets","8":"product_cat-tennis-bracelets","9":"product_tag-bracelet","10":"product_tag-diamond-bracelet","11":"product_tag-paperclip-bracelet","12":"product_tag-tennis-bracelet","14":"first","15":"instock","16":"featured","17":"taxable","18":"shipping-taxable","19":"purchasable","20":"product-type-simple"},"acf":[],"jetpack_sharing_enabled":true,"_links":{"self":[{"href":"https:\/\/lumierediamonds.eu\/es\/wp-json\/wp\/v2\/product\/7749","targetHints":{"allow":["GET"]}}],"collection":[{"href":"https:\/\/lumierediamonds.eu\/es\/wp-json\/wp\/v2\/product"}],"about":[{"href":"https:\/\/lumierediamonds.eu\/es\/wp-json\/wp\/v2\/types\/product"}],"version-history":[{"count":4,"href":"https:\/\/lumierediamonds.eu\/es\/wp-json\/wp\/v2\/product\/7749\/revisions"}],"predecessor-version":[{"id":11508,"href":"https:\/\/lumierediamonds.eu\/es\/wp-json\/wp\/v2\/product\/7749\/revisions\/11508"}],"wp:featuredmedia":[{"embeddable":true,"href":"https:\/\/lumierediamonds.eu\/es\/wp-json\/wp\/v2\/media\/7750"}],"wp:attachment":[{"href":"https:\/\/lumierediamonds.eu\/es\/wp-json\/wp\/v2\/media?parent=7749"}],"wp:term":[{"taxonomy":"product_brand","embeddable":true,"href":"https:\/\/lumierediamonds.eu\/es\/wp-json\/wp\/v2\/product_brand?post=7749"},{"taxonomy":"product_cat","embeddable":true,"href":"https:\/\/lumierediamonds.eu\/es\/wp-json\/wp\/v2\/product_cat?post=7749"},{"taxonomy":"product_tag","embeddable":true,"href":"https:\/\/lumierediamonds.eu\/es\/wp-json\/wp\/v2\/product_tag?post=7749"}],"curies":[{"name":"wp","href":"https:\/\/api.w.org\/{rel}","templated":true}]}}