{"id":8023,"date":"2025-01-08T23:49:00","date_gmt":"2025-01-08T22:49:00","guid":{"rendered":"https:\/\/lumierediamonds.eu\/?post_type=product&#038;p=8023"},"modified":"2025-01-12T19:47:11","modified_gmt":"2025-01-12T18:47:11","slug":"la-armonia-del-giro-del-anillo-de-diamantes","status":"publish","type":"product","link":"https:\/\/lumierediamonds.eu\/es\/product\/la-armonia-del-giro-del-anillo-de-diamantes\/","title":{"rendered":"La banda de diamantes Harmony Twist"},"content":{"rendered":"<p class=\"p1\">Celebra la elegancia atemporal con el <strong>Armon\u00eda<\/strong><b>\u00a0Anillo de eternidad con diamantes retorcidos<\/b>, un sofisticado s\u00edmbolo del amor eterno. Esta exquisita pieza presenta un delicado dise\u00f1o entrelazado, que combina oro pulido con una brillante cinta de diamantes de laboratorio de la m\u00e1s alta pureza que envuelve toda la banda. Ya sea como alianza de boda, anillo de aniversario o estilo apilable, su elegancia moderna y su artesan\u00eda duradera la convierten en el complemento perfecto para su colecci\u00f3n de joyer\u00eda fina.<\/p>","protected":false},"excerpt":{"rendered":"<p>Celebra la elegancia atemporal con el <strong>Armon\u00eda<\/strong><b>\u00a0Anillo de eternidad con diamantes retorcidos<\/b>, un sofisticado s\u00edmbolo del amor eterno. Esta exquisita pieza presenta un delicado dise\u00f1o entrelazado, que combina oro pulido con una brillante cinta de diamantes de laboratorio de la m\u00e1s alta pureza que envuelve toda la banda. Ya sea como alianza de boda, anillo de aniversario o estilo apilable, su elegancia moderna y su artesan\u00eda duradera la convierten en el complemento perfecto para su colecci\u00f3n de joyer\u00eda fina.<\/p>","protected":false},"featured_media":8025,"template":"","meta":{"_acf_changed":false},"product_brand":[],"product_cat":[251,52,57],"product_tag":[424,433,430,432,431,429,423,426,427,435,434,428,425],"class_list":{"0":"post-8023","1":"product","2":"type-product","3":"status-publish","4":"has-post-thumbnail","6":"product_cat-eternity-bands","7":"product_cat-rings","8":"product_cat-wedding-bands","9":"product_tag-18k-white-gold-eternity-ring","10":"product_tag-elegant-anniversary-ring","11":"product_tag-lab-grown-diamond-eternity-band","12":"product_tag-minimalist-diamond-ring","13":"product_tag-modern-wedding-ring","14":"product_tag-pave-diamond-ring","15":"product_tag-petite-diamond-eternity-ring","16":"product_tag-rose-gold-diamond-band","17":"product_tag-stackable-diamond-ring","18":"product_tag-twist-eternity-ring","19":"product_tag-twist-ring","20":"product_tag-twisted-diamond-ring","21":"product_tag-yellow-gold-twist-ring","22":"pa_metal-rose-gold","23":"pa_metal-white-gold","24":"pa_metal-yellow-gold","26":"first","27":"instock","28":"featured","29":"taxable","30":"shipping-taxable","31":"purchasable","32":"product-type-variable"},"acf":[],"jetpack_sharing_enabled":true,"_links":{"self":[{"href":"https:\/\/lumierediamonds.eu\/es\/wp-json\/wp\/v2\/product\/8023","targetHints":{"allow":["GET"]}}],"collection":[{"href":"https:\/\/lumierediamonds.eu\/es\/wp-json\/wp\/v2\/product"}],"about":[{"href":"https:\/\/lumierediamonds.eu\/es\/wp-json\/wp\/v2\/types\/product"}],"version-history":[{"count":1,"href":"https:\/\/lumierediamonds.eu\/es\/wp-json\/wp\/v2\/product\/8023\/revisions"}],"predecessor-version":[{"id":8048,"href":"https:\/\/lumierediamonds.eu\/es\/wp-json\/wp\/v2\/product\/8023\/revisions\/8048"}],"wp:featuredmedia":[{"embeddable":true,"href":"https:\/\/lumierediamonds.eu\/es\/wp-json\/wp\/v2\/media\/8025"}],"wp:attachment":[{"href":"https:\/\/lumierediamonds.eu\/es\/wp-json\/wp\/v2\/media?parent=8023"}],"wp:term":[{"taxonomy":"product_brand","embeddable":true,"href":"https:\/\/lumierediamonds.eu\/es\/wp-json\/wp\/v2\/product_brand?post=8023"},{"taxonomy":"product_cat","embeddable":true,"href":"https:\/\/lumierediamonds.eu\/es\/wp-json\/wp\/v2\/product_cat?post=8023"},{"taxonomy":"product_tag","embeddable":true,"href":"https:\/\/lumierediamonds.eu\/es\/wp-json\/wp\/v2\/product_tag?post=8023"}],"curies":[{"name":"wp","href":"https:\/\/api.w.org\/{rel}","templated":true}]}}