{"id":8115,"date":"2025-01-09T02:52:46","date_gmt":"2025-01-09T01:52:46","guid":{"rendered":"https:\/\/lumierediamonds.eu\/?post_type=product&#038;p=8115"},"modified":"2025-11-17T14:36:09","modified_gmt":"2025-11-17T13:36:09","slug":"delicada-banda-de-diamantes","status":"publish","type":"product","link":"https:\/\/lumierediamonds.eu\/es\/product\/delicada-banda-de-diamantes\/","title":{"rendered":"Delicada banda de diamantes en forma de V"},"content":{"rendered":"<p>Elegante y f\u00e1cil de llevar, el <strong>Delicada banda de diamantes en forma de V<\/strong> Aporta un nuevo enfoque a una forma cl\u00e1sica. Elaborado en oro blanco de 18 quilates, presenta una suave curva en forma de V con 0,2 quilates de diamantes redondos creados en laboratorio que captan la luz con cada movimiento.<\/p>\n<p>Ya sea como alianza, como parte de un conjunto o sola, su silueta curvada a\u00f1ade un detalle suave y elegante a tu look. Sencilla, brillante y pensada para el d\u00eda a d\u00eda.<\/p>","protected":false},"excerpt":{"rendered":"<p>Elegante y f\u00e1cil de llevar, el <strong>Delicada banda de diamantes en forma de V<\/strong> Aporta un nuevo enfoque a una forma cl\u00e1sica. Elaborado en oro blanco de 18 quilates, presenta una suave curva en forma de V con 0,2 quilates de diamantes redondos creados en laboratorio que captan la luz con cada movimiento.<\/p>\n<p>Ya sea como alianza, como parte de un conjunto o sola, su silueta curvada a\u00f1ade un detalle suave y elegante a tu look. Sencilla, brillante y pensada para el d\u00eda a d\u00eda.<\/p>","protected":false},"featured_media":8118,"template":"","meta":{"_acf_changed":false},"product_brand":[],"product_cat":[58,251,23,52,57],"product_tag":[489,491,410,412,441,432,431,488,490,492,487],"class_list":{"0":"post-8115","1":"product","2":"type-product","3":"status-publish","4":"has-post-thumbnail","6":"product_cat-casual-rings","7":"product_cat-eternity-bands","8":"product_cat-love-engagement","9":"product_cat-rings","10":"product_cat-wedding-bands","11":"product_tag-14k-white-gold-band","12":"product_tag-curved-wedding-band","13":"product_tag-elegant-diamond-ring","14":"product_tag-fine-jewelry-for-women","15":"product_tag-lab-grown-diamond-band","16":"product_tag-minimalist-diamond-ring","17":"product_tag-modern-wedding-ring","18":"product_tag-pave-set-diamond-band","19":"product_tag-stackable-diamond-band","20":"product_tag-timeless-diamond-band","21":"product_tag-v-curved-diamond-ring","22":"pa_metal-white-gold","24":"first","25":"instock","26":"taxable","27":"shipping-taxable","28":"purchasable","29":"product-type-variable"},"acf":[],"jetpack_sharing_enabled":true,"_links":{"self":[{"href":"https:\/\/lumierediamonds.eu\/es\/wp-json\/wp\/v2\/product\/8115","targetHints":{"allow":["GET"]}}],"collection":[{"href":"https:\/\/lumierediamonds.eu\/es\/wp-json\/wp\/v2\/product"}],"about":[{"href":"https:\/\/lumierediamonds.eu\/es\/wp-json\/wp\/v2\/types\/product"}],"version-history":[{"count":3,"href":"https:\/\/lumierediamonds.eu\/es\/wp-json\/wp\/v2\/product\/8115\/revisions"}],"predecessor-version":[{"id":11343,"href":"https:\/\/lumierediamonds.eu\/es\/wp-json\/wp\/v2\/product\/8115\/revisions\/11343"}],"wp:featuredmedia":[{"embeddable":true,"href":"https:\/\/lumierediamonds.eu\/es\/wp-json\/wp\/v2\/media\/8118"}],"wp:attachment":[{"href":"https:\/\/lumierediamonds.eu\/es\/wp-json\/wp\/v2\/media?parent=8115"}],"wp:term":[{"taxonomy":"product_brand","embeddable":true,"href":"https:\/\/lumierediamonds.eu\/es\/wp-json\/wp\/v2\/product_brand?post=8115"},{"taxonomy":"product_cat","embeddable":true,"href":"https:\/\/lumierediamonds.eu\/es\/wp-json\/wp\/v2\/product_cat?post=8115"},{"taxonomy":"product_tag","embeddable":true,"href":"https:\/\/lumierediamonds.eu\/es\/wp-json\/wp\/v2\/product_tag?post=8115"}],"curies":[{"name":"wp","href":"https:\/\/api.w.org\/{rel}","templated":true}]}}