{"id":8553,"date":"2025-06-06T17:45:14","date_gmt":"2025-06-06T15:45:14","guid":{"rendered":"https:\/\/lumierediamonds.eu\/?post_type=product&#038;p=8553"},"modified":"2025-12-10T14:09:19","modified_gmt":"2025-12-10T13:09:19","slug":"pulsera-con-diamantes-en-forma-de-aire-elegante","status":"publish","type":"product","link":"https:\/\/lumierediamonds.eu\/es\/product\/pulsera-con-diamantes-en-forma-de-aire-elegante\/","title":{"rendered":"Pulsera con diamantes y formas elegantes de Aria"},"content":{"rendered":"<p class=\"p1\">Dram\u00e1tico pero refinado, el <strong>Pulsera con diamantes y formas elegantes de Aria<\/strong> es una celebraci\u00f3n de la brillantez en todas sus formas. Con un total de 7 quilates de diamantes cultivados en laboratorio, esta cautivadora pieza presenta una variedad de formas \u2014coraz\u00f3n, pera, marquesa, ovalada, coj\u00edn y esmeralda\u2014 cada una de ellas tallada por expertos para deslumbrar desde todos los \u00e1ngulos.<\/p>\n<p class=\"p1\">Engastados en oro amarillo pulido de 18 quilates, los diamantes est\u00e1n fijados con garras a lo largo de una elegante silueta que se mueve con naturalidad con la mu\u00f1eca. Un cierre de caja seguro con cierre de seguridad garantiza un uso elegante desde la ma\u00f1ana hasta la noche.<\/p>\n<p class=\"p1\">Destacado por su elegancia, el Aria es un tesoro para los amantes del brillo y aquellos atra\u00eddos por el arte de los cortes \u00fanicos de diamantes: el lujo reinventado para el coleccionista moderno.<\/p>","protected":false},"excerpt":{"rendered":"<p class=\"p1\">Dram\u00e1tico pero refinado, el <strong>Pulsera con diamantes y formas elegantes de Aria<\/strong> es una celebraci\u00f3n de la brillantez en todas sus formas. Con un total de 7 quilates de diamantes cultivados en laboratorio, esta cautivadora pieza presenta una variedad de formas \u2014coraz\u00f3n, pera, marquesa, ovalada, coj\u00edn y esmeralda\u2014 cada una de ellas tallada por expertos para deslumbrar desde todos los \u00e1ngulos.<\/p>\n<p class=\"p1\">Engastados en oro amarillo pulido de 18 quilates, los diamantes est\u00e1n fijados con garras a lo largo de una elegante silueta que se mueve con naturalidad con la mu\u00f1eca. Un cierre de caja seguro con cierre de seguridad garantiza un uso elegante desde la ma\u00f1ana hasta la noche.<\/p>\n<p class=\"p1\">Destacado por su elegancia, el Aria es un tesoro para los amantes del brillo y aquellos atra\u00eddos por el arte de los cortes \u00fanicos de diamantes: el lujo reinventado para el coleccionista moderno.<\/p>","protected":false},"featured_media":8549,"template":"","meta":{"_acf_changed":false},"product_brand":[],"product_cat":[55,1338],"product_tag":[557,563,562,237,556,245,367,559,366,565,555,567,558,364,560,365,472,561,243,564,566,371],"class_list":{"0":"post-8553","1":"product","2":"type-product","3":"status-publish","4":"has-post-thumbnail","6":"product_cat-bracelets","7":"product_cat-station-bracelets","8":"product_tag-7-carat-bracelet","9":"product_tag-aria-bracelet","10":"product_tag-carat-total-weight-7-ct","11":"product_tag-diamond-bracelet","12":"product_tag-diamond-station-bracelet","13":"product_tag-diamond-tennis-bracelet","14":"product_tag-elegant-bracelets","15":"product_tag-elegant-diamond-bracelet","16":"product_tag-everyday-luxury","17":"product_tag-fancy-cut-diamond-bracelet","18":"product_tag-fancy-shape-diamonds","19":"product_tag-lab-created-diamond-bracelet","20":"product_tag-lab-grown-diamond-bracelet","21":"product_tag-lab-grown-diamonds","22":"product_tag-luxury-gold-bracelet","23":"product_tag-minimalist-bracelet","24":"product_tag-modern-diamond-jewelry","25":"product_tag-prong-set-bracelet","26":"product_tag-tennis-bracelet","27":"product_tag-unique-diamond-shapes","28":"product_tag-womens-diamond-bracelet","29":"product_tag-yellow-gold-bracelet","30":"pa_metal-yellow-gold","32":"first","33":"instock","34":"taxable","35":"shipping-taxable","36":"purchasable","37":"product-type-simple"},"acf":[],"jetpack_sharing_enabled":true,"_links":{"self":[{"href":"https:\/\/lumierediamonds.eu\/es\/wp-json\/wp\/v2\/product\/8553","targetHints":{"allow":["GET"]}}],"collection":[{"href":"https:\/\/lumierediamonds.eu\/es\/wp-json\/wp\/v2\/product"}],"about":[{"href":"https:\/\/lumierediamonds.eu\/es\/wp-json\/wp\/v2\/types\/product"}],"version-history":[{"count":8,"href":"https:\/\/lumierediamonds.eu\/es\/wp-json\/wp\/v2\/product\/8553\/revisions"}],"predecessor-version":[{"id":13439,"href":"https:\/\/lumierediamonds.eu\/es\/wp-json\/wp\/v2\/product\/8553\/revisions\/13439"}],"wp:featuredmedia":[{"embeddable":true,"href":"https:\/\/lumierediamonds.eu\/es\/wp-json\/wp\/v2\/media\/8549"}],"wp:attachment":[{"href":"https:\/\/lumierediamonds.eu\/es\/wp-json\/wp\/v2\/media?parent=8553"}],"wp:term":[{"taxonomy":"product_brand","embeddable":true,"href":"https:\/\/lumierediamonds.eu\/es\/wp-json\/wp\/v2\/product_brand?post=8553"},{"taxonomy":"product_cat","embeddable":true,"href":"https:\/\/lumierediamonds.eu\/es\/wp-json\/wp\/v2\/product_cat?post=8553"},{"taxonomy":"product_tag","embeddable":true,"href":"https:\/\/lumierediamonds.eu\/es\/wp-json\/wp\/v2\/product_tag?post=8553"}],"curies":[{"name":"wp","href":"https:\/\/api.w.org\/{rel}","templated":true}]}}