{"id":8562,"date":"2025-06-09T01:09:13","date_gmt":"2025-06-08T23:09:13","guid":{"rendered":"https:\/\/lumierediamonds.eu\/?post_type=product&#038;p=8562"},"modified":"2025-11-24T18:11:45","modified_gmt":"2025-11-24T17:11:45","slug":"pulsera-cannes-panther-link-diamond","status":"publish","type":"product","link":"https:\/\/lumierediamonds.eu\/es\/product\/pulsera-cannes-panther-link-diamond\/","title":{"rendered":"Pulsera Cannes Panther Link Diamond"},"content":{"rendered":"<p class=\"p1\"><span class=\"s1\">El <b>Pulsera Cannes Panther Link Diamond<\/b><\/span> aporta un toque de opulencia cotidiana.<\/p>\n<p class=\"p1\">Con un total de 2 quilates de brillantes diamantes cultivados en laboratorio, sus elegantes eslabones dorados captan la luz con cada movimiento, ofreciendo un brillo resplandeciente desde todos los \u00e1ngulos. Dise\u00f1ado con un tacto fluido y flexible y asegurado por un discreto cierre plegable, equilibra el refinamiento y la comodidad.<\/p>\n<p class=\"p1\">Ya sea sola o combinada con otras, la pulsera Cannes aporta un aire de confianza y glamour innegable, a\u00f1adiendo elegancia a tu d\u00eda a d\u00eda y presencia a cada ocasi\u00f3n.<\/p>","protected":false},"excerpt":{"rendered":"<p class=\"p1\"><span class=\"s1\">El <b>Pulsera Cannes Panther Link Diamond<\/b><\/span> aporta un toque de opulencia cotidiana.<\/p>\n<p class=\"p1\">Con un total de 2 quilates de brillantes diamantes cultivados en laboratorio, sus elegantes eslabones dorados captan la luz con cada movimiento, ofreciendo un brillo resplandeciente desde todos los \u00e1ngulos. Dise\u00f1ado con un tacto fluido y flexible y asegurado por un discreto cierre plegable, equilibra el refinamiento y la comodidad.<\/p>\n<p class=\"p1\">Ya sea sola o combinada con otras, la pulsera Cannes aporta un aire de confianza y glamour innegable, a\u00f1adiendo elegancia a tu d\u00eda a d\u00eda y presencia a cada ocasi\u00f3n.<\/p>","protected":false},"featured_media":8558,"template":"","meta":{"_acf_changed":false},"product_brand":[],"product_cat":[55],"product_tag":[377,573,576,572,569,575,558,577,571,568,574,570],"class_list":{"0":"post-8562","1":"product","2":"type-product","3":"status-publish","4":"has-post-thumbnail","6":"product_cat-bracelets","7":"product_tag-18k-yellow-gold-bracelet","8":"product_tag-bold-gold-jewelry","9":"product_tag-cannes-bracelet","10":"product_tag-designer-diamond-bracelet","11":"product_tag-diamond-link-bracelet","12":"product_tag-fine-jewelry-bracelet","13":"product_tag-lab-grown-diamond-bracelet","14":"product_tag-lumiere-bracelet","15":"product_tag-luxury-link-bracelet","16":"product_tag-panther-link-bracelet","17":"product_tag-prong-set-diamond-bracelet","18":"product_tag-statement-gold-bracelet","19":"pa_metal-yellow-gold","21":"first","22":"instock","23":"taxable","24":"shipping-taxable","25":"purchasable","26":"product-type-simple"},"acf":[],"jetpack_sharing_enabled":true,"_links":{"self":[{"href":"https:\/\/lumierediamonds.eu\/es\/wp-json\/wp\/v2\/product\/8562","targetHints":{"allow":["GET"]}}],"collection":[{"href":"https:\/\/lumierediamonds.eu\/es\/wp-json\/wp\/v2\/product"}],"about":[{"href":"https:\/\/lumierediamonds.eu\/es\/wp-json\/wp\/v2\/types\/product"}],"version-history":[{"count":4,"href":"https:\/\/lumierediamonds.eu\/es\/wp-json\/wp\/v2\/product\/8562\/revisions"}],"predecessor-version":[{"id":11509,"href":"https:\/\/lumierediamonds.eu\/es\/wp-json\/wp\/v2\/product\/8562\/revisions\/11509"}],"wp:featuredmedia":[{"embeddable":true,"href":"https:\/\/lumierediamonds.eu\/es\/wp-json\/wp\/v2\/media\/8558"}],"wp:attachment":[{"href":"https:\/\/lumierediamonds.eu\/es\/wp-json\/wp\/v2\/media?parent=8562"}],"wp:term":[{"taxonomy":"product_brand","embeddable":true,"href":"https:\/\/lumierediamonds.eu\/es\/wp-json\/wp\/v2\/product_brand?post=8562"},{"taxonomy":"product_cat","embeddable":true,"href":"https:\/\/lumierediamonds.eu\/es\/wp-json\/wp\/v2\/product_cat?post=8562"},{"taxonomy":"product_tag","embeddable":true,"href":"https:\/\/lumierediamonds.eu\/es\/wp-json\/wp\/v2\/product_tag?post=8562"}],"curies":[{"name":"wp","href":"https:\/\/api.w.org\/{rel}","templated":true}]}}