{"id":8618,"date":"2025-06-10T16:19:11","date_gmt":"2025-06-10T14:19:11","guid":{"rendered":"https:\/\/lumierediamonds.eu\/?post_type=product&#038;p=8618"},"modified":"2025-11-24T18:11:48","modified_gmt":"2025-11-24T17:11:48","slug":"pulsera-tenis-con-diamantes-engastados-en-bisel-ovalado-roma","status":"publish","type":"product","link":"https:\/\/lumierediamonds.eu\/es\/product\/pulsera-tenis-con-diamantes-engastados-en-bisel-ovalado-roma\/","title":{"rendered":"Pulsera tenis con diamantes engastados en bisel ovalado Roma"},"content":{"rendered":"<p class=\"p1\">Un dise\u00f1o inspirado en la tradici\u00f3n y reinventado para la vida moderna: elegante, pr\u00e1ctico y f\u00e1cil de llevar en cualquier ocasi\u00f3n.<b><\/b><\/p>\n<p class=\"p2\">El <span class=\"s1\"><b>Pulsera de tenis con corte ovalado Roma<\/b><\/span> Cuenta con una l\u00ednea continua de diamantes cultivados en laboratorio con corte ovalado, cada uno engastado en biseles lisos para ofrecer una alternativa segura y de bajo mantenimiento a los engastes tradicionales con garras, ideal para quienes llevan un estilo de vida activo o prefieren la elegancia sin esfuerzo.<\/p>\n<p class=\"p2\">Su dise\u00f1o discreto no solo protege cada diamante, sino que tambi\u00e9n aporta un sutil encanto vintage, realzado por una silueta limpia y moderna. Disponible en oro blanco, amarillo o rosa de 18 quilates y asegurado con un discreto cierre de caja, el <span class=\"s1\">Pulsera Roma<\/span> Aporta un toque refinado tanto si se lleva solo como combinado con otras prendas.<\/p>","protected":false},"excerpt":{"rendered":"<p class=\"p1\">Un dise\u00f1o inspirado en la tradici\u00f3n y reinventado para la vida moderna: elegante, pr\u00e1ctico y f\u00e1cil de llevar en cualquier ocasi\u00f3n.<b><\/b><\/p>\n<p class=\"p2\">El <span class=\"s1\"><b>Pulsera de tenis con corte ovalado Roma<\/b><\/span> Cuenta con una l\u00ednea continua de diamantes cultivados en laboratorio con corte ovalado, cada uno engastado en biseles lisos para ofrecer una alternativa segura y de bajo mantenimiento a los engastes tradicionales con garras, ideal para quienes llevan un estilo de vida activo o prefieren la elegancia sin esfuerzo.<\/p>\n<p class=\"p2\">Su dise\u00f1o discreto no solo protege cada diamante, sino que tambi\u00e9n aporta un sutil encanto vintage, realzado por una silueta limpia y moderna. Disponible en oro blanco, amarillo o rosa de 18 quilates y asegurado con un discreto cierre de caja, el <span class=\"s1\">Pulsera Roma<\/span> Aporta un toque refinado tanto si se lleva solo como combinado con otras prendas.<\/p>","protected":false},"featured_media":8711,"template":"","meta":{"_acf_changed":false},"product_brand":[],"product_cat":[55],"product_tag":[653,603,656,607,654,655,590,250,657,593],"class_list":{"0":"post-8618","1":"product","2":"type-product","3":"status-publish","4":"has-post-thumbnail","6":"product_cat-bracelets","7":"product_tag-18k-gold-tennis-bracelet","8":"product_tag-bezel-set-diamond-bracelet","9":"product_tag-elegant-tennis-bracelet","10":"product_tag-gold-and-diamond-bracelet","11":"product_tag-lab-grown-diamond-tennis-bracelet","12":"product_tag-luxury-fine-jewelry","13":"product_tag-modern-diamond-bracelet","14":"product_tag-oval-diamond-bracelet","15":"product_tag-roma-collection","16":"product_tag-statement-diamond-bracelet","17":"pa_metal-rose-gold","18":"pa_metal-white-gold","19":"pa_metal-yellow-gold","21":"first","22":"instock","23":"taxable","24":"shipping-taxable","25":"purchasable","26":"product-type-variable"},"acf":[],"jetpack_sharing_enabled":true,"_links":{"self":[{"href":"https:\/\/lumierediamonds.eu\/es\/wp-json\/wp\/v2\/product\/8618","targetHints":{"allow":["GET"]}}],"collection":[{"href":"https:\/\/lumierediamonds.eu\/es\/wp-json\/wp\/v2\/product"}],"about":[{"href":"https:\/\/lumierediamonds.eu\/es\/wp-json\/wp\/v2\/types\/product"}],"version-history":[{"count":7,"href":"https:\/\/lumierediamonds.eu\/es\/wp-json\/wp\/v2\/product\/8618\/revisions"}],"predecessor-version":[{"id":11519,"href":"https:\/\/lumierediamonds.eu\/es\/wp-json\/wp\/v2\/product\/8618\/revisions\/11519"}],"wp:featuredmedia":[{"embeddable":true,"href":"https:\/\/lumierediamonds.eu\/es\/wp-json\/wp\/v2\/media\/8711"}],"wp:attachment":[{"href":"https:\/\/lumierediamonds.eu\/es\/wp-json\/wp\/v2\/media?parent=8618"}],"wp:term":[{"taxonomy":"product_brand","embeddable":true,"href":"https:\/\/lumierediamonds.eu\/es\/wp-json\/wp\/v2\/product_brand?post=8618"},{"taxonomy":"product_cat","embeddable":true,"href":"https:\/\/lumierediamonds.eu\/es\/wp-json\/wp\/v2\/product_cat?post=8618"},{"taxonomy":"product_tag","embeddable":true,"href":"https:\/\/lumierediamonds.eu\/es\/wp-json\/wp\/v2\/product_tag?post=8618"}],"curies":[{"name":"wp","href":"https:\/\/api.w.org\/{rel}","templated":true}]}}