{"id":8954,"date":"2025-06-17T00:28:40","date_gmt":"2025-06-16T22:28:40","guid":{"rendered":"https:\/\/lumierediamonds.eu\/product\/the-aria-mixed-shapes-diamond-eternity-ring\/"},"modified":"2025-10-01T16:19:01","modified_gmt":"2025-10-01T14:19:01","slug":"anillo-de-eternidad-con-diamantes-y-formas-mixtas-de-aria","status":"publish","type":"product","link":"https:\/\/lumierediamonds.eu\/es\/product\/anillo-de-eternidad-con-diamantes-y-formas-mixtas-de-aria\/","title":{"rendered":"Anillo de eternidad con diamantes y formas mixtas Aria"},"content":{"rendered":"<p>Dram\u00e1tico pero refinado, el <b>Anillo de eternidad con diamantes y formas elegantes Aria<\/b> es una llamativa celebraci\u00f3n de la brillantez en todas sus formas. Este cautivador dise\u00f1o presenta una cuidada combinaci\u00f3n de diamantes cultivados en laboratorio \u2014en forma de pera, esmeralda, marquesa, ovalada y redonda\u2014 cada uno engastado con garras para captar la luz desde todos los \u00e1ngulos.<\/p>\n<p>Con su c\u00edrculo completo de 3,5 quilates de piedras talladas por expertos, Aria ofrece una extraordinaria combinaci\u00f3n de textura y simetr\u00eda. Elaborado en oro blanco pulido de 18 quilates, es una audaz expresi\u00f3n de arte e individualidad, perfecto para aquellos que aprecian las piezas llamativas con una sofisticaci\u00f3n atemporal.<\/p>\n<p>El anillo Aria, el sue\u00f1o de cualquier coleccionista, re\u00fane la magia de m\u00faltiples cortes de diamantes en un \u00fanico y brillante aro.<\/p>","protected":false},"excerpt":{"rendered":"<p>Dram\u00e1tico pero refinado, el <b>Anillo de eternidad con diamantes y formas elegantes Aria<\/b> es una llamativa celebraci\u00f3n de la brillantez en todas sus formas. Este cautivador dise\u00f1o presenta una cuidada combinaci\u00f3n de diamantes cultivados en laboratorio \u2014en forma de pera, esmeralda, marquesa, ovalada y redonda\u2014 cada uno engastado con garras para captar la luz desde todos los \u00e1ngulos.<\/p>\n<p>Con su c\u00edrculo completo de 3,5 quilates de piedras talladas por expertos, Aria ofrece una extraordinaria combinaci\u00f3n de textura y simetr\u00eda. Elaborado en oro blanco pulido de 18 quilates, es una audaz expresi\u00f3n de arte e individualidad, perfecto para aquellos que aprecian las piezas llamativas con una sofisticaci\u00f3n atemporal.<\/p>\n<p>El anillo Aria, el sue\u00f1o de cualquier coleccionista, re\u00fane la magia de m\u00faltiples cortes de diamantes en un \u00fanico y brillante aro.<\/p>","protected":false},"featured_media":8957,"template":"","meta":{"_acf_changed":false},"product_brand":[],"product_cat":[58,251,52],"product_tag":[252,705,679,702,700,482,704,701,537,703],"class_list":{"0":"post-8954","1":"product","2":"type-product","3":"status-publish","4":"has-post-thumbnail","6":"product_cat-casual-rings","7":"product_cat-eternity-bands","8":"product_cat-rings","9":"product_tag-eternity-ring","10":"product_tag-fine-diamond-ring","11":"product_tag-lab-grown-diamond-ring-2","12":"product_tag-luxury-wedding-band","13":"product_tag-mixed-shape-diamonds","14":"product_tag-platinum-diamond-ring","15":"product_tag-platinum-jewelry","16":"product_tag-round-emerald-pear-diamond-ring","17":"product_tag-statement-eternity-band","18":"product_tag-unique-diamond-ring","19":"pa_metal-white-gold","21":"first","22":"instock","23":"taxable","24":"shipping-taxable","25":"purchasable","26":"product-type-simple"},"acf":[],"jetpack_sharing_enabled":true,"_links":{"self":[{"href":"https:\/\/lumierediamonds.eu\/es\/wp-json\/wp\/v2\/product\/8954","targetHints":{"allow":["GET"]}}],"collection":[{"href":"https:\/\/lumierediamonds.eu\/es\/wp-json\/wp\/v2\/product"}],"about":[{"href":"https:\/\/lumierediamonds.eu\/es\/wp-json\/wp\/v2\/types\/product"}],"version-history":[{"count":4,"href":"https:\/\/lumierediamonds.eu\/es\/wp-json\/wp\/v2\/product\/8954\/revisions"}],"predecessor-version":[{"id":11345,"href":"https:\/\/lumierediamonds.eu\/es\/wp-json\/wp\/v2\/product\/8954\/revisions\/11345"}],"wp:featuredmedia":[{"embeddable":true,"href":"https:\/\/lumierediamonds.eu\/es\/wp-json\/wp\/v2\/media\/8957"}],"wp:attachment":[{"href":"https:\/\/lumierediamonds.eu\/es\/wp-json\/wp\/v2\/media?parent=8954"}],"wp:term":[{"taxonomy":"product_brand","embeddable":true,"href":"https:\/\/lumierediamonds.eu\/es\/wp-json\/wp\/v2\/product_brand?post=8954"},{"taxonomy":"product_cat","embeddable":true,"href":"https:\/\/lumierediamonds.eu\/es\/wp-json\/wp\/v2\/product_cat?post=8954"},{"taxonomy":"product_tag","embeddable":true,"href":"https:\/\/lumierediamonds.eu\/es\/wp-json\/wp\/v2\/product_tag?post=8954"}],"curies":[{"name":"wp","href":"https:\/\/api.w.org\/{rel}","templated":true}]}}