{"id":9169,"date":"2025-06-30T19:49:33","date_gmt":"2025-06-30T17:49:33","guid":{"rendered":"https:\/\/lumierediamonds.eu\/product\/the-dynasty-intricate-crown-diamond-ring\/"},"modified":"2025-10-01T15:50:22","modified_gmt":"2025-10-01T13:50:22","slug":"anillo-de-diamantes-dynasty","status":"publish","type":"product","link":"https:\/\/lumierediamonds.eu\/es\/product\/anillo-de-diamantes-dynasty\/","title":{"rendered":"Anillo de diamantes Dynasty"},"content":{"rendered":"<p>Ad\u00e9ntrate en otra \u00e9poca con el<b> Anillo de diamantes Dynasty<\/b>\u2014una pieza elegante inspirada en la belleza vintage<b>.<\/b><span class=\"Apple-converted-space\">\u00a0<\/span><\/p>\n<p>Su dise\u00f1o en forma de corona y sus delicados detalles evocan el encanto de las joyas antiguas, mientras que los diamantes cultivados en laboratorio de 0,23 quilates, engastados en garras, brillan con cada movimiento.<\/p>\n<p>Elaborado en oro amarillo, blanco o rosa de 18 quilates, a elegir, el Dynasty combina el estilo cl\u00e1sico con la artesan\u00eda moderna. Ya sea para lucirlo en una ocasi\u00f3n especial o para a\u00f1adir un toque \u00fanico a tu d\u00eda a d\u00eda, es un anillo atemporal que causa una impresi\u00f3n duradera.<\/p>","protected":false},"excerpt":{"rendered":"<p>Ad\u00e9ntrate en otra \u00e9poca con el<b> Anillo de diamantes Dynasty<\/b>\u2014una pieza elegante inspirada en la belleza vintage<b>.<\/b><\/p>\n<p>Su dise\u00f1o en forma de corona y sus delicados detalles evocan el encanto de las joyas antiguas, mientras que los diamantes cultivados en laboratorio de 0,23 quilates, engastados en garras, brillan con cada movimiento.<\/p>\n<p>Elaborado en oro amarillo, blanco o rosa de 18 quilates, a elegir, el Dynasty combina el estilo cl\u00e1sico con la artesan\u00eda moderna. Ya sea para lucirlo en una ocasi\u00f3n especial o para a\u00f1adir un toque \u00fanico a tu d\u00eda a d\u00eda, es un anillo atemporal que causa una impresi\u00f3n duradera.<\/p>","protected":false},"featured_media":9205,"template":"","meta":{"_acf_changed":false},"product_brand":[],"product_cat":[58,552,52],"product_tag":[680,721,725,412,727,722,679,726,724,723],"class_list":{"0":"post-9169","1":"product","2":"type-product","3":"status-publish","4":"has-post-thumbnail","6":"product_cat-casual-rings","7":"product_cat-diamond-essentials","8":"product_cat-rings","9":"product_tag-18k-gold-ring","10":"product_tag-crown-diamond-ring","11":"product_tag-detailed-gold-ring","12":"product_tag-fine-jewelry-for-women","13":"product_tag-heirloom-style-jewelry","14":"product_tag-intricate-gold-ring","15":"product_tag-lab-grown-diamond-ring-2","16":"product_tag-princess-crown-ring","17":"product_tag-regal-diamond-band","18":"product_tag-vintage-inspired-jewelry","19":"pa_metal-rose-gold","20":"pa_metal-white-gold","21":"pa_metal-yellow-gold","23":"first","24":"instock","25":"taxable","26":"shipping-taxable","27":"purchasable","28":"product-type-variable"},"acf":[],"jetpack_sharing_enabled":true,"_links":{"self":[{"href":"https:\/\/lumierediamonds.eu\/es\/wp-json\/wp\/v2\/product\/9169","targetHints":{"allow":["GET"]}}],"collection":[{"href":"https:\/\/lumierediamonds.eu\/es\/wp-json\/wp\/v2\/product"}],"about":[{"href":"https:\/\/lumierediamonds.eu\/es\/wp-json\/wp\/v2\/types\/product"}],"version-history":[{"count":3,"href":"https:\/\/lumierediamonds.eu\/es\/wp-json\/wp\/v2\/product\/9169\/revisions"}],"predecessor-version":[{"id":11342,"href":"https:\/\/lumierediamonds.eu\/es\/wp-json\/wp\/v2\/product\/9169\/revisions\/11342"}],"wp:featuredmedia":[{"embeddable":true,"href":"https:\/\/lumierediamonds.eu\/es\/wp-json\/wp\/v2\/media\/9205"}],"wp:attachment":[{"href":"https:\/\/lumierediamonds.eu\/es\/wp-json\/wp\/v2\/media?parent=9169"}],"wp:term":[{"taxonomy":"product_brand","embeddable":true,"href":"https:\/\/lumierediamonds.eu\/es\/wp-json\/wp\/v2\/product_brand?post=9169"},{"taxonomy":"product_cat","embeddable":true,"href":"https:\/\/lumierediamonds.eu\/es\/wp-json\/wp\/v2\/product_cat?post=9169"},{"taxonomy":"product_tag","embeddable":true,"href":"https:\/\/lumierediamonds.eu\/es\/wp-json\/wp\/v2\/product_tag?post=9169"}],"curies":[{"name":"wp","href":"https:\/\/api.w.org\/{rel}","templated":true}]}}