{"id":9797,"date":"2025-07-20T23:25:58","date_gmt":"2025-07-20T21:25:58","guid":{"rendered":"https:\/\/lumierediamonds.eu\/?post_type=product&#038;p=9797"},"modified":"2025-11-17T13:53:03","modified_gmt":"2025-11-17T12:53:03","slug":"pendientes-de-aro-eternidad-con-margaritas","status":"publish","type":"product","link":"https:\/\/lumierediamonds.eu\/es\/product\/pendientes-de-aro-eternidad-con-margaritas\/","title":{"rendered":"Pendientes de aro Daisy Eternity"},"content":{"rendered":"<p data-start=\"188\" data-end=\"511\">Atrevido, brillante y dise\u00f1ado para brillar desde todos los \u00e1ngulos.<\/p>\n<p data-start=\"188\" data-end=\"511\">El <strong>Pendientes de aro Daisy<\/strong> Son una versi\u00f3n luminosa de los cl\u00e1sicos aros de diamantes, con una fila invertida de diamantes redondos brillantes creados en laboratorio en un engaste pav\u00e9 sin costuras. Dise\u00f1ados para captar la luz con cada movimiento, ofrecen el m\u00e1ximo brillo y un encanto atemporal.<\/p>\n<p data-start=\"513\" data-end=\"728\">Fabricados en oro amarillo o blanco de 18 quilates y disponibles en pesos de 0,5 a 5 quilates, estos sofisticados complementos esenciales se adaptan f\u00e1cilmente tanto al d\u00eda como a la noche, ya sea para completar un look informal con vaqueros o uno m\u00e1s formal.<\/p>","protected":false},"excerpt":{"rendered":"<p data-start=\"188\" data-end=\"511\">Atrevido, brillante y dise\u00f1ado para brillar desde todos los \u00e1ngulos.<\/p>\n<p data-start=\"188\" data-end=\"511\">El <strong>Pendientes de aro Daisy<\/strong> Son una versi\u00f3n luminosa de los cl\u00e1sicos aros de diamantes, con una fila invertida de diamantes redondos brillantes creados en laboratorio en un engaste pav\u00e9 sin costuras. Dise\u00f1ados para captar la luz con cada movimiento, ofrecen el m\u00e1ximo brillo y un encanto atemporal.<\/p>\n<p data-start=\"513\" data-end=\"728\">Fabricados en oro amarillo o blanco de 18 quilates y disponibles en pesos de 0,5 a 5 quilates, estos sofisticados complementos esenciales se adaptan f\u00e1cilmente tanto al d\u00eda como a la noche, ya sea para completar un look informal con vaqueros o uno m\u00e1s formal.<\/p>","protected":false},"featured_media":9586,"template":"","meta":{"_acf_changed":false},"product_brand":[],"product_cat":[552,54,762],"product_tag":[785,783,784,790,397,786,789,787,788],"class_list":{"0":"post-9797","1":"product","2":"type-product","3":"status-publish","4":"has-post-thumbnail","6":"product_cat-diamond-essentials","7":"product_cat-earrings","8":"product_cat-hoop-earrings","9":"product_tag-18k-gold-hoops","10":"product_tag-diamond-hoop-earrings","11":"product_tag-eternity-hoop-earrings","12":"product_tag-everyday-diamond-hoops","13":"product_tag-lab-grown-diamond-earrings","14":"product_tag-luxury-diamond-jewelry","15":"product_tag-pave-set-earrings","16":"product_tag-white-gold-hoops","17":"product_tag-yellow-gold-diamond-earrings","18":"pa_metal-white-gold","19":"pa_metal-yellow-gold","21":"first","22":"instock","23":"taxable","24":"shipping-taxable","25":"purchasable","26":"product-type-variable"},"acf":[],"jetpack_sharing_enabled":true,"_links":{"self":[{"href":"https:\/\/lumierediamonds.eu\/es\/wp-json\/wp\/v2\/product\/9797","targetHints":{"allow":["GET"]}}],"collection":[{"href":"https:\/\/lumierediamonds.eu\/es\/wp-json\/wp\/v2\/product"}],"about":[{"href":"https:\/\/lumierediamonds.eu\/es\/wp-json\/wp\/v2\/types\/product"}],"version-history":[{"count":3,"href":"https:\/\/lumierediamonds.eu\/es\/wp-json\/wp\/v2\/product\/9797\/revisions"}],"predecessor-version":[{"id":9965,"href":"https:\/\/lumierediamonds.eu\/es\/wp-json\/wp\/v2\/product\/9797\/revisions\/9965"}],"wp:featuredmedia":[{"embeddable":true,"href":"https:\/\/lumierediamonds.eu\/es\/wp-json\/wp\/v2\/media\/9586"}],"wp:attachment":[{"href":"https:\/\/lumierediamonds.eu\/es\/wp-json\/wp\/v2\/media?parent=9797"}],"wp:term":[{"taxonomy":"product_brand","embeddable":true,"href":"https:\/\/lumierediamonds.eu\/es\/wp-json\/wp\/v2\/product_brand?post=9797"},{"taxonomy":"product_cat","embeddable":true,"href":"https:\/\/lumierediamonds.eu\/es\/wp-json\/wp\/v2\/product_cat?post=9797"},{"taxonomy":"product_tag","embeddable":true,"href":"https:\/\/lumierediamonds.eu\/es\/wp-json\/wp\/v2\/product_tag?post=9797"}],"curies":[{"name":"wp","href":"https:\/\/api.w.org\/{rel}","templated":true}]}}