{"id":2608,"date":"2024-07-18T17:36:29","date_gmt":"2024-07-18T15:36:29","guid":{"rendered":"http:\/\/lumierediamonds.eu\/?page_id=2608"},"modified":"2025-12-11T11:40:18","modified_gmt":"2025-12-11T10:40:18","slug":"a-propos-de-nous","status":"publish","type":"page","link":"https:\/\/lumierediamonds.eu\/fr\/a-propos-de-nous\/","title":{"rendered":"\u00c0 propos de nous"},"content":{"rendered":"<div data-elementor-type=\"wp-page\" data-elementor-id=\"2608\" class=\"elementor elementor-2608\" data-elementor-post-type=\"page\">\n\t\t\t\t<div class=\"elementor-element elementor-element-85409e9 e-flex e-con-boxed e-con e-parent\" data-id=\"85409e9\" data-element_type=\"container\">\n\t\t\t\t\t<div class=\"e-con-inner\">\n\t\t\t\t<div class=\"elementor-element elementor-element-79452f0 elementor-widget elementor-widget-spacer\" data-id=\"79452f0\" data-element_type=\"widget\" data-widget_type=\"spacer.default\">\n\t\t\t\t<div class=\"elementor-widget-container\">\n\t\t\t\t\t<div class=\"elementor-spacer\">\n\t\t\t<div class=\"elementor-spacer-inner\"><\/div>\n\t\t<\/div>\n\t\t\t\t<\/div>\n\t\t\t\t<\/div>\n\t\t\t\t<div class=\"elementor-element elementor-element-d74b8d2 elementor-widget elementor-widget-heading\" data-id=\"d74b8d2\" data-element_type=\"widget\" data-widget_type=\"heading.default\">\n\t\t\t\t<div class=\"elementor-widget-container\">\n\t\t\t<h3 class=\"elementor-heading-title elementor-size-default\">\u00c0 PROPOS DE NOUS<\/h3>\t\t<\/div>\n\t\t\t\t<\/div>\n\t\t\t\t<div class=\"elementor-element elementor-element-d35053b elementor-widget elementor-widget-spacer\" data-id=\"d35053b\" data-element_type=\"widget\" data-widget_type=\"spacer.default\">\n\t\t\t\t<div class=\"elementor-widget-container\">\n\t\t\t\t\t<div class=\"elementor-spacer\">\n\t\t\t<div class=\"elementor-spacer-inner\"><\/div>\n\t\t<\/div>\n\t\t\t\t<\/div>\n\t\t\t\t<\/div>\n\t\t\t\t<div class=\"elementor-element elementor-element-4156016 elementor-widget elementor-widget-text-editor\" data-id=\"4156016\" data-element_type=\"widget\" data-widget_type=\"text-editor.default\">\n\t\t\t\t<div class=\"elementor-widget-container\">\n\t\t\t\t\t\t\t<p class=\"p1\"><b>Lumi\u00e8re est n\u00e9 d'une passion pour la c\u00e9l\u00e9bration de la vie, sous toutes ses formes.<\/b><\/p><p class=\"p1\">Qu'il s'agisse d'une \u00e9tape importante dont vous r\u00eavez, d'un moment d'amour de soi ou simplement d'une journ\u00e9e que vous voulez rendre sp\u00e9ciale, nous pensons que les bijoux peuvent \u00eatre plus qu'un simple objet que vous portez. Il peut \u00eatre un morceau de votre histoire, un rappel tangible des personnes, des lieux et des sentiments que vous voulez garder avec vous pour toujours.<\/p><p class=\"p1\">Dans un monde qui va vite, nous cr\u00e9ons des bijoux qui vous invitent \u00e0 ralentir. \u00c0 marquer l'instant. Pour vous c\u00e9l\u00e9brer ou c\u00e9l\u00e9brer quelqu'un que vous aimez, non seulement lors d'occasions sp\u00e9ciales, mais aussi dans la beaut\u00e9 du quotidien.<\/p>\t\t\t\t\t\t<\/div>\n\t\t\t\t<\/div>\n\t\t\t\t<div class=\"elementor-element elementor-element-1156173 elementor-widget elementor-widget-text-editor\" data-id=\"1156173\" data-element_type=\"widget\" data-widget_type=\"text-editor.default\">\n\t\t\t\t<div class=\"elementor-widget-container\">\n\t\t\t\t\t\t\t<p class=\"p1\"><em>Paul et Michelle, fondateurs de Lumi\u00e8re<\/em><\/p>\t\t\t\t\t\t<\/div>\n\t\t\t\t<\/div>\n\t\t\t\t<div class=\"elementor-element elementor-element-e6f073a elementor-widget elementor-widget-spacer\" data-id=\"e6f073a\" data-element_type=\"widget\" data-widget_type=\"spacer.default\">\n\t\t\t\t<div class=\"elementor-widget-container\">\n\t\t\t\t\t<div class=\"elementor-spacer\">\n\t\t\t<div class=\"elementor-spacer-inner\"><\/div>\n\t\t<\/div>\n\t\t\t\t<\/div>\n\t\t\t\t<\/div>\n\t\t\t\t<div class=\"elementor-element elementor-element-0cb63ed elementor-widget elementor-widget-spacer\" data-id=\"0cb63ed\" data-element_type=\"widget\" data-widget_type=\"spacer.default\">\n\t\t\t\t<div class=\"elementor-widget-container\">\n\t\t\t\t\t<div class=\"elementor-spacer\">\n\t\t\t<div class=\"elementor-spacer-inner\"><\/div>\n\t\t<\/div>\n\t\t\t\t<\/div>\n\t\t\t\t<\/div>\n\t\t\t\t\t<\/div>\n\t\t\t\t<\/div>\n\t\t<div class=\"elementor-element elementor-element-668d1f6 e-flex e-con-boxed e-con e-parent\" data-id=\"668d1f6\" data-element_type=\"container\">\n\t\t\t\t\t<div class=\"e-con-inner\">\n\t\t<div class=\"elementor-element elementor-element-bf8dfe9 e-con-full e-flex e-con e-child\" data-id=\"bf8dfe9\" data-element_type=\"container\">\n\t\t\t\t<div class=\"elementor-element elementor-element-0277304 elementor-widget elementor-widget-spacer\" data-id=\"0277304\" data-element_type=\"widget\" data-widget_type=\"spacer.default\">\n\t\t\t\t<div class=\"elementor-widget-container\">\n\t\t\t\t\t<div class=\"elementor-spacer\">\n\t\t\t<div class=\"elementor-spacer-inner\"><\/div>\n\t\t<\/div>\n\t\t\t\t<\/div>\n\t\t\t\t<\/div>\n\t\t\t\t<div class=\"elementor-element elementor-element-c8e66f0 elementor-widget elementor-widget-text-editor\" data-id=\"c8e66f0\" data-element_type=\"widget\" data-widget_type=\"text-editor.default\">\n\t\t\t\t<div class=\"elementor-widget-container\">\n\t\t\t\t\t\t\t<p class=\"p1\"><b>N\u00e9e de la recherche de quelque chose de meilleur.<\/b><\/p><p class=\"p1\">J'ai cr\u00e9\u00e9 Lumi\u00e8re parce que je ne trouvais pas ce que je cherchais : des bijoux intemporels, magnifiquement con\u00e7us et fabriqu\u00e9s avec int\u00e9grit\u00e9, sans les prix exorbitants des marques de luxe traditionnelles.<\/p><p class=\"p1\">Je voulais la richesse de <span class=\"s1\"><b>or massif 18k<\/b><\/span>, Je voulais des diamants, pas des 14k, ce qui me semblait \u00eatre un compromis. Je voulais l'\u00e9clat des diamants, mais en minimisant l'impact sur l'environnement. Et bien que certains d\u00e9taillants en ligne proposent les deux, je me suis retrouv\u00e9e \u00e0 parcourir des listes interminables de pierres, une exp\u00e9rience accablante sans v\u00e9ritable orientation.<\/p><p class=\"p1\">Nous avons donc r\u00e9imagin\u00e9 le processus.<\/p><p class=\"p1\">Chez Lumi\u00e8re, notre <span class=\"s1\"><b>Les gemmologues s\u00e9lectionnent \u00e0 la main des diamants parmi les 1% les plus \u00e9lev\u00e9s des pierres cultiv\u00e9es en laboratoire.<\/b><\/span>, Nous avons \u00e9galement mis au point un syst\u00e8me d'\u00e9clairage de l'int\u00e9rieur, en associant soigneusement chacun d'entre eux au mod\u00e8le que vous avez choisi, afin d'obtenir une brillance, une clart\u00e9 et une brillance exceptionnelles. <span class=\"s1\"><b>Sparkle, garanti.<\/b><b><\/b><\/span><\/p>\t\t\t\t\t\t<\/div>\n\t\t\t\t<\/div>\n\t\t\t\t<\/div>\n\t\t<div class=\"elementor-element elementor-element-94c3f09 e-con-full e-flex e-con e-child\" data-id=\"94c3f09\" data-element_type=\"container\">\n\t\t\t\t<div class=\"elementor-element elementor-element-0f15419 elementor-widget elementor-widget-image\" data-id=\"0f15419\" data-element_type=\"widget\" data-widget_type=\"image.default\">\n\t\t\t\t<div class=\"elementor-widget-container\">\n\t\t\t\t\t\t\t\t\t\t\t\t\t<img fetchpriority=\"high\" decoding=\"async\" width=\"768\" height=\"1000\" src=\"https:\/\/lumierediamonds.eu\/wp-content\/uploads\/2025\/12\/choosing-the-best-lab-grown-diamond-for-a-ring-2-768x1000.png\" class=\"attachment-medium_large size-medium_large wp-image-14101\" alt=\"\" srcset=\"https:\/\/lumierediamonds.eu\/wp-content\/uploads\/2025\/12\/choosing-the-best-lab-grown-diamond-for-a-ring-2-768x1000.png 768w, https:\/\/lumierediamonds.eu\/wp-content\/uploads\/2025\/12\/choosing-the-best-lab-grown-diamond-for-a-ring-2-230x300.png 230w, https:\/\/lumierediamonds.eu\/wp-content\/uploads\/2025\/12\/choosing-the-best-lab-grown-diamond-for-a-ring-2-786x1024.png 786w, https:\/\/lumierediamonds.eu\/wp-content\/uploads\/2025\/12\/choosing-the-best-lab-grown-diamond-for-a-ring-2-9x12.png 9w, https:\/\/lumierediamonds.eu\/wp-content\/uploads\/2025\/12\/choosing-the-best-lab-grown-diamond-for-a-ring-2-600x781.png 600w, https:\/\/lumierediamonds.eu\/wp-content\/uploads\/2025\/12\/choosing-the-best-lab-grown-diamond-for-a-ring-2.png 887w\" sizes=\"(max-width: 768px) 100vw, 768px\" \/>\t\t\t\t\t\t\t\t\t\t\t\t\t<\/div>\n\t\t\t\t<\/div>\n\t\t\t\t<\/div>\n\t\t\t\t\t<\/div>\n\t\t\t\t<\/div>\n\t\t<div class=\"elementor-element elementor-element-cbd0726 e-flex e-con-boxed e-con e-parent\" data-id=\"cbd0726\" data-element_type=\"container\">\n\t\t\t\t\t<div class=\"e-con-inner\">\n\t\t\t\t<div class=\"elementor-element elementor-element-37570cd elementor-widget elementor-widget-spacer\" data-id=\"37570cd\" data-element_type=\"widget\" data-widget_type=\"spacer.default\">\n\t\t\t\t<div class=\"elementor-widget-container\">\n\t\t\t\t\t<div class=\"elementor-spacer\">\n\t\t\t<div class=\"elementor-spacer-inner\"><\/div>\n\t\t<\/div>\n\t\t\t\t<\/div>\n\t\t\t\t<\/div>\n\t\t\t\t\t<\/div>\n\t\t\t\t<\/div>\n\t\t<div class=\"elementor-element elementor-element-cb260a1 e-flex e-con-boxed e-con e-parent\" data-id=\"cb260a1\" data-element_type=\"container\" data-settings=\"{&quot;background_background&quot;:&quot;classic&quot;}\">\n\t\t\t\t\t<div class=\"e-con-inner\">\n\t\t\t\t<div class=\"elementor-element elementor-element-7465afd elementor-widget elementor-widget-spacer\" data-id=\"7465afd\" data-element_type=\"widget\" data-widget_type=\"spacer.default\">\n\t\t\t\t<div class=\"elementor-widget-container\">\n\t\t\t\t\t<div class=\"elementor-spacer\">\n\t\t\t<div class=\"elementor-spacer-inner\"><\/div>\n\t\t<\/div>\n\t\t\t\t<\/div>\n\t\t\t\t<\/div>\n\t\t\t\t<div class=\"elementor-element elementor-element-ee43045 elementor-widget elementor-widget-heading\" data-id=\"ee43045\" data-element_type=\"widget\" data-widget_type=\"heading.default\">\n\t\t\t\t<div class=\"elementor-widget-container\">\n\t\t\t<h3 class=\"elementor-heading-title elementor-size-default\">Notre philosophie<\/h3>\t\t<\/div>\n\t\t\t\t<\/div>\n\t\t\t\t<div class=\"elementor-element elementor-element-780a1fe elementor-widget elementor-widget-heading\" data-id=\"780a1fe\" data-element_type=\"widget\" data-widget_type=\"heading.default\">\n\t\t\t\t<div class=\"elementor-widget-container\">\n\t\t\t<h2 class=\"elementor-heading-title elementor-size-default\">Le luxe sans compromis<\/h2>\t\t<\/div>\n\t\t\t\t<\/div>\n\t\t\t\t<div class=\"elementor-element elementor-element-ae673d4 elementor-widget elementor-widget-text-editor\" data-id=\"ae673d4\" data-element_type=\"widget\" data-widget_type=\"text-editor.default\">\n\t\t\t\t<div class=\"elementor-widget-container\">\n\t\t\t\t\t\t\t<p class=\"p1\">Nous d\u00e9finissons une nouvelle norme pour la bijouterie fine, une norme qui n'oblige pas \u00e0 choisir entre la qualit\u00e9, la durabilit\u00e9 et le prix. Chez Lumi\u00e8re, nous pensons que vous pouvez tout avoir :<\/p><ul><li><p class=\"p1\"><span class=\"s1\"><b>Une qualit\u00e9 exceptionnelle<\/b><\/span>: Fabriqu\u00e9 \u00e0 partir de mat\u00e9riaux de la plus haute qualit\u00e9 <span class=\"s1\"><b>diamants synth\u00e9tiques<\/b><\/span> et <span class=\"s1\"><b>or massif 18k<\/b><\/span>, Nos pi\u00e8ces sont con\u00e7ues pour \u00eatre port\u00e9es quotidiennement et durer toute une vie.<\/p><\/li><li><p class=\"p1\"><span class=\"s1\"><b>\u00c9l\u00e9gance durable<\/b><\/span>: En choisissant des diamants cultiv\u00e9s en laboratoire, nous r\u00e9duisons l'impact sur l'environnement tout en pr\u00e9servant l'\u00e9clat et la beaut\u00e9 des pierres traditionnelles.<\/p><\/li><li><p class=\"p1\"><span class=\"s1\"><b>Une tarification r\u00e9fl\u00e9chie<\/b><\/span>: Pas de majorations scandaleuses. Pas de compromis. Juste des bijoux de luxe honn\u00eates avec lesquels vous pouvez vous sentir bien, \u00e0 l'int\u00e9rieur comme \u00e0 l'ext\u00e9rieur.<\/p><\/li><\/ul>\t\t\t\t\t\t<\/div>\n\t\t\t\t<\/div>\n\t\t\t\t<div class=\"elementor-element elementor-element-d801257 elementor-widget elementor-widget-spacer\" data-id=\"d801257\" data-element_type=\"widget\" data-widget_type=\"spacer.default\">\n\t\t\t\t<div class=\"elementor-widget-container\">\n\t\t\t\t\t<div class=\"elementor-spacer\">\n\t\t\t<div class=\"elementor-spacer-inner\"><\/div>\n\t\t<\/div>\n\t\t\t\t<\/div>\n\t\t\t\t<\/div>\n\t\t\t\t\t<\/div>\n\t\t\t\t<\/div>\n\t\t<div class=\"elementor-element elementor-element-c6eaa19 e-flex e-con-boxed e-con e-parent\" data-id=\"c6eaa19\" data-element_type=\"container\">\n\t\t\t\t\t<div class=\"e-con-inner\">\n\t\t\t\t<div class=\"elementor-element elementor-element-200aacf elementor-widget elementor-widget-spacer\" data-id=\"200aacf\" data-element_type=\"widget\" data-widget_type=\"spacer.default\">\n\t\t\t\t<div class=\"elementor-widget-container\">\n\t\t\t\t\t<div class=\"elementor-spacer\">\n\t\t\t<div class=\"elementor-spacer-inner\"><\/div>\n\t\t<\/div>\n\t\t\t\t<\/div>\n\t\t\t\t<\/div>\n\t\t\t\t<div class=\"elementor-element elementor-element-39ef797 elementor-widget elementor-widget-text-editor\" data-id=\"39ef797\" data-element_type=\"widget\" data-widget_type=\"text-editor.default\">\n\t\t\t\t<div class=\"elementor-widget-container\">\n\t\t\t\t\t\t\t<p class=\"p1\"><b>Con\u00e7us pour avoir du sens. Faits pour durer.<\/b><\/p><p class=\"p1\">Chaque pi\u00e8ce de Lumi\u00e8re est con\u00e7ue avec soin pour honorer votre histoire, pour marquer les moments de joie, de croissance, d'amour ou de r\u00e9flexion personnelle. Qu'il s'agisse d'un cadeau pour vous-m\u00eame ou pour quelqu'un que vous aimez, nos bijoux sont faits pour \u00eatre port\u00e9s, ch\u00e9ris et transmis.<\/p><p class=\"p1\">\u00a0<\/p>\t\t\t\t\t\t<\/div>\n\t\t\t\t<\/div>\n\t\t\t\t<div class=\"elementor-element elementor-element-7e9878f elementor-widget elementor-widget-image\" data-id=\"7e9878f\" data-element_type=\"widget\" data-widget_type=\"image.default\">\n\t\t\t\t<div class=\"elementor-widget-container\">\n\t\t\t\t\t\t\t\t\t\t\t\t\t<img decoding=\"async\" src=\"https:\/\/lumierediamonds.eu\/wp-content\/uploads\/elementor\/thumbs\/made-to-order-lab-grown-diamond-engagement-ring-rfpwtmmmgr171wwmzwllhnjdedpchc7lkr9htu3mok.png\" title=\"bague de fian\u00e7ailles en diamant cultiv\u00e9 sur commande\" alt=\"bague de fian\u00e7ailles en diamant cultiv\u00e9 sur commande\" loading=\"lazy\" \/>\t\t\t\t\t\t\t\t\t\t\t\t\t<\/div>\n\t\t\t\t<\/div>\n\t\t\t\t<div class=\"elementor-element elementor-element-0a377e6 elementor-widget elementor-widget-text-editor\" data-id=\"0a377e6\" data-element_type=\"widget\" data-widget_type=\"text-editor.default\">\n\t\t\t\t<div class=\"elementor-widget-container\">\n\t\t\t\t\t\t\t<p class=\"p1\">Nos cr\u00e9ations sont :<\/p><ul><li><p class=\"p1\"><span class=\"s1\"><b>Fabriqu\u00e9 \u00e0 la main sur commande<\/b><\/span> par des artisans qualifi\u00e9s<\/p><\/li><li><p class=\"p1\"><span class=\"s1\"><b>Personnalisable<\/b><\/span> pour ceux qui recherchent quelque chose d'unique<\/p><\/li><li><p class=\"p1\"><span class=\"s1\"><b>Durable et pr\u00eat \u00e0 l'emploi<\/b><\/span>, La vie en rose, m\u00eame pour les jours les plus charg\u00e9s<\/p><\/li><\/ul><p class=\"p1\">De l'\u00e9clat de nos diamants cultiv\u00e9s en laboratoire au poli de chaque finition, nous garantissons rien de moins que l'excellence.<\/p>\t\t\t\t\t\t<\/div>\n\t\t\t\t<\/div>\n\t\t\t\t<div class=\"elementor-element elementor-element-a4ac27f elementor-widget elementor-widget-spacer\" data-id=\"a4ac27f\" data-element_type=\"widget\" data-widget_type=\"spacer.default\">\n\t\t\t\t<div class=\"elementor-widget-container\">\n\t\t\t\t\t<div class=\"elementor-spacer\">\n\t\t\t<div class=\"elementor-spacer-inner\"><\/div>\n\t\t<\/div>\n\t\t\t\t<\/div>\n\t\t\t\t<\/div>\n\t\t\t\t<div class=\"elementor-element elementor-element-d202e8d elementor-widget elementor-widget-text-editor\" data-id=\"d202e8d\" data-element_type=\"widget\" data-widget_type=\"text-editor.default\">\n\t\t\t\t<div class=\"elementor-widget-container\">\n\t\t\t\t\t\t\t<p class=\"p1\">Car chez Lumi\u00e8re, nous ne nous contentons pas de cr\u00e9er des bijoux. Nous cr\u00e9ons des pi\u00e8ces significatives qui honorent votre histoire avec \u00e9l\u00e9gance, int\u00e9grit\u00e9 et soin.<\/p>\t\t\t\t\t\t<\/div>\n\t\t\t\t<\/div>\n\t\t\t\t\t<\/div>\n\t\t\t\t<\/div>\n\t\t<div class=\"elementor-element elementor-element-1bd2667 e-flex e-con-boxed e-con e-parent\" data-id=\"1bd2667\" data-element_type=\"container\">\n\t\t\t\t\t<div class=\"e-con-inner\">\n\t\t\t\t<div class=\"elementor-element elementor-element-c63b328 elementor-align-center elementor-widget elementor-widget-button\" data-id=\"c63b328\" data-element_type=\"widget\" data-widget_type=\"button.default\">\n\t\t\t\t<div class=\"elementor-widget-container\">\n\t\t\t\t\t\t\t<div class=\"elementor-button-wrapper\">\n\t\t\t\t\t<a class=\"elementor-button elementor-button-link elementor-size-sm\" href=\"#\">\n\t\t\t\t\t\t<span class=\"elementor-button-content-wrapper\">\n\t\t\t\t\t\t\t\t\t<span class=\"elementor-button-text\">D\u00e9couvrez notre collection<\/span>\n\t\t\t\t\t<\/span>\n\t\t\t\t\t<\/a>\n\t\t\t\t<\/div>\n\t\t\t\t\t\t<\/div>\n\t\t\t\t<\/div>\n\t\t\t\t\t<\/div>\n\t\t\t\t<\/div>\n\t\t\t\t<\/div>","protected":false},"excerpt":{"rendered":"<p>\u00c0 PROPOS DE NOUS Lumi\u00e8re est n\u00e9e d'une passion pour la c\u00e9l\u00e9bration de la vie, sous toutes ses formes. Qu'il s'agisse d'une \u00e9tape importante dont vous r\u00eavez, d'un moment d'amour de soi ou simplement d'une journ\u00e9e que vous voulez rendre sp\u00e9ciale, nous pensons que les bijoux peuvent \u00eatre plus qu'un objet que vous portez. Ils peuvent \u00eatre une partie de votre [...]<\/p>","protected":false},"author":1,"featured_media":0,"parent":0,"menu_order":0,"comment_status":"closed","ping_status":"closed","template":"","meta":{"_acf_changed":false,"footnotes":""},"class_list":["post-2608","page","type-page","status-publish","hentry"],"acf":[],"jetpack_sharing_enabled":true,"_links":{"self":[{"href":"https:\/\/lumierediamonds.eu\/fr\/wp-json\/wp\/v2\/pages\/2608","targetHints":{"allow":["GET"]}}],"collection":[{"href":"https:\/\/lumierediamonds.eu\/fr\/wp-json\/wp\/v2\/pages"}],"about":[{"href":"https:\/\/lumierediamonds.eu\/fr\/wp-json\/wp\/v2\/types\/page"}],"author":[{"embeddable":true,"href":"https:\/\/lumierediamonds.eu\/fr\/wp-json\/wp\/v2\/users\/1"}],"replies":[{"embeddable":true,"href":"https:\/\/lumierediamonds.eu\/fr\/wp-json\/wp\/v2\/comments?post=2608"}],"version-history":[{"count":25,"href":"https:\/\/lumierediamonds.eu\/fr\/wp-json\/wp\/v2\/pages\/2608\/revisions"}],"predecessor-version":[{"id":14359,"href":"https:\/\/lumierediamonds.eu\/fr\/wp-json\/wp\/v2\/pages\/2608\/revisions\/14359"}],"wp:attachment":[{"href":"https:\/\/lumierediamonds.eu\/fr\/wp-json\/wp\/v2\/media?parent=2608"}],"curies":[{"name":"wp","href":"https:\/\/api.w.org\/{rel}","templated":true}]}}