{"id":2720,"date":"2024-08-06T16:43:42","date_gmt":"2024-08-06T14:43:42","guid":{"rendered":"https:\/\/lumierediamonds.eu\/?page_id=2720"},"modified":"2024-12-16T13:42:16","modified_gmt":"2024-12-16T12:42:16","slug":"politique-en-matiere-de-cookies","status":"publish","type":"page","link":"https:\/\/lumierediamonds.eu\/fr\/politique-en-matiere-de-cookies\/","title":{"rendered":"Politique en mati\u00e8re de cookies"},"content":{"rendered":"<div data-elementor-type=\"wp-page\" data-elementor-id=\"2720\" class=\"elementor elementor-2720\" data-elementor-post-type=\"page\">\n\t\t\t\t<div class=\"elementor-element elementor-element-784c4ded e-flex e-con-boxed e-con e-parent\" data-id=\"784c4ded\" data-element_type=\"container\">\n\t\t\t\t\t<div class=\"e-con-inner\">\n\t\t\t\t<div class=\"elementor-element elementor-element-7d98f43 elementor-widget elementor-widget-text-editor\" data-id=\"7d98f43\" data-element_type=\"widget\" data-widget_type=\"text-editor.default\">\n\t\t\t\t<div class=\"elementor-widget-container\">\n\t\t\t\t\t\t\t<h1>Politique en mati\u00e8re de cookies<\/h1><p>\u00a0<\/p><p><strong>Introduction<\/strong><\/p><p class=\"p1\">Chez Lumi\u00e8re, exploit\u00e9 par Nova Group Sp. z o.o., nous utilisons des cookies et des technologies similaires pour am\u00e9liorer votre exp\u00e9rience sur notre site Web. La pr\u00e9sente politique en mati\u00e8re de cookies explique ce que sont les cookies, comment nous les utilisons et vos droits concernant leur utilisation. En continuant \u00e0 naviguer sur notre site Web, vous acceptez l'utilisation des cookies telle que d\u00e9crite dans la pr\u00e9sente politique, sauf si vous les d\u00e9sactivez via les param\u00e8tres de votre navigateur ou notre outil de gestion des cookies.<\/p><p>\u00a0<\/p><p><strong>Que sont les cookies ?<\/strong><\/p><p class=\"p1\">Les cookies sont de petits fichiers texte stock\u00e9s sur votre appareil (ordinateur, tablette ou mobile) lorsque vous visitez un site web. Ils permettent aux sites web de reconna\u00eetre votre appareil et de m\u00e9moriser certaines informations, telles que vos pr\u00e9f\u00e9rences ou vos actions pass\u00e9es. Les cookies peuvent \u00eatre class\u00e9s en fonction de leur origine, de leur dur\u00e9e et de leur fonction :<\/p><p class=\"p2\">1. <b>Cookies propri\u00e9taires<\/b>: D\u00e9finie par le site Web que vous visitez.<\/p><p class=\"p2\">2. <b>Cookies tiers<\/b>: D\u00e9finis par des services ou des sites Web externes.<\/p><p class=\"p2\">3. <b>Cookies de session<\/b>: Cookies temporaires qui expirent lorsque vous fermez votre navigateur.<\/p><p class=\"p2\">4. <b>Cookies persistants<\/b>: Rester sur votre appareil pendant une p\u00e9riode d\u00e9termin\u00e9e ou jusqu'\u00e0 ce qu'il soit supprim\u00e9.<\/p><p class=\"p2\">5. <b>Cookies essentiels<\/b>: N\u00e9cessaire au bon fonctionnement du site web.<\/p><p class=\"p2\">6. <b>Cookies non essentiels<\/b>: Utilis\u00e9 \u00e0 des fins d'analyse, de publicit\u00e9 et de personnalisation.<\/p><p>\u00a0<\/p><p><strong>Types de cookies que nous utilisons<\/strong><\/p><p>Nous utilisons les types de cookies suivants :<\/p><ul><li><p><strong>Cookies essentiels<\/strong>: Ces cookies sont n\u00e9cessaires au bon fonctionnement du site web. Ils permettent d'utiliser des fonctions de base telles que la navigation entre les pages et l'acc\u00e8s aux zones s\u00e9curis\u00e9es du site web. Sans ces cookies, le site web ne peut pas fonctionner correctement.<\/p><\/li><li><p><strong>Cookies de performance<\/strong>: Ces cookies collectent des informations sur la mani\u00e8re dont vous utilisez notre site web, telles que les pages que vous visitez le plus souvent et si vous recevez des messages d'erreur provenant de pages web. Ces cookies ne collectent pas d'informations permettant de vous identifier. Toutes les informations collect\u00e9es par ces cookies sont agr\u00e9g\u00e9es et donc anonymes. Elles sont uniquement utilis\u00e9es pour am\u00e9liorer le fonctionnement de notre site web.<\/p><\/li><li><p><strong>Cookies fonctionnels<\/strong>Ces cookies permettent \u00e0 notre site Web de m\u00e9moriser vos choix (tels que votre nom d'utilisateur, votre langue ou la r\u00e9gion dans laquelle vous vous trouvez) et de vous offrir des fonctionnalit\u00e9s am\u00e9lior\u00e9es et plus personnalis\u00e9es. Ces cookies peuvent \u00e9galement \u00eatre utilis\u00e9s pour m\u00e9moriser les modifications que vous avez apport\u00e9es \u00e0 la taille du texte, aux polices et \u00e0 d'autres \u00e9l\u00e9ments des pages Web que vous pouvez personnaliser. Ils peuvent \u00e9galement \u00eatre utilis\u00e9s pour vous fournir les services que vous avez demand\u00e9s, tels que regarder une vid\u00e9o ou commenter un blog. Les informations collect\u00e9es par ces cookies peuvent \u00eatre anonymis\u00e9es et ne permettent pas de suivre votre activit\u00e9 de navigation sur d'autres sites web.<\/p><\/li><li><strong>Cookies de ciblage\/publicitaires :<\/strong> Ces cookies suivent vos activit\u00e9s de navigation sur diff\u00e9rents sites Web afin de cr\u00e9er un profil de vos centres d'int\u00e9r\u00eat. Ces informations sont utilis\u00e9es pour vous proposer des publicit\u00e9s personnalis\u00e9es qui correspondent mieux \u00e0 vos centres d'int\u00e9r\u00eat. Elles nous aident \u00e9galement, ainsi que nos partenaires publicitaires, \u00e0 mesurer l'efficacit\u00e9 de nos campagnes publicitaires. Vous pouvez g\u00e9rer ou d\u00e9sactiver ces cookies via les param\u00e8tres de votre navigateur ou notre outil de consentement aux cookies.<\/li><\/ul><p>\u00a0<\/p><p class=\"p1\"><b>Cookies tiers<\/b><\/p><p class=\"p1\">Nous utilisons des services tiers de confiance qui peuvent placer des cookies sur votre appareil lorsque vous interagissez avec notre site Web. Il s'agit notamment des services suivants :<\/p><p class=\"p2\">\u2022 <b>Google Analytics<\/b>: Suit l'utilisation du site Web et g\u00e9n\u00e8re des rapports.<\/p><p class=\"p2\">\u2022 <b>Pixel Facebook<\/b>: Contribue \u00e0 la publicit\u00e9 cibl\u00e9e.<\/p><p class=\"p2\">\u2022 <b>Prestataires de paiement<\/b>: Garantit la s\u00e9curit\u00e9 des transactions lors du paiement.<\/p><p class=\"p1\">Pour plus d'informations sur la mani\u00e8re dont ces tiers utilisent vos donn\u00e9es, veuillez consulter leurs politiques de confidentialit\u00e9.<\/p><p>\u00a0<\/p><p class=\"p1\"><b>Gestion de vos pr\u00e9f\u00e9rences en mati\u00e8re de cookies<\/b><\/p><p class=\"p1\">Vous avez le droit de contr\u00f4ler et de g\u00e9rer l'utilisation des cookies sur notre site Web. Voici comment proc\u00e9der :<\/p><p class=\"p3\"><b>1. Banni\u00e8re de consentement aux cookies<\/b><\/p><p class=\"p1\">Lorsque vous visitez notre site Web pour la premi\u00e8re fois, vous verrez une banni\u00e8re de consentement aux cookies qui vous permet de :<\/p><p class=\"p4\">\u2022 Accepter tous les cookies.<\/p><p class=\"p4\">\u2022 Refuser les cookies non essentiels.<\/p><p class=\"p4\">\u2022 Personnalisez vos pr\u00e9f\u00e9rences en mati\u00e8re de cookies par cat\u00e9gorie.<\/p><p class=\"p1\">Vous pouvez modifier vos pr\u00e9f\u00e9rences \u00e0 tout moment en acc\u00e9dant \u00e0 la page <b>Param\u00e8tres des cookies<\/b> lien dans le pied de page de notre site web.<\/p><p class=\"p3\"><b>2. Param\u00e8tres du navigateur<\/b><\/p><p class=\"p1\">Vous pouvez d\u00e9sactiver ou supprimer les cookies dans les param\u00e8tres de votre navigateur. Vous trouverez ci-dessous des liens vers les instructions pour les navigateurs les plus courants :<\/p><p class=\"p4\">\u2022 <a href=\"https:\/\/support.google.com\/chrome\/answer\/95647\" target=\"_blank\" rel=\"noopener\">Google Chrome<\/a><\/p><p class=\"p4\">\u2022 <a href=\"https:\/\/support.mozilla.org\/en-US\/kb\/clear-cookies-and-site-data-firefox\" target=\"_blank\" rel=\"noopener\">Mozilla Firefox<\/a><\/p><p class=\"p4\">\u2022 <a href=\"https:\/\/support.apple.com\/en-us\/guide\/safari\/sfri11471\/mac\" target=\"_blank\" rel=\"noopener\">Safari<\/a><\/p><p class=\"p4\">\u2022 <a href=\"https:\/\/support.microsoft.com\/en-us\/microsoft-edge\/delete-cookies-in-microsoft-edge-63947406-40ac-c3b8-57b9-2a946a29ae09\" target=\"_blank\" rel=\"noopener\">Microsoft Edge<\/a><\/p><p class=\"p3\"><b>3. Outils de d\u00e9sinscription<\/b><\/p><p class=\"p1\">Certains services tiers proposent des outils de d\u00e9sactivation afin d'emp\u00eacher la collecte de donn\u00e9es via leurs cookies :<\/p><p class=\"p4\">\u2022 <a href=\"https:\/\/tools.google.com\/dlpage\/gaoptout\" target=\"_blank\" rel=\"noopener\">D\u00e9sactivation de Google Analytics<\/a><\/p><p class=\"p4\">\u2022 <a href=\"https:\/\/www.facebook.com\/ads\/preferences\" target=\"_blank\" rel=\"noopener\">Pr\u00e9f\u00e9rences publicitaires Facebook<\/a><\/p><p>\u00a0<\/p><p class=\"p1\"><b>Vos droits<\/b><\/p><p class=\"p1\">En vertu du RGPD, vous avez le droit :<\/p><p class=\"p2\">\u2022 <b>Soyez inform\u00e9<\/b> \u00e0 propos des cookies que nous utilisons.<\/p><p class=\"p2\">\u2022 <b>Retirer son consentement<\/b> aux cookies non essentiels \u00e0 tout moment.<\/p><p class=\"p2\">\u2022 <b>Acc\u00e9dez \u00e0 vos donn\u00e9es<\/b> collect\u00e9es par le biais de cookies et demander leur suppression ou leur transfert.<\/p><p class=\"p1\">Pour exercer ces droits, contactez-nous \u00e0 l'adresse suivante : <a href=\"mailto:contact@lumierediamonds.eu\">contact@lumierediamonds.eu<\/a>.<\/p><p>\u00a0<\/p><p class=\"p1\"><b>Donn\u00e9es collect\u00e9es via les cookies<\/b><\/p><p class=\"p1\">Les donn\u00e9es collect\u00e9es via les cookies peuvent inclure :<\/p><p class=\"p2\">\u2022 Votre adresse IP.<\/p><p class=\"p2\">\u2022 Type et version du navigateur.<\/p><p class=\"p2\">\u2022 Type d'appareil (par exemple, mobile ou ordinateur de bureau).<\/p><p class=\"p2\">\u2022 Pages consult\u00e9es et temps pass\u00e9 sur le site.<\/p><p class=\"p2\">\u2022 Sources de r\u00e9f\u00e9rence (par exemple, quel site vous a conduit vers le n\u00f4tre).<\/p><p class=\"p1\">Ces donn\u00e9es sont utilis\u00e9es \u00e0 des fins d'analyse, d'am\u00e9lioration de l'exp\u00e9rience utilisateur et de marketing.<\/p><p>\u00a0<\/p><p class=\"p1\"><b>Conservation des cookies<\/b><\/p><p class=\"p1\">La dur\u00e9e pendant laquelle les cookies restent sur votre appareil d\u00e9pend de leur type :<\/p><p class=\"p2\">\u2022 <b>Cookies de session<\/b>: Expire lorsque vous fermez votre navigateur.<\/p><p class=\"p2\">\u2022 <b>Cookies persistants<\/b>: Reste sur ton appareil pendant 12 mois maximum, sauf si tu le supprimes manuellement.<\/p><p class=\"p1\">Les dur\u00e9es de conservation sp\u00e9cifiques des cookies sont d\u00e9crites dans notre <b>Param\u00e8tres des cookies<\/b> section.<\/p><p>\u00a0<\/p><p class=\"p1\"><b>Mises \u00e0 jour de la pr\u00e9sente politique<\/b><\/p><p class=\"p1\">Nous pouvons mettre \u00e0 jour cette politique en mati\u00e8re de cookies p\u00e9riodiquement afin de refl\u00e9ter les changements apport\u00e9s aux exigences l\u00e9gales ou \u00e0 nos pratiques en mati\u00e8re de cookies. Toute mise \u00e0 jour importante sera communiqu\u00e9e sur notre site Web.<\/p><p>\u00a0<\/p><p class=\"p1\"><b>Contactez-nous<\/b><\/p><p class=\"p1\">Si vous avez des questions concernant cette politique en mati\u00e8re de cookies ou si vous souhaitez g\u00e9rer vos donn\u00e9es, veuillez nous contacter \u00e0 l'adresse suivante :<\/p><p class=\"p1\">Courriel : <a href=\"mailto:contact@lumierediamonds.eu\">contact@lumierediamonds.eu<\/a><\/p><p class=\"p1\">Courrier : Nova Group Sp. z o.o., \u017burawia 6\/12 lok. 745, 00-503 Varsovie, Pologne<\/p>\t\t\t\t\t\t<\/div>\n\t\t\t\t<\/div>\n\t\t\t\t\t<\/div>\n\t\t\t\t<\/div>\n\t\t\t\t<\/div>","protected":false},"excerpt":{"rendered":"<p>Politique en mati\u00e8re de cookies Introduction Chez Lumi\u00e8re, exploit\u00e9 par Nova Group Sp. z o.o., nous utilisons des cookies et des technologies similaires pour am\u00e9liorer votre exp\u00e9rience sur notre site web. La pr\u00e9sente politique en mati\u00e8re de cookies explique ce que sont les cookies, comment nous les utilisons et quels sont vos droits concernant leur utilisation. En continuant \u00e0 naviguer sur notre site web, vous consentez \u00e0 l'utilisation de [...]<\/p>","protected":false},"author":1,"featured_media":0,"parent":0,"menu_order":0,"comment_status":"closed","ping_status":"closed","template":"","meta":{"_acf_changed":false,"footnotes":""},"class_list":["post-2720","page","type-page","status-publish","hentry"],"acf":[],"jetpack_sharing_enabled":true,"_links":{"self":[{"href":"https:\/\/lumierediamonds.eu\/fr\/wp-json\/wp\/v2\/pages\/2720","targetHints":{"allow":["GET"]}}],"collection":[{"href":"https:\/\/lumierediamonds.eu\/fr\/wp-json\/wp\/v2\/pages"}],"about":[{"href":"https:\/\/lumierediamonds.eu\/fr\/wp-json\/wp\/v2\/types\/page"}],"author":[{"embeddable":true,"href":"https:\/\/lumierediamonds.eu\/fr\/wp-json\/wp\/v2\/users\/1"}],"replies":[{"embeddable":true,"href":"https:\/\/lumierediamonds.eu\/fr\/wp-json\/wp\/v2\/comments?post=2720"}],"version-history":[{"count":7,"href":"https:\/\/lumierediamonds.eu\/fr\/wp-json\/wp\/v2\/pages\/2720\/revisions"}],"predecessor-version":[{"id":6763,"href":"https:\/\/lumierediamonds.eu\/fr\/wp-json\/wp\/v2\/pages\/2720\/revisions\/6763"}],"wp:attachment":[{"href":"https:\/\/lumierediamonds.eu\/fr\/wp-json\/wp\/v2\/media?parent=2720"}],"curies":[{"name":"wp","href":"https:\/\/api.w.org\/{rel}","templated":true}]}}