{"id":3,"date":"2023-11-08T21:13:17","date_gmt":"2023-11-08T20:13:17","guid":{"rendered":"https:\/\/wp64.you2.pl\/?page_id=3"},"modified":"2024-12-16T13:23:43","modified_gmt":"2024-12-16T12:23:43","slug":"politique-de-confidentialite","status":"publish","type":"page","link":"https:\/\/lumierediamonds.eu\/fr\/politique-de-confidentialite\/","title":{"rendered":"Politique de confidentialit\u00e9"},"content":{"rendered":"<div data-elementor-type=\"wp-page\" data-elementor-id=\"3\" class=\"elementor elementor-3\" data-elementor-post-type=\"page\">\n\t\t\t\t<div class=\"elementor-element elementor-element-c5e2b87 e-flex e-con-boxed e-con e-parent\" data-id=\"c5e2b87\" data-element_type=\"container\">\n\t\t\t\t\t<div class=\"e-con-inner\">\n\t\t\t\t<div class=\"elementor-element elementor-element-18fd7b9d elementor-widget elementor-widget-text-editor\" data-id=\"18fd7b9d\" data-element_type=\"widget\" data-widget_type=\"text-editor.default\">\n\t\t\t\t<div class=\"elementor-widget-container\">\n\t\t\t\t\t\t\t<h1>Politique de confidentialit\u00e9<\/h1><p>\u00a0<br \/><br \/><strong>Introduction<\/strong><\/p><p class=\"p1\">Chez Lumi\u00e8re, exploit\u00e9 par Nova Group Sp. z o.o., nous accordons une grande importance \u00e0 votre vie priv\u00e9e et nous nous engageons \u00e0 prot\u00e9ger vos donn\u00e9es personnelles. La pr\u00e9sente politique de confidentialit\u00e9 d\u00e9crit la mani\u00e8re dont nous collectons, utilisons, stockons et prot\u00e9geons vos informations personnelles lorsque vous interagissez avec notre site web. Veuillez lire attentivement cette politique afin de comprendre vos droits et la mani\u00e8re dont nous nous conformons au r\u00e8glement g\u00e9n\u00e9ral sur la protection des donn\u00e9es (RGPD).<\/p><p>\u00a0<\/p><p class=\"p1\"><b>Qui sommes-nous ?<\/b><\/p><p>Le responsable du traitement de vos donn\u00e9es personnelles est :<\/p><p>Nova Group Sp. z o.o.<br \/>\u017burawia 6\/12 lok. 745, 00-503 Varsovie, Pologne<br \/>Num\u00e9ro d'identification fiscale : PL7011215529<br \/>REGON : 529224431<\/p><p>Si vous avez des questions concernant cette politique ou vos donn\u00e9es, veuillez nous contacter \u00e0 l'adresse suivante : <a href=\"mailto:contact@lumierediamonds.eu\">contact@lumierediamonds.eu<\/a><\/p><p>\u00a0<\/p><p class=\"p1\"><b>Quelles sont les donn\u00e9es personnelles que nous collectons ?<\/b><\/p><p class=\"p1\">Nous collectons les donn\u00e9es personnelles suivantes afin de fournir nos services :<\/p><p class=\"p2\">\u2022 <b>Donn\u00e9es d'identit\u00e9<\/b>: Nom complet.<\/p><p class=\"p2\">\u2022 <b>Coordonn\u00e9es<\/b>: Adresse e-mail, num\u00e9ro de t\u00e9l\u00e9phone, adresse de facturation et adresse de livraison.<\/p><p class=\"p2\">\u2022 <b>Donn\u00e9es transactionnelles<\/b>: D\u00e9tails de vos achats, informations de paiement et historique des commandes.<\/p><p class=\"p2\">\u2022 <b>Donn\u00e9es du compte<\/b> (facultatif) : nom d'utilisateur et mot de passe pour votre compte Lumi\u00e8re.<\/p><p class=\"p1\">Nous recueillons ces informations directement aupr\u00e8s de vous lors du paiement, de la cr\u00e9ation d'un compte ou lors d'interactions avec le service client.<\/p><p>\u00a0<\/p><p>\u00a0<\/p><p class=\"p1\"><b>Base juridique du traitement des donn\u00e9es<\/b><\/p><p class=\"p1\">Conform\u00e9ment au RGPD, nous traitons vos donn\u00e9es personnelles sur la base des fondements juridiques suivants :<\/p><p class=\"p2\">1. <b>N\u00e9cessit\u00e9 contractuelle<\/b>: Pour traiter et livrer vos commandes et g\u00e9rer votre compte.<\/p><p class=\"p2\">2. <b>Consentement<\/b>: Pour des activit\u00e9s telles que l'envoi d'e-mails marketing (uniquement si vous vous \u00eates inscrit).<\/p><p class=\"p2\">3. <b>Obligation l\u00e9gale<\/b>: Pour se conformer aux exigences l\u00e9gales, telles que les r\u00e9glementations fiscales et comptables.<\/p><p>\u00a0<\/p><p class=\"p1\"><b>Comment nous utilisons vos donn\u00e9es personnelles<\/b><\/p><p class=\"p1\">Nous utilisons vos donn\u00e9es personnelles aux fins suivantes :<\/p><p class=\"p2\">\u2022 Pour traiter et livrer vos commandes, y compris la gestion des paiements et des exp\u00e9ditions.<\/p><p class=\"p2\">\u2022 Pour fournir un service client et r\u00e9soudre tout probl\u00e8me li\u00e9 \u00e0 vos commandes ou \u00e0 votre compte.<\/p><p class=\"p2\">\u2022 Pour envoyer des mises \u00e0 jour concernant vos commandes, votre compte ou les modifications apport\u00e9es \u00e0 nos services.<\/p><p class=\"p2\">\u2022 Pour se conformer aux obligations l\u00e9gales et r\u00e9glementaires.<\/p><p class=\"p1\">Nous faisons <b>pas<\/b> utiliser vos donn\u00e9es \u00e0 des fins sans rapport avec la fourniture de nos services.<\/p><p>\u00a0<\/p><p class=\"p1\"><b>Comment nous partageons vos donn\u00e9es<\/b><\/p><p class=\"p1\">Nous ne partageons vos donn\u00e9es que lorsque cela est n\u00e9cessaire pour fournir nos services ou nous conformer aux exigences l\u00e9gales :<\/p><p class=\"p2\">\u2022 <b>Prestataires de paiement<\/b>: Pour traiter vos paiements en toute s\u00e9curit\u00e9.<\/p><p class=\"p2\">\u2022 <b>Transporteurs maritimes<\/b>: Pour garantir la livraison rapide de vos achats.<\/p><p class=\"p2\">\u2022 <b>Fournisseurs de services informatiques<\/b>: Pour l'h\u00e9bergement et la maintenance du site web.<\/p><p class=\"p1\">Tous les tiers sont contractuellement tenus de traiter vos donn\u00e9es de mani\u00e8re s\u00e9curis\u00e9e et conforme au RGPD.<\/p><p>\u00a0<\/p><p class=\"p1\"><b>Cookies et technologies de suivi<\/b><\/p><p class=\"p1\">Nous utilisons des cookies pour am\u00e9liorer votre exp\u00e9rience sur notre site Web. Les cookies nous permettent de :<\/p><p class=\"p2\">\u2022 Comprendre les pr\u00e9f\u00e9rences des utilisateurs.<\/p><p class=\"p2\">\u2022 Am\u00e9liorer les fonctionnalit\u00e9s du site Web.<\/p><p class=\"p1\">Vous pouvez g\u00e9rer vos pr\u00e9f\u00e9rences en mati\u00e8re de cookies ou d\u00e9sactiver les cookies dans les param\u00e8tres de votre navigateur. Pour plus d'informations, veuillez consulter notre <a href=\"\/fr\/politique-en-matiere-de-cookies\/\">Politique en mati\u00e8re de cookies<\/a>.<\/p><p>\u00a0<\/p><p class=\"p1\"><b>Vos droits<\/b><\/p><p class=\"p1\">En vertu du RGPD, vous disposez des droits suivants concernant vos donn\u00e9es personnelles :<\/p><p class=\"p2\">\u2022 <b>Acc\u00e8s<\/b>: Demandez une copie de vos donn\u00e9es personnelles.<\/p><p class=\"p2\">\u2022 <b>Rectification<\/b>: Corrigez toute inexactitude dans vos donn\u00e9es.<\/p><p class=\"p2\">\u2022 <b>Effacement<\/b>: Demander la suppression de vos donn\u00e9es (\u201c droit \u00e0 l'oubli \u201d).<\/p><p class=\"p2\">\u2022 <b>Restriction<\/b>: Limiter la mani\u00e8re dont nous traitons vos donn\u00e9es.<\/p><p class=\"p2\">\u2022 <b>Objection<\/b>: S'opposer au traitement des donn\u00e9es, y compris \u00e0 des fins de marketing.<\/p><p class=\"p2\">\u2022 <b>Portabilit\u00e9 des donn\u00e9es<\/b>: Recevez vos donn\u00e9es dans un format structur\u00e9 et couramment utilis\u00e9.<\/p><p class=\"p2\">\u2022 <b>Retirer son consentement<\/b>: Retirez votre consentement pour certaines utilisations de donn\u00e9es, telles que les e-mails marketing.<\/p><p class=\"p1\">Pour exercer vos droits, veuillez nous contacter \u00e0 l'adresse suivante : <a href=\"mailto:contact@lumierediamonds.eu\">contact@lumierediamonds.eu<\/a>. Vous avez \u00e9galement le droit de d\u00e9poser une plainte aupr\u00e8s de l'autorit\u00e9 de contr\u00f4le en Pologne :<\/p><p class=\"p1\">Pr\u00e9sident de l'Office de protection des donn\u00e9es personnelles (UODO)<\/p><p class=\"p1\">ul. Stawki 2, 00-193 Varsovie, Pologne<\/p><p class=\"p1\">T\u00e9l\u00e9phone : +48 22 531 03 00<\/p><p class=\"p1\">Site web : <a href=\"https:\/\/www.uodo.gov.pl\/\" target=\"_blank\" rel=\"noopener\">www.uodo.gov.pl<\/a><\/p><p>\u00a0<\/p><p class=\"p1\"><b>Conservation des donn\u00e9es<\/b><\/p><p class=\"p1\">Nous conservons vos donn\u00e9es personnelles uniquement pendant la dur\u00e9e n\u00e9cessaire aux fins suivantes :<\/p><p class=\"p2\">\u2022 <b>Informations relatives \u00e0 la commande<\/b>: Conserv\u00e9s pendant six ans afin de respecter les obligations fiscales et l\u00e9gales.<\/p><p class=\"p2\">\u2022 <b>Informations sur le compte<\/b>: Conserv\u00e9es jusqu'\u00e0 la suppression du compte ou en cas d'inactivit\u00e9 pendant trois ans.<\/p><p class=\"p2\">\u2022 <b>Donn\u00e9es marketing<\/b>: Conserv\u00e9es jusqu'\u00e0 ce que vous retiriez votre consentement ou vous d\u00e9sabonniez.<\/p><p class=\"p1\">Apr\u00e8s la p\u00e9riode de conservation, vos donn\u00e9es seront supprim\u00e9es ou anonymis\u00e9es de mani\u00e8re s\u00e9curis\u00e9e.<\/p><p>\u00a0<\/p><p class=\"p1\"><b>S\u00e9curit\u00e9 des donn\u00e9es<\/b><\/p><p class=\"p1\">Nous accordons la priorit\u00e9 \u00e0 la s\u00e9curit\u00e9 de vos donn\u00e9es personnelles et mettons en \u0153uvre des mesures techniques et organisationnelles robustes, notamment :<\/p><p class=\"p2\">\u2022 Cryptage des donn\u00e9es pendant leur stockage et leur transmission.<\/p><p class=\"p2\">\u2022 Traitement s\u00e9curis\u00e9 des paiements par des prestataires de confiance.<\/p><p class=\"p2\">\u2022 Contr\u00f4les d'acc\u00e8s pour emp\u00eacher tout acc\u00e8s non autoris\u00e9 \u00e0 vos donn\u00e9es.<\/p><p class=\"p1\">Bien que nous nous efforcions de prot\u00e9ger vos donn\u00e9es, aucun syst\u00e8me n'est s\u00fbr \u00e0 100 %. Dans le cas improbable d'une violation de donn\u00e9es, nous en informerons rapidement les utilisateurs concern\u00e9s et, si n\u00e9cessaire, nous le signalerons \u00e0 l'autorit\u00e9 de contr\u00f4le.<\/p><p>\u00a0<\/p><p class=\"p1\"><b>Donn\u00e9es relatives aux enfants<\/b><\/p><p class=\"p1\">Notre site Web n'est pas destin\u00e9 aux enfants de moins de 16 ans et nous ne collectons pas sciemment leurs donn\u00e9es personnelles. Si nous d\u00e9couvrons que nous avons collect\u00e9 par inadvertance des donn\u00e9es provenant d'un enfant, nous les supprimerons imm\u00e9diatement.<\/p><p>\u00a0<\/p><p class=\"p1\"><b>Modifications apport\u00e9es \u00e0 la pr\u00e9sente politique de confidentialit\u00e9<\/b><\/p><p class=\"p1\">Nous pouvons mettre \u00e0 jour cette politique de confidentialit\u00e9 afin de refl\u00e9ter les changements apport\u00e9s \u00e0 nos pratiques ou \u00e0 nos obligations l\u00e9gales. Toute mise \u00e0 jour importante sera communiqu\u00e9e sur notre site Web ou par e-mail. La derni\u00e8re version de cette politique est toujours disponible sur notre site Web.<\/p><p>\u00a0<\/p><p class=\"p1\"><b>Reconnaissance et accord<\/b><\/p><p class=\"p1\">En utilisant notre site Web et nos services, vous acceptez les pratiques d\u00e9crites dans la pr\u00e9sente politique de confidentialit\u00e9. Nous nous engageons \u00e0 traiter vos donn\u00e9es avec soin, transparence et respect.<\/p><p>\u00a0<\/p><p class=\"p1\"><b>Contactez-nous<\/b><\/p><p class=\"p1\">Si vous avez des questions ou des pr\u00e9occupations concernant la pr\u00e9sente politique de confidentialit\u00e9 ou vos donn\u00e9es personnelles, veuillez nous contacter \u00e0 l'adresse suivante :<\/p><p class=\"p1\">Courriel : <a href=\"mailto:contact@lumierediamonds.eu\">contact@lumierediamonds.eu<\/a><\/p><p class=\"p1\">Courrier : Nova Group Sp. z o.o., \u017burawia 6\/12 lok. 745, 00-503 Varsovie, Pologne<\/p>\t\t\t\t\t\t<\/div>\n\t\t\t\t<\/div>\n\t\t\t\t\t<\/div>\n\t\t\t\t<\/div>\n\t\t\t\t<\/div>","protected":false},"excerpt":{"rendered":"<p>Politique de confidentialit\u00e9 Introduction Chez Lumi\u00e8re, exploit\u00e9 par Nova Group Sp. z o.o., nous accordons de l'importance \u00e0 votre vie priv\u00e9e et nous nous engageons \u00e0 prot\u00e9ger vos donn\u00e9es personnelles. La pr\u00e9sente politique de confidentialit\u00e9 d\u00e9crit la mani\u00e8re dont nous recueillons, utilisons, stockons et prot\u00e9geons vos informations personnelles lorsque vous interagissez avec notre site web. Veuillez lire attentivement cette politique pour comprendre vos droits et [...]<\/p>","protected":false},"author":1,"featured_media":0,"parent":0,"menu_order":0,"comment_status":"closed","ping_status":"closed","template":"","meta":{"_acf_changed":false,"footnotes":""},"class_list":["post-3","page","type-page","status-publish","hentry"],"acf":[],"jetpack_sharing_enabled":true,"_links":{"self":[{"href":"https:\/\/lumierediamonds.eu\/fr\/wp-json\/wp\/v2\/pages\/3","targetHints":{"allow":["GET"]}}],"collection":[{"href":"https:\/\/lumierediamonds.eu\/fr\/wp-json\/wp\/v2\/pages"}],"about":[{"href":"https:\/\/lumierediamonds.eu\/fr\/wp-json\/wp\/v2\/types\/page"}],"author":[{"embeddable":true,"href":"https:\/\/lumierediamonds.eu\/fr\/wp-json\/wp\/v2\/users\/1"}],"replies":[{"embeddable":true,"href":"https:\/\/lumierediamonds.eu\/fr\/wp-json\/wp\/v2\/comments?post=3"}],"version-history":[{"count":10,"href":"https:\/\/lumierediamonds.eu\/fr\/wp-json\/wp\/v2\/pages\/3\/revisions"}],"predecessor-version":[{"id":6753,"href":"https:\/\/lumierediamonds.eu\/fr\/wp-json\/wp\/v2\/pages\/3\/revisions\/6753"}],"wp:attachment":[{"href":"https:\/\/lumierediamonds.eu\/fr\/wp-json\/wp\/v2\/media?parent=3"}],"curies":[{"name":"wp","href":"https:\/\/api.w.org\/{rel}","templated":true}]}}