{"id":6768,"date":"2024-12-16T14:35:38","date_gmt":"2024-12-16T13:35:38","guid":{"rendered":"https:\/\/lumierediamonds.eu\/?page_id=6768"},"modified":"2024-12-20T12:32:39","modified_gmt":"2024-12-20T11:32:39","slug":"politique-dexpedition-et-de-livraison","status":"publish","type":"page","link":"https:\/\/lumierediamonds.eu\/fr\/politique-dexpedition-et-de-livraison\/","title":{"rendered":"Politique d'exp\u00e9dition et de livraison"},"content":{"rendered":"<div data-elementor-type=\"wp-page\" data-elementor-id=\"6768\" class=\"elementor elementor-6768\" data-elementor-post-type=\"page\">\n\t\t\t\t<div class=\"elementor-element elementor-element-19742b5f e-flex e-con-boxed e-con e-parent\" data-id=\"19742b5f\" data-element_type=\"container\">\n\t\t\t\t\t<div class=\"e-con-inner\">\n\t\t\t\t<div class=\"elementor-element elementor-element-51db09a5 elementor-widget elementor-widget-text-editor\" data-id=\"51db09a5\" data-element_type=\"widget\" data-widget_type=\"text-editor.default\">\n\t\t\t\t<div class=\"elementor-widget-container\">\n\t\t\t\t\t\t\t<h1>Politique d'exp\u00e9dition et de livraison<\/h1><p>\u00a0<\/p><p><strong>Introduction<\/strong><\/p><p class=\"p1\">Chez Lumi\u00e8re, nous nous engageons \u00e0 vous garantir une exp\u00e9rience d'achat fluide et agr\u00e9able. La pr\u00e9sente politique d'exp\u00e9dition et de livraison d\u00e9crit tout ce que vous devez savoir sur la mani\u00e8re dont nous livrons vos commandes, y compris les co\u00fbts, les d\u00e9lais et d'autres d\u00e9tails importants.<\/p><p>\u00a0<\/p><p class=\"p1\"><b>Destinations d'exp\u00e9dition<\/b><\/p><p class=\"p1\">Nous livrons actuellement dans tous les pays de la <b>Union europ\u00e9enne (UE)<\/b>.<\/p><p class=\"p1\">Malheureusement, nous ne sommes pas en mesure de traiter les commandes destin\u00e9es \u00e0 \u00eatre livr\u00e9es en dehors de l'UE pour le moment.<\/p><p>\u00a0<\/p><p>\u00a0<\/p><p class=\"p1\"><b>Frais d'exp\u00e9dition<\/b><\/p><p class=\"p1\">Nous proposons <b>livraison gratuite<\/b> sur toutes les commandes vers les pays de l'UE, sans montant minimum requis.<\/p><p class=\"p1\">Il n'y a pas de frais suppl\u00e9mentaires pour les envois standard, quels que soient le montant de la commande ou la destination au sein de l'UE.<\/p><p>\u00a0<\/p><p class=\"p1\"><b>D\u00e9lais de livraison<\/b><\/p><p class=\"p1\">Nous mettons tout en \u0153uvre pour que votre commande vous parvienne dans les meilleurs d\u00e9lais. Voici les d\u00e9lais de livraison estim\u00e9s :<\/p><p class=\"p1\"><strong>Union europ\u00e9enne :<\/strong> 3 \u00e0 7 jours ouvrables<\/p><p class=\"p1\"><b>D\u00e9lais de traitement<\/b><\/p><p class=\"p2\">\u2022 Les commandes sont trait\u00e9es dans un d\u00e9lai de <b>1 \u00e0 2 jours ouvrables<\/b> apr\u00e8s confirmation du paiement.<\/p><p class=\"p2\">\u2022 Les commandes pass\u00e9es le week-end ou les jours f\u00e9ri\u00e9s seront trait\u00e9es le jour ouvrable suivant.<\/p><p class=\"p4\">Remarque : les d\u00e9lais de livraison sont approximatifs et peuvent varier en raison de facteurs ind\u00e9pendants de notre volont\u00e9, tels que des retards douaniers ou des perturbations dans les services de messagerie.<\/p><p>\u00a0<\/p><p class=\"p1\"><b>Suivi de commande<\/b><\/p><p class=\"p1\">Une fois votre commande exp\u00e9di\u00e9e, vous recevrez un <b>e-mail de confirmation d'exp\u00e9dition<\/b> avec un num\u00e9ro de suivi. Vous pouvez utiliser ce num\u00e9ro de suivi pour suivre l'avancement de votre envoi sur le site Web du transporteur.<\/p><p class=\"p1\">Si vous rencontrez des probl\u00e8mes avec le suivi, veuillez nous contacter \u00e0 l'adresse suivante : <a href=\"mailto:contact@lumierediamonds.eu\">contact@lumierediamonds.eu<\/a>, et nous serons ravis de vous aider.<\/p><p>\u00a0<\/p><p class=\"p1\"><b>Conditions de livraison<\/b><\/p><p class=\"p1\"><b>Livraison r\u00e9ussie<\/b><\/p><p class=\"p2\">\u2022 Les livraisons sont effectu\u00e9es \u00e0 l'adresse indiqu\u00e9e lors du paiement.<\/p><p class=\"p2\">\u2022 Il incombe au client de s'assurer que l'adresse de livraison est correcte et accessible.<\/p><p class=\"p1\"><b>Tentatives de livraison infructueuses<\/b><\/p><p class=\"p2\">\u2022 Si le livreur n'est pas en mesure de livrer votre commande (par exemple, en raison d'une adresse incorrecte ou d'un acc\u00e8s impossible \u00e0 la propri\u00e9t\u00e9), il peut laisser un avis de passage ou tenter une nouvelle livraison.<\/p><p class=\"p1\"><b>Colis perdus ou endommag\u00e9s<\/b><\/p><p class=\"p2\">\u2022 Si votre commande est perdue ou endommag\u00e9e pendant le transport, veuillez nous en informer imm\u00e9diatement \u00e0 l'adresse suivante : <a href=\"mailto:contact@lumierediamonds.eu\">contact@lumierediamonds.eu<\/a>.<\/p><p class=\"p2\">\u2022 Nous travaillerons avec le transporteur pour r\u00e9soudre le probl\u00e8me et, si n\u00e9cessaire, organiserons un remplacement ou un remboursement.<\/p><p>\u00a0<\/p><p class=\"p1\"><b>Douanes et droits<\/b><\/p><p class=\"p1\">Comme toutes les commandes sont exp\u00e9di\u00e9es au sein de l'UE, aucun droit de douane ni taxe suppl\u00e9mentaire ne s'applique \u00e0 votre achat.<\/p><p class=\"p1\">Si vous r\u00e9sidez dans un pays de l'UE o\u00f9 des droits d'importation s'appliquent dans des circonstances particuli\u00e8res (par exemple, certains territoires), vous \u00eates tenu de prendre en charge ces frais.<\/p><p>\u00a0<\/p><p class=\"p1\"><b>Modifications apport\u00e9es aux informations d'exp\u00e9dition<\/b><\/p><p class=\"p1\">Si vous devez mettre \u00e0 jour votre adresse de livraison ou toute autre information, veuillez nous contacter imm\u00e9diatement \u00e0 l'adresse suivante : <a href=\"mailto:contact@lumierediamonds.eu\">contact@lumierediamonds.eu<\/a>.<\/p><p class=\"p1\">Les modifications ne peuvent \u00eatre effectu\u00e9es qu'avant l'exp\u00e9dition de la commande. Une fois la commande exp\u00e9di\u00e9e, nous ne pouvons plus modifier les d\u00e9tails de livraison.<\/p><p>\u00a0<\/p><p class=\"p1\">\u00a0<\/p><p class=\"p1\"><b>Retards de livraison<\/b><\/p><p class=\"p1\">Bien que nous nous efforcions de livrer votre commande dans les d\u00e9lais estim\u00e9s, des retards peuvent parfois survenir en raison de facteurs ind\u00e9pendants de notre volont\u00e9, notamment :<\/p><p class=\"p2\">\u2022 Conditions m\u00e9t\u00e9orologiques extr\u00eames.<\/p><p class=\"p2\">\u2022 Probl\u00e8mes li\u00e9s au d\u00e9douanement.<\/p><p class=\"p2\">\u2022 Perturbations des services de messagerie.<\/p><p class=\"p1\">Si votre livraison est retard\u00e9e, nous ferons tout notre possible pour vous tenir inform\u00e9 et vous aider \u00e0 suivre votre colis.<\/p><p>\u00a0<\/p><p class=\"p1\"><b>Colis non r\u00e9clam\u00e9s<\/b><\/p><p class=\"p1\">Si un colis nous est retourn\u00e9 parce qu'il n'a pas \u00e9t\u00e9 r\u00e9clam\u00e9 ou que l'adresse de livraison \u00e9tait incorrecte, nous vous contacterons pour organiser une nouvelle livraison. Les frais d'exp\u00e9dition suppl\u00e9mentaires encourus seront \u00e0 la charge du client.<\/p><p>\u00a0<\/p><p class=\"p1\"><b>Annulation de commandes<\/b><\/p><p class=\"p1\">Si vous souhaitez annuler votre commande, veuillez nous contacter imm\u00e9diatement \u00e0 l'adresse suivante : <a href=\"mailto:contact@lumierediamonds.eu\">contact@lumierediamonds.eu<\/a>.<\/p><p class=\"p2\">\u2022 Les commandes ne peuvent \u00eatre annul\u00e9es qu'avant leur exp\u00e9dition.<\/p><p class=\"p2\">\u2022 Si la commande a d\u00e9j\u00e0 \u00e9t\u00e9 exp\u00e9di\u00e9e, vous devrez peut-\u00eatre suivre notre <a href=\"\/fr\/returns-refunds-policy\/\">Politique de retour et de remboursement<\/a> de retourner le produit une fois qu'il a \u00e9t\u00e9 livr\u00e9.<\/p><p>\u00a0<\/p><p class=\"p1\"><b>Contactez-nous<\/b><\/p><p class=\"p1\">Si vous avez des questions ou des pr\u00e9occupations concernant notre politique d'exp\u00e9dition et de livraison, n'h\u00e9sitez pas \u00e0 nous contacter en visitant <a href=\"\/fr\/contactez-nous\/\">notre page de contact<\/a>.<\/p>\t\t\t\t\t\t<\/div>\n\t\t\t\t<\/div>\n\t\t\t\t\t<\/div>\n\t\t\t\t<\/div>\n\t\t\t\t<\/div>","protected":false},"excerpt":{"rendered":"<p>Politique d'exp\u00e9dition et de livraison Introduction Chez Lumi\u00e8re, nous nous engageons \u00e0 faire en sorte que votre exp\u00e9rience d'achat soit transparente et agr\u00e9able. Cette politique d'exp\u00e9dition et de livraison d\u00e9crit tout ce que vous devez savoir sur la fa\u00e7on dont nous livrons vos commandes, y compris les co\u00fbts, les d\u00e9lais et d'autres d\u00e9tails importants.   Destinations d'exp\u00e9dition Nous livrons actuellement dans tous les pays [...]<\/p>","protected":false},"author":1,"featured_media":0,"parent":0,"menu_order":0,"comment_status":"closed","ping_status":"closed","template":"","meta":{"_acf_changed":false,"footnotes":""},"class_list":["post-6768","page","type-page","status-publish","hentry"],"acf":[],"jetpack_sharing_enabled":true,"_links":{"self":[{"href":"https:\/\/lumierediamonds.eu\/fr\/wp-json\/wp\/v2\/pages\/6768","targetHints":{"allow":["GET"]}}],"collection":[{"href":"https:\/\/lumierediamonds.eu\/fr\/wp-json\/wp\/v2\/pages"}],"about":[{"href":"https:\/\/lumierediamonds.eu\/fr\/wp-json\/wp\/v2\/types\/page"}],"author":[{"embeddable":true,"href":"https:\/\/lumierediamonds.eu\/fr\/wp-json\/wp\/v2\/users\/1"}],"replies":[{"embeddable":true,"href":"https:\/\/lumierediamonds.eu\/fr\/wp-json\/wp\/v2\/comments?post=6768"}],"version-history":[{"count":5,"href":"https:\/\/lumierediamonds.eu\/fr\/wp-json\/wp\/v2\/pages\/6768\/revisions"}],"predecessor-version":[{"id":7799,"href":"https:\/\/lumierediamonds.eu\/fr\/wp-json\/wp\/v2\/pages\/6768\/revisions\/7799"}],"wp:attachment":[{"href":"https:\/\/lumierediamonds.eu\/fr\/wp-json\/wp\/v2\/media?parent=6768"}],"curies":[{"name":"wp","href":"https:\/\/api.w.org\/{rel}","templated":true}]}}