{"id":10514,"date":"2025-09-18T18:23:03","date_gmt":"2025-09-18T16:23:03","guid":{"rendered":"https:\/\/lumierediamonds.eu\/?post_type=product&#038;p=10514"},"modified":"2026-03-01T12:25:34","modified_gmt":"2026-03-01T11:25:34","slug":"pendentif-diamant-avec-lunette-solo","status":"publish","type":"product","link":"https:\/\/lumierediamonds.eu\/fr\/product\/pendentif-diamant-avec-lunette-solo\/","title":{"rendered":"Pendentif diamant rond solo"},"content":{"rendered":"<p class=\"p1\">Un classique revisit\u00e9.<b><\/b><\/p>\n<p class=\"p2\">Le <span class=\"s1\"><b>Pendentif diamant rond solo<\/b><\/span> Comprend un diamant rond unique cr\u00e9\u00e9 en laboratoire, serti dans un cadre lisse et suspendu \u00e0 une fine cha\u00eene en or jaune ou blanc 18 carats avec un fermoir mousqueton s\u00e9curis\u00e9. Disponible en carats de 0,25 \u00e0 3 ct.<\/p>\n<p class=\"p2\">Son design \u00e9pur\u00e9 et moderne garantit un port facile, qu'il soit superpos\u00e9 ou port\u00e9 seul.<\/p>","protected":false},"excerpt":{"rendered":"<p class=\"p1\">Pi\u00e8ce incontournable et lumineuse, le pendentif Solo Bezel Diamond met en valeur un diamant rond brillant synth\u00e9tique, \u00e9l\u00e9gamment suspendu dans une monture \u00e0 chaton \u00e9pur\u00e9e. Disponible en or jaune ou blanc 18 carats, et dans sept poids totaux allant de 0,25 \u00e0 3 carats, c'est un bijou intemporel qui ajoute une touche de brillance discr\u00e8te \u00e0 n'importe quel look.<\/p>","protected":false},"featured_media":10388,"template":"","meta":{"_acf_changed":false},"product_brand":[],"product_cat":[552,759],"product_tag":[971,969,972,366,638,386,970,749,973,961],"class_list":{"0":"post-10514","1":"product","2":"type-product","3":"status-publish","4":"has-post-thumbnail","6":"product_cat-diamond-essentials","7":"product_cat-pendants","8":"product_tag-18k-gold-chain","9":"product_tag-bezel-diamond-pendant","10":"product_tag-bezel-set-diamond","11":"product_tag-everyday-luxury","12":"product_tag-fine-jewelry","13":"product_tag-lab-grown-diamond-necklace","14":"product_tag-minimalist-gold-pendant","15":"product_tag-round-brilliant-pendant","16":"product_tag-solo-pendant","17":"product_tag-timeless-necklace","18":"pa_metal-white-gold","19":"pa_metal-yellow-gold","21":"first","22":"instock","23":"taxable","24":"shipping-taxable","25":"purchasable","26":"product-type-variable"},"acf":[],"jetpack_sharing_enabled":true,"_links":{"self":[{"href":"https:\/\/lumierediamonds.eu\/fr\/wp-json\/wp\/v2\/product\/10514","targetHints":{"allow":["GET"]}}],"collection":[{"href":"https:\/\/lumierediamonds.eu\/fr\/wp-json\/wp\/v2\/product"}],"about":[{"href":"https:\/\/lumierediamonds.eu\/fr\/wp-json\/wp\/v2\/types\/product"}],"version-history":[{"count":5,"href":"https:\/\/lumierediamonds.eu\/fr\/wp-json\/wp\/v2\/product\/10514\/revisions"}],"predecessor-version":[{"id":14745,"href":"https:\/\/lumierediamonds.eu\/fr\/wp-json\/wp\/v2\/product\/10514\/revisions\/14745"}],"wp:featuredmedia":[{"embeddable":true,"href":"https:\/\/lumierediamonds.eu\/fr\/wp-json\/wp\/v2\/media\/10388"}],"wp:attachment":[{"href":"https:\/\/lumierediamonds.eu\/fr\/wp-json\/wp\/v2\/media?parent=10514"}],"wp:term":[{"taxonomy":"product_brand","embeddable":true,"href":"https:\/\/lumierediamonds.eu\/fr\/wp-json\/wp\/v2\/product_brand?post=10514"},{"taxonomy":"product_cat","embeddable":true,"href":"https:\/\/lumierediamonds.eu\/fr\/wp-json\/wp\/v2\/product_cat?post=10514"},{"taxonomy":"product_tag","embeddable":true,"href":"https:\/\/lumierediamonds.eu\/fr\/wp-json\/wp\/v2\/product_tag?post=10514"}],"curies":[{"name":"wp","href":"https:\/\/api.w.org\/{rel}","templated":true}]}}