{"id":10546,"date":"2025-09-18T18:23:13","date_gmt":"2025-09-18T16:23:13","guid":{"rendered":"https:\/\/lumierediamonds.eu\/?post_type=product&#038;p=10546"},"modified":"2025-11-20T18:17:28","modified_gmt":"2025-11-20T17:17:28","slug":"pendentif-diamant-ovale-eterna","status":"publish","type":"product","link":"https:\/\/lumierediamonds.eu\/fr\/product\/pendentif-diamant-ovale-eterna\/","title":{"rendered":"Pendentif diamant taille ovale Eterna"},"content":{"rendered":"<p class=\"p1\">Une \u00e9l\u00e9gante luminosit\u00e9, captur\u00e9e dans une sym\u00e9trie parfaite.<\/p>\n<p class=\"p1\">Le <span class=\"s1\"><b>Pendentif ovale en diamant Lumi\u00e8re<\/b><\/span> pr\u00e9sente un <span class=\"s1\">diamant ovale synth\u00e9tique<\/span>, admir\u00e9e pour sa forme allong\u00e9e et son \u00e9clat doux qui met en valeur tous les d\u00e9collet\u00e9s. Ses courbes facett\u00e9es refl\u00e8tent la lumi\u00e8re avec une fluidit\u00e9 naturelle, cr\u00e9ant une sensation de chaleur et de mouvement. Suspendue \u00e0 une fine cha\u00eene en or et s\u00e9curis\u00e9e par un <span class=\"s1\">fermoir mousqueton<\/span>, ce pendentif apporte une simplicit\u00e9 raffin\u00e9e \u00e0 l'\u00e9l\u00e9gance quotidienne.<\/p>\n<p class=\"p3\"><span class=\"s2\">Disponible en <\/span>Or jaune ou blanc 18 carats<span class=\"s2\">, et dans <\/span>votre choix de poids en carats<span class=\"s2\">.<\/span><\/p>","protected":false},"excerpt":{"rendered":"<p class=\"p1\">Le pendentif Eterna Oval Cut Diamond rayonne d'une \u00e9l\u00e9gance intemporelle avec sa silhouette allong\u00e9e et son sertissage minimaliste. Suspendu \u00e0 une fine cha\u00eene en or 18 carats, ce pendentif raffin\u00e9 est disponible en sept poids carats et deux couleurs d'or, parfait pour \u00eatre port\u00e9 seul ou en superposition.<\/p>","protected":false},"featured_media":10743,"template":"","meta":{"_acf_changed":false},"product_brand":[],"product_cat":[552,53,759],"product_tag":[635,748,981,401,970,303,982],"class_list":{"0":"post-10546","1":"product","2":"type-product","3":"status-publish","4":"has-post-thumbnail","6":"product_cat-diamond-essentials","7":"product_cat-necklaces-pendants","8":"product_cat-pendants","9":"product_tag-18k-gold-necklace","10":"product_tag-cable-chain-necklace","11":"product_tag-elegant-pendant","12":"product_tag-luxury-necklace","13":"product_tag-minimalist-gold-pendant","14":"product_tag-solitaire-necklace","15":"product_tag-timeless-diamond-jewelry","16":"pa_metal-white-gold","17":"pa_metal-yellow-gold","19":"first","20":"instock","21":"taxable","22":"shipping-taxable","23":"purchasable","24":"product-type-variable"},"acf":[],"jetpack_sharing_enabled":true,"_links":{"self":[{"href":"https:\/\/lumierediamonds.eu\/fr\/wp-json\/wp\/v2\/product\/10546","targetHints":{"allow":["GET"]}}],"collection":[{"href":"https:\/\/lumierediamonds.eu\/fr\/wp-json\/wp\/v2\/product"}],"about":[{"href":"https:\/\/lumierediamonds.eu\/fr\/wp-json\/wp\/v2\/types\/product"}],"version-history":[{"count":4,"href":"https:\/\/lumierediamonds.eu\/fr\/wp-json\/wp\/v2\/product\/10546\/revisions"}],"predecessor-version":[{"id":11474,"href":"https:\/\/lumierediamonds.eu\/fr\/wp-json\/wp\/v2\/product\/10546\/revisions\/11474"}],"wp:featuredmedia":[{"embeddable":true,"href":"https:\/\/lumierediamonds.eu\/fr\/wp-json\/wp\/v2\/media\/10743"}],"wp:attachment":[{"href":"https:\/\/lumierediamonds.eu\/fr\/wp-json\/wp\/v2\/media?parent=10546"}],"wp:term":[{"taxonomy":"product_brand","embeddable":true,"href":"https:\/\/lumierediamonds.eu\/fr\/wp-json\/wp\/v2\/product_brand?post=10546"},{"taxonomy":"product_cat","embeddable":true,"href":"https:\/\/lumierediamonds.eu\/fr\/wp-json\/wp\/v2\/product_cat?post=10546"},{"taxonomy":"product_tag","embeddable":true,"href":"https:\/\/lumierediamonds.eu\/fr\/wp-json\/wp\/v2\/product_tag?post=10546"}],"curies":[{"name":"wp","href":"https:\/\/api.w.org\/{rel}","templated":true}]}}