{"id":10547,"date":"2025-09-18T18:23:13","date_gmt":"2025-09-18T16:23:13","guid":{"rendered":"https:\/\/lumierediamonds.eu\/?post_type=product&#038;p=10547"},"modified":"2025-11-20T18:17:21","modified_gmt":"2025-11-20T17:17:21","slug":"pendentif-en-diamant-taille-emeraude-eterna","status":"publish","type":"product","link":"https:\/\/lumierediamonds.eu\/fr\/product\/pendentif-en-diamant-taille-emeraude-eterna\/","title":{"rendered":"Pendentif Eterna avec diamant taille \u00e9meraude"},"content":{"rendered":"<p class=\"p1\">Une sophistication naturelle, fa\u00e7onn\u00e9e par des lignes \u00e9pur\u00e9es et une lumi\u00e8re intemporelle.<\/p>\n<p class=\"p1\">Le <span class=\"s1\"><b>Pendentif Lumi\u00e8re \u00c9meraude Diamant<\/b><\/span> pr\u00e9sente un <span class=\"s1\">diamant taille \u00e9meraude synth\u00e9tique<\/span>, c\u00e9l\u00e8bre pour ses facettes miroitantes et sa sym\u00e9trie raffin\u00e9e. Sa g\u00e9om\u00e9trie nette et son \u00e9clat discret cr\u00e9ent une aura de confiance tranquille et de gr\u00e2ce moderne. Suspendu \u00e0 une fine cha\u00eene en or et fix\u00e9 \u00e0 l'aide d'un <span class=\"s1\">fermoir mousqueton<\/span>, ce pendentif incarne le luxe minimaliste.<\/p>\n<p class=\"p3\"><span class=\"s2\">Disponible en <\/span>Or jaune ou blanc 18 carats<span class=\"s2\">, et dans <\/span>votre choix de poids en carats<span class=\"s2\">.<\/span><\/p>","protected":false},"excerpt":{"rendered":"<p class=\"p1\">\u00c9l\u00e9gant et raffin\u00e9, le pendentif Eterna Emerald Cut Diamond est un mod\u00e8le de sym\u00e9trie et de sophistication. Avec ses lignes \u00e9pur\u00e9es et sa silhouette \u00e9l\u00e9gante, ce diamant synth\u00e9tique taille \u00e9meraude serti clos est suspendu \u00e0 une fine cha\u00eene c\u00e2ble en or jaune ou blanc 18 carats, au choix.<\/p>","protected":false},"featured_media":10808,"template":"","meta":{"_acf_changed":false},"product_brand":[],"product_cat":[552,53,759],"product_tag":[635,748,981,401,970,303,982],"class_list":{"0":"post-10547","1":"product","2":"type-product","3":"status-publish","4":"has-post-thumbnail","6":"product_cat-diamond-essentials","7":"product_cat-necklaces-pendants","8":"product_cat-pendants","9":"product_tag-18k-gold-necklace","10":"product_tag-cable-chain-necklace","11":"product_tag-elegant-pendant","12":"product_tag-luxury-necklace","13":"product_tag-minimalist-gold-pendant","14":"product_tag-solitaire-necklace","15":"product_tag-timeless-diamond-jewelry","16":"pa_metal-white-gold","17":"pa_metal-yellow-gold","19":"first","20":"instock","21":"taxable","22":"shipping-taxable","23":"purchasable","24":"product-type-variable"},"acf":[],"jetpack_sharing_enabled":true,"_links":{"self":[{"href":"https:\/\/lumierediamonds.eu\/fr\/wp-json\/wp\/v2\/product\/10547","targetHints":{"allow":["GET"]}}],"collection":[{"href":"https:\/\/lumierediamonds.eu\/fr\/wp-json\/wp\/v2\/product"}],"about":[{"href":"https:\/\/lumierediamonds.eu\/fr\/wp-json\/wp\/v2\/types\/product"}],"version-history":[{"count":5,"href":"https:\/\/lumierediamonds.eu\/fr\/wp-json\/wp\/v2\/product\/10547\/revisions"}],"predecessor-version":[{"id":11477,"href":"https:\/\/lumierediamonds.eu\/fr\/wp-json\/wp\/v2\/product\/10547\/revisions\/11477"}],"wp:featuredmedia":[{"embeddable":true,"href":"https:\/\/lumierediamonds.eu\/fr\/wp-json\/wp\/v2\/media\/10808"}],"wp:attachment":[{"href":"https:\/\/lumierediamonds.eu\/fr\/wp-json\/wp\/v2\/media?parent=10547"}],"wp:term":[{"taxonomy":"product_brand","embeddable":true,"href":"https:\/\/lumierediamonds.eu\/fr\/wp-json\/wp\/v2\/product_brand?post=10547"},{"taxonomy":"product_cat","embeddable":true,"href":"https:\/\/lumierediamonds.eu\/fr\/wp-json\/wp\/v2\/product_cat?post=10547"},{"taxonomy":"product_tag","embeddable":true,"href":"https:\/\/lumierediamonds.eu\/fr\/wp-json\/wp\/v2\/product_tag?post=10547"}],"curies":[{"name":"wp","href":"https:\/\/api.w.org\/{rel}","templated":true}]}}