{"id":10578,"date":"2025-09-18T18:23:19","date_gmt":"2025-09-18T16:23:19","guid":{"rendered":"https:\/\/lumierediamonds.eu\/?post_type=product&#038;p=10578"},"modified":"2025-11-20T18:17:28","modified_gmt":"2025-11-20T17:17:28","slug":"pendentif-diamant-taille-poire-eterna","status":"publish","type":"product","link":"https:\/\/lumierediamonds.eu\/fr\/product\/pendentif-diamant-taille-poire-eterna\/","title":{"rendered":"Pendentif diamant taille poire Eterna"},"content":{"rendered":"<p class=\"p1\">Une \u00e9l\u00e9gance intemporelle, captur\u00e9e dans une seule goutte de lumi\u00e8re.<b><\/b><\/p>\n<p class=\"p3\">Le <span class=\"s1\"><b>Pendentif Lumi\u00e8re en forme de poire avec diamant<\/b><\/span> pr\u00e9sente une coupe magnifique en forme de poire <span class=\"s1\">diamant synth\u00e9tique<\/span>, choisi pour son \u00e9clat radieux et sa silhouette gracieuse. Suspendu \u00e0 une fine cha\u00eene en or et fix\u00e9 \u00e0 l'aide d'un <span class=\"s1\">fermoir mousqueton<\/span>, il incarne une simplicit\u00e9 raffin\u00e9e et une beaut\u00e9 intemporelle.<\/p>\n<p class=\"p1\"><span class=\"s2\">Disponible en <\/span>Or jaune ou blanc 18 carats<span class=\"s2\">, et dans <\/span>votre choix de poids en carats<span class=\"s2\">.<\/span><\/p>","protected":false},"excerpt":{"rendered":"<p class=\"p1\">Raffin\u00e9 et lumineux, le pendentif Eterna Pear Cut Diamond est orn\u00e9 d'un brillant diamant synth\u00e9tique taille poire suspendu \u00e0 une d\u00e9licate cha\u00eene c\u00e2ble. Disponible en or jaune ou blanc 18 carats et dans le poids de votre choix, ce pendentif en forme de larme apporte une touche intemporelle \u00e0 toute collection de bijoux.<\/p>","protected":false},"featured_media":10877,"template":"","meta":{"_acf_changed":false},"product_brand":[],"product_cat":[552,53,759],"product_tag":[635,748,981,401,970,303,982],"class_list":{"0":"post-10578","1":"product","2":"type-product","3":"status-publish","4":"has-post-thumbnail","6":"product_cat-diamond-essentials","7":"product_cat-necklaces-pendants","8":"product_cat-pendants","9":"product_tag-18k-gold-necklace","10":"product_tag-cable-chain-necklace","11":"product_tag-elegant-pendant","12":"product_tag-luxury-necklace","13":"product_tag-minimalist-gold-pendant","14":"product_tag-solitaire-necklace","15":"product_tag-timeless-diamond-jewelry","16":"pa_metal-white-gold","17":"pa_metal-yellow-gold","19":"first","20":"instock","21":"taxable","22":"shipping-taxable","23":"purchasable","24":"product-type-variable"},"acf":[],"jetpack_sharing_enabled":true,"_links":{"self":[{"href":"https:\/\/lumierediamonds.eu\/fr\/wp-json\/wp\/v2\/product\/10578","targetHints":{"allow":["GET"]}}],"collection":[{"href":"https:\/\/lumierediamonds.eu\/fr\/wp-json\/wp\/v2\/product"}],"about":[{"href":"https:\/\/lumierediamonds.eu\/fr\/wp-json\/wp\/v2\/types\/product"}],"version-history":[{"count":7,"href":"https:\/\/lumierediamonds.eu\/fr\/wp-json\/wp\/v2\/product\/10578\/revisions"}],"predecessor-version":[{"id":11449,"href":"https:\/\/lumierediamonds.eu\/fr\/wp-json\/wp\/v2\/product\/10578\/revisions\/11449"}],"wp:featuredmedia":[{"embeddable":true,"href":"https:\/\/lumierediamonds.eu\/fr\/wp-json\/wp\/v2\/media\/10877"}],"wp:attachment":[{"href":"https:\/\/lumierediamonds.eu\/fr\/wp-json\/wp\/v2\/media?parent=10578"}],"wp:term":[{"taxonomy":"product_brand","embeddable":true,"href":"https:\/\/lumierediamonds.eu\/fr\/wp-json\/wp\/v2\/product_brand?post=10578"},{"taxonomy":"product_cat","embeddable":true,"href":"https:\/\/lumierediamonds.eu\/fr\/wp-json\/wp\/v2\/product_cat?post=10578"},{"taxonomy":"product_tag","embeddable":true,"href":"https:\/\/lumierediamonds.eu\/fr\/wp-json\/wp\/v2\/product_tag?post=10578"}],"curies":[{"name":"wp","href":"https:\/\/api.w.org\/{rel}","templated":true}]}}