{"id":10621,"date":"2025-09-30T01:07:30","date_gmt":"2025-09-29T23:07:30","guid":{"rendered":"https:\/\/lumierediamonds.eu\/?post_type=product&#038;p=10621"},"modified":"2025-11-23T21:04:39","modified_gmt":"2025-11-23T20:04:39","slug":"alliance-aurora-comfort-fit","status":"publish","type":"product","link":"https:\/\/lumierediamonds.eu\/fr\/product\/alliance-aurora-comfort-fit\/","title":{"rendered":"Alliance Aurora Comfort Fit"},"content":{"rendered":"<p class=\"p1\">Sobre et r\u00e9sistante, l'alliance Aurora Comfort Fit est con\u00e7ue pour \u00eatre port\u00e9e au quotidien, avec sa silhouette moderne l\u00e9g\u00e8rement bomb\u00e9e et son bord int\u00e9rieur d\u00e9licatement arrondi. Disponible dans des largeurs allant de 2 mm \u00e0 7 mm et en or jaune, blanc ou rose 18 carats, c'est la bague unisexe parfaite : raffin\u00e9e, polyvalente et intemporelle. Fabriqu\u00e9e \u00e0 la main \u00e0 partir d'or 18 carats certifi\u00e9 LBMA, elle offre confort et durabilit\u00e9, qu'elle soit choisie pour un mariage, un \u00e9v\u00e9nement marquant ou pour affirmer son style personnel.<\/p>","protected":false},"excerpt":{"rendered":"<p class=\"p1\">Discr\u00e8te et durable, l'alliance Aurora Comfort Fit est con\u00e7ue pour \u00eatre port\u00e9e tous les jours, avec une silhouette moderne \u00e0 d\u00f4me bas et un bord int\u00e9rieur doucement arrondi. Disponible en largeurs de 2 \u00e0 7 mm et en or jaune, blanc ou rose 18 carats, c'est l'anneau unisexe parfait - raffin\u00e9, polyvalent et intemporel.<\/p>","protected":false},"featured_media":11263,"template":"","meta":{"_acf_changed":false},"product_brand":[],"product_cat":[999,553,525,52,57],"product_tag":[1019,540,1021,1020,1075,278,815,497,462,1001],"class_list":{"0":"post-10621","1":"product","2":"type-product","3":"status-publish","4":"has-post-thumbnail","6":"product_cat-classic-wedding-bands","7":"product_cat-mens-jewelry","8":"product_cat-mens-wedding-bands","9":"product_cat-rings","10":"product_cat-wedding-bands","11":"product_tag-18k-gold-wedding-band","12":"product_tag-comfort-fit-ring","13":"product_tag-gold-band-for-him-or-her","14":"product_tag-low-dome-band","15":"product_tag-mens-wedding-band","16":"product_tag-mens-wedding-ring","17":"product_tag-minimalist-ring","18":"product_tag-modern-wedding-band","19":"product_tag-timeless-wedding-band","20":"product_tag-unisex-wedding-band","21":"pa_metal-rose-gold","22":"pa_metal-white-gold","23":"pa_metal-yellow-gold","25":"first","26":"instock","27":"taxable","28":"shipping-taxable","29":"purchasable","30":"product-type-variable"},"acf":[],"jetpack_sharing_enabled":true,"_links":{"self":[{"href":"https:\/\/lumierediamonds.eu\/fr\/wp-json\/wp\/v2\/product\/10621","targetHints":{"allow":["GET"]}}],"collection":[{"href":"https:\/\/lumierediamonds.eu\/fr\/wp-json\/wp\/v2\/product"}],"about":[{"href":"https:\/\/lumierediamonds.eu\/fr\/wp-json\/wp\/v2\/types\/product"}],"version-history":[{"count":4,"href":"https:\/\/lumierediamonds.eu\/fr\/wp-json\/wp\/v2\/product\/10621\/revisions"}],"predecessor-version":[{"id":11315,"href":"https:\/\/lumierediamonds.eu\/fr\/wp-json\/wp\/v2\/product\/10621\/revisions\/11315"}],"wp:featuredmedia":[{"embeddable":true,"href":"https:\/\/lumierediamonds.eu\/fr\/wp-json\/wp\/v2\/media\/11263"}],"wp:attachment":[{"href":"https:\/\/lumierediamonds.eu\/fr\/wp-json\/wp\/v2\/media?parent=10621"}],"wp:term":[{"taxonomy":"product_brand","embeddable":true,"href":"https:\/\/lumierediamonds.eu\/fr\/wp-json\/wp\/v2\/product_brand?post=10621"},{"taxonomy":"product_cat","embeddable":true,"href":"https:\/\/lumierediamonds.eu\/fr\/wp-json\/wp\/v2\/product_cat?post=10621"},{"taxonomy":"product_tag","embeddable":true,"href":"https:\/\/lumierediamonds.eu\/fr\/wp-json\/wp\/v2\/product_tag?post=10621"}],"curies":[{"name":"wp","href":"https:\/\/api.w.org\/{rel}","templated":true}]}}