{"id":10622,"date":"2025-09-30T01:07:30","date_gmt":"2025-09-29T23:07:30","guid":{"rendered":"https:\/\/lumierediamonds.eu\/product\/nala-diamond-butterfly-bracelet\/"},"modified":"2025-12-04T16:51:39","modified_gmt":"2025-12-04T15:51:39","slug":"bracelet-papillon-diamant-nala","status":"publish","type":"product","link":"https:\/\/lumierediamonds.eu\/fr\/product\/bracelet-papillon-diamant-nala\/","title":{"rendered":"Bracelet papillon Nala Diamond"},"content":{"rendered":"<p>Ludique et f\u00e9minin, le collier papillon Nala Diamond apporte une touche joyeuse \u00e0 votre look quotidien.<\/p>\n<p>R\u00e9alis\u00e9 en or jaune, blanc ou rose 18 carats, ce pendentif prend la forme d'un papillon gracieux et est serti de 0,15 carat de diamants synth\u00e9tiques qui captent la lumi\u00e8re \u00e0 chaque mouvement.<\/p>\n<p>Symbole de transformation et de libert\u00e9, c'est un cadeau significatif pour tous les \u00e2ges, qui ajoute une touche d\u00e9licate et lumineuse \u00e0 toute collection de bijoux.<\/p>","protected":false},"excerpt":{"rendered":"<p>Ludique et f\u00e9minin, le collier papillon Nala Diamond apporte une touche joyeuse \u00e0 votre look quotidien.<\/p>","protected":false},"featured_media":11027,"template":"","meta":{"_acf_changed":false},"product_brand":[],"product_cat":[55,852,552],"product_tag":[377,991,994,996,780,993,995,354],"class_list":{"0":"post-10622","1":"product","2":"type-product","3":"status-publish","4":"has-post-thumbnail","6":"product_cat-bracelets","7":"product_cat-chain-bracelets","8":"product_cat-diamond-essentials","9":"product_tag-18k-yellow-gold-bracelet","10":"product_tag-butterfly-bracelet","11":"product_tag-charm-bracelet","12":"product_tag-delicate-wrist-jewelry","13":"product_tag-diamond-butterfly-jewelry","14":"product_tag-feminine-gold-bracelet","15":"product_tag-fine-gold-bracelet","16":"product_tag-pave-diamond-bracelet","17":"pa_metal-yellow-gold","19":"first","20":"instock","21":"taxable","22":"shipping-taxable","23":"purchasable","24":"product-type-simple"},"acf":[],"jetpack_sharing_enabled":true,"_links":{"self":[{"href":"https:\/\/lumierediamonds.eu\/fr\/wp-json\/wp\/v2\/product\/10622","targetHints":{"allow":["GET"]}}],"collection":[{"href":"https:\/\/lumierediamonds.eu\/fr\/wp-json\/wp\/v2\/product"}],"about":[{"href":"https:\/\/lumierediamonds.eu\/fr\/wp-json\/wp\/v2\/types\/product"}],"version-history":[{"count":5,"href":"https:\/\/lumierediamonds.eu\/fr\/wp-json\/wp\/v2\/product\/10622\/revisions"}],"predecessor-version":[{"id":14005,"href":"https:\/\/lumierediamonds.eu\/fr\/wp-json\/wp\/v2\/product\/10622\/revisions\/14005"}],"wp:featuredmedia":[{"embeddable":true,"href":"https:\/\/lumierediamonds.eu\/fr\/wp-json\/wp\/v2\/media\/11027"}],"wp:attachment":[{"href":"https:\/\/lumierediamonds.eu\/fr\/wp-json\/wp\/v2\/media?parent=10622"}],"wp:term":[{"taxonomy":"product_brand","embeddable":true,"href":"https:\/\/lumierediamonds.eu\/fr\/wp-json\/wp\/v2\/product_brand?post=10622"},{"taxonomy":"product_cat","embeddable":true,"href":"https:\/\/lumierediamonds.eu\/fr\/wp-json\/wp\/v2\/product_cat?post=10622"},{"taxonomy":"product_tag","embeddable":true,"href":"https:\/\/lumierediamonds.eu\/fr\/wp-json\/wp\/v2\/product_tag?post=10622"}],"curies":[{"name":"wp","href":"https:\/\/api.w.org\/{rel}","templated":true}]}}