{"id":10642,"date":"2025-09-30T01:07:33","date_gmt":"2025-09-29T23:07:33","guid":{"rendered":"https:\/\/lumierediamonds.eu\/product\/toi-et-moi-pear-emerald-diamond-ring\/"},"modified":"2025-12-16T20:45:01","modified_gmt":"2025-12-16T19:45:01","slug":"bague-en-diamant-emeraude-et-poire-toi-et-moi","status":"publish","type":"product","link":"https:\/\/lumierediamonds.eu\/fr\/product\/bague-en-diamant-emeraude-et-poire-toi-et-moi\/","title":{"rendered":"Bague Toi et Moi en poire et diamant \u00e9meraude"},"content":{"rendered":"<p class=\"p1\">Symbole \u00e9ternel de connexion, la bague Toi et Moi Pear &amp; Emerald Diamond Ring r\u00e9unit deux tailles distinctes dans un design \u00e0 couper le souffle. Dot\u00e9e d'un diamant synth\u00e9tique taille poire de 1,18 ct et d'un diamant synth\u00e9tique taille \u00e9meraude de 2,25 ct, sertis \u00e0 griffes dans de l'or blanc 18 carats poli, cette pi\u00e8ce moderne est une c\u00e9l\u00e9bration de la dualit\u00e9, de l'unit\u00e9 et de l'amour. Fabriqu\u00e9e en or 18 carats certifi\u00e9 LBMA et finie avec pr\u00e9cision, cette pi\u00e8ce remarquable est id\u00e9ale pour les fian\u00e7ailles, les anniversaires ou pour comm\u00e9morer les moments importants de la vie.<\/p>","protected":false},"excerpt":{"rendered":"<p>Symbole \u00e9ternel de connexion, la bague Toi et Moi en diamant poire et \u00e9meraude r\u00e9unit deux tailles distinctes en un seul mod\u00e8le \u00e0 couper le souffle. Dot\u00e9e d'un diamant poire de 1,18 ct. et d'un diamant \u00e9meraude de 2,25 ct., cultiv\u00e9s en laboratoire et sertis en or blanc 18 carats poli, cette bague moderne est une c\u00e9l\u00e9bration de la dualit\u00e9, de l'unit\u00e9 et de l'amour.<\/p>","protected":false},"featured_media":11052,"template":"","meta":{"_acf_changed":false},"product_brand":[],"product_cat":[552,52,898],"product_tag":[680,1016,1014,679,1013,1012,1018,1011,1017,1015],"class_list":{"0":"post-10642","1":"product","2":"type-product","3":"status-publish","4":"has-post-thumbnail","6":"product_cat-diamond-essentials","7":"product_cat-rings","8":"product_cat-statement-rings","9":"product_tag-18k-gold-ring","10":"product_tag-contemporary-fine-jewelry","11":"product_tag-dual-stone-ring","12":"product_tag-lab-grown-diamond-ring-2","13":"product_tag-modern-engagement-ring","14":"product_tag-pear-and-emerald-diamond-ring","15":"product_tag-symbolic-diamond-ring","16":"product_tag-toi-et-moi-ring","17":"product_tag-two-stone-ring","18":"product_tag-white-gold-diamond-ring","19":"pa_metal-white-gold","21":"first","22":"instock","23":"taxable","24":"shipping-taxable","25":"purchasable","26":"product-type-simple"},"acf":[],"jetpack_sharing_enabled":true,"_links":{"self":[{"href":"https:\/\/lumierediamonds.eu\/fr\/wp-json\/wp\/v2\/product\/10642","targetHints":{"allow":["GET"]}}],"collection":[{"href":"https:\/\/lumierediamonds.eu\/fr\/wp-json\/wp\/v2\/product"}],"about":[{"href":"https:\/\/lumierediamonds.eu\/fr\/wp-json\/wp\/v2\/types\/product"}],"version-history":[{"count":4,"href":"https:\/\/lumierediamonds.eu\/fr\/wp-json\/wp\/v2\/product\/10642\/revisions"}],"predecessor-version":[{"id":14412,"href":"https:\/\/lumierediamonds.eu\/fr\/wp-json\/wp\/v2\/product\/10642\/revisions\/14412"}],"wp:featuredmedia":[{"embeddable":true,"href":"https:\/\/lumierediamonds.eu\/fr\/wp-json\/wp\/v2\/media\/11052"}],"wp:attachment":[{"href":"https:\/\/lumierediamonds.eu\/fr\/wp-json\/wp\/v2\/media?parent=10642"}],"wp:term":[{"taxonomy":"product_brand","embeddable":true,"href":"https:\/\/lumierediamonds.eu\/fr\/wp-json\/wp\/v2\/product_brand?post=10642"},{"taxonomy":"product_cat","embeddable":true,"href":"https:\/\/lumierediamonds.eu\/fr\/wp-json\/wp\/v2\/product_cat?post=10642"},{"taxonomy":"product_tag","embeddable":true,"href":"https:\/\/lumierediamonds.eu\/fr\/wp-json\/wp\/v2\/product_tag?post=10642"}],"curies":[{"name":"wp","href":"https:\/\/api.w.org\/{rel}","templated":true}]}}