{"id":10656,"date":"2025-09-30T01:07:39","date_gmt":"2025-09-29T23:07:39","guid":{"rendered":"https:\/\/lumierediamonds.eu\/?post_type=product&#038;p=10656"},"modified":"2025-11-23T21:04:39","modified_gmt":"2025-11-23T20:04:39","slug":"alliance-pour-homme-bruno-avec-incrustation-brossee","status":"publish","type":"product","link":"https:\/\/lumierediamonds.eu\/fr\/product\/alliance-pour-homme-bruno-avec-incrustation-brossee\/","title":{"rendered":"Alliance pour homme Bruno avec incrustation bross\u00e9e"},"content":{"rendered":"<p class=\"p1\">Avec son profil poli et son incrustation satin\u00e9e, l'alliance Bruno Brushed Inlay ajoute une touche subtile de contraste \u00e0 une silhouette intemporelle. Con\u00e7ue avec un int\u00e9rieur confortable et des bords incurv\u00e9s, elle offre un confort durable pour un usage quotidien. Choisissez parmi l'or jaune, blanc ou rose 18 carats dans des largeurs allant de 4 mm \u00e0 6 mm pour s'adapter \u00e0 votre style personnel. Une d\u00e9claration minimaliste d'un engagement raffin\u00e9.<\/p>","protected":false},"excerpt":{"rendered":"<p class=\"p1\">Avec son profil poli et son incrustation satin\u00e9e, l'alliance Bruno Brushed Inlay ajoute une touche subtile de contraste \u00e0 une silhouette intemporelle. Fabriqu\u00e9 en or jaune, blanc ou rose 18 carats, et disponible en largeurs de 4 \u00e0 6 mm, il s'agit d'un choix polyvalent et \u00e9l\u00e9gant pour le quotidien ou pour votre grand jour.<\/p>","protected":false},"featured_media":11228,"template":"","meta":{"_acf_changed":false},"product_brand":[],"product_cat":[553,525,52,57],"product_tag":[1044,1074,1077,699,384,1075,278,696,1076],"class_list":{"0":"post-10656","1":"product","2":"type-product","3":"status-publish","4":"has-post-thumbnail","6":"product_cat-mens-jewelry","7":"product_cat-mens-wedding-bands","8":"product_cat-rings","9":"product_cat-wedding-bands","10":"product_tag-18k-gold-wedding-ring","11":"product_tag-brushed-gold-band","12":"product_tag-comfort-fit-wedding-ring","13":"product_tag-everyday-ring","14":"product_tag-gold-wedding-band","15":"product_tag-mens-wedding-band","16":"product_tag-mens-wedding-ring","17":"product_tag-minimalist-gold-ring","18":"product_tag-satin-finish-band","19":"pa_metal-rose-gold","20":"pa_metal-white-gold","21":"pa_metal-yellow-gold","23":"first","24":"instock","25":"taxable","26":"shipping-taxable","27":"purchasable","28":"product-type-variable"},"acf":[],"jetpack_sharing_enabled":true,"_links":{"self":[{"href":"https:\/\/lumierediamonds.eu\/fr\/wp-json\/wp\/v2\/product\/10656","targetHints":{"allow":["GET"]}}],"collection":[{"href":"https:\/\/lumierediamonds.eu\/fr\/wp-json\/wp\/v2\/product"}],"about":[{"href":"https:\/\/lumierediamonds.eu\/fr\/wp-json\/wp\/v2\/types\/product"}],"version-history":[{"count":4,"href":"https:\/\/lumierediamonds.eu\/fr\/wp-json\/wp\/v2\/product\/10656\/revisions"}],"predecessor-version":[{"id":11329,"href":"https:\/\/lumierediamonds.eu\/fr\/wp-json\/wp\/v2\/product\/10656\/revisions\/11329"}],"wp:featuredmedia":[{"embeddable":true,"href":"https:\/\/lumierediamonds.eu\/fr\/wp-json\/wp\/v2\/media\/11228"}],"wp:attachment":[{"href":"https:\/\/lumierediamonds.eu\/fr\/wp-json\/wp\/v2\/media?parent=10656"}],"wp:term":[{"taxonomy":"product_brand","embeddable":true,"href":"https:\/\/lumierediamonds.eu\/fr\/wp-json\/wp\/v2\/product_brand?post=10656"},{"taxonomy":"product_cat","embeddable":true,"href":"https:\/\/lumierediamonds.eu\/fr\/wp-json\/wp\/v2\/product_cat?post=10656"},{"taxonomy":"product_tag","embeddable":true,"href":"https:\/\/lumierediamonds.eu\/fr\/wp-json\/wp\/v2\/product_tag?post=10656"}],"curies":[{"name":"wp","href":"https:\/\/api.w.org\/{rel}","templated":true}]}}