{"id":10683,"date":"2025-09-30T01:07:43","date_gmt":"2025-09-29T23:07:43","guid":{"rendered":"https:\/\/lumierediamonds.eu\/product\/trio-diamond-mens-band\/"},"modified":"2025-11-23T21:07:07","modified_gmt":"2025-11-23T20:07:07","slug":"bague-trio-diamants-pour-homme","status":"publish","type":"product","link":"https:\/\/lumierediamonds.eu\/fr\/product\/bague-trio-diamants-pour-homme\/","title":{"rendered":"Bague Trio Diamond pour homme"},"content":{"rendered":"<p class=\"p1\">Un trio raffin\u00e9 de diamants ronds brillants tr\u00f4ne au c\u0153ur de cette bague moderne pour homme. Disponible en or jaune, blanc ou rose 18 carats, son design allie une masculinit\u00e9 intemporelle \u00e0 une touche de brillance subtile, parfaite pour ceux qui privil\u00e9gient une sophistication discr\u00e8te. Chaque bague de 3,8 mm est dot\u00e9e d'un int\u00e9rieur confortable et sertie de diamants synth\u00e9tiques dans un pav\u00e9 pour un \u00e9clat continu et un luxe conscient.<\/p>","protected":false},"excerpt":{"rendered":"<p class=\"p1\">Un trio raffin\u00e9 de diamants ronds et brillants se trouve au c\u0153ur de ce bracelet moderne pour homme. R\u00e9alis\u00e9 en or jaune, blanc ou rose 18 carats au choix, ce mod\u00e8le allie une masculinit\u00e9 intemporelle \u00e0 une brillance subtile, parfaite pour ceux qui privil\u00e9gient une sophistication discr\u00e8te.<\/p>","protected":false},"featured_media":11131,"template":"","meta":{"_acf_changed":false},"product_brand":[],"product_cat":[553,525,57],"product_tag":[680,1071,638,679,1043,1072,1045,1073,475,1070],"class_list":{"0":"post-10683","1":"product","2":"type-product","3":"status-publish","4":"has-post-thumbnail","6":"product_cat-mens-jewelry","7":"product_cat-mens-wedding-bands","8":"product_cat-wedding-bands","9":"product_tag-18k-gold-ring","10":"product_tag-comfort-fit-band","11":"product_tag-fine-jewelry","12":"product_tag-lab-grown-diamond-ring-2","13":"product_tag-mens-diamond-wedding-band","14":"product_tag-modern-mens-ring","15":"product_tag-pave-wedding-band","16":"product_tag-sustainable-gold","17":"product_tag-trio-diamond-band","18":"product_tag-understated-wedding-ring","19":"pa_metal-rose-gold","20":"pa_metal-white-gold","21":"pa_metal-yellow-gold","23":"first","24":"instock","25":"taxable","26":"shipping-taxable","27":"purchasable","28":"product-type-variable"},"acf":[],"jetpack_sharing_enabled":true,"_links":{"self":[{"href":"https:\/\/lumierediamonds.eu\/fr\/wp-json\/wp\/v2\/product\/10683","targetHints":{"allow":["GET"]}}],"collection":[{"href":"https:\/\/lumierediamonds.eu\/fr\/wp-json\/wp\/v2\/product"}],"about":[{"href":"https:\/\/lumierediamonds.eu\/fr\/wp-json\/wp\/v2\/types\/product"}],"version-history":[{"count":4,"href":"https:\/\/lumierediamonds.eu\/fr\/wp-json\/wp\/v2\/product\/10683\/revisions"}],"predecessor-version":[{"id":11338,"href":"https:\/\/lumierediamonds.eu\/fr\/wp-json\/wp\/v2\/product\/10683\/revisions\/11338"}],"wp:featuredmedia":[{"embeddable":true,"href":"https:\/\/lumierediamonds.eu\/fr\/wp-json\/wp\/v2\/media\/11131"}],"wp:attachment":[{"href":"https:\/\/lumierediamonds.eu\/fr\/wp-json\/wp\/v2\/media?parent=10683"}],"wp:term":[{"taxonomy":"product_brand","embeddable":true,"href":"https:\/\/lumierediamonds.eu\/fr\/wp-json\/wp\/v2\/product_brand?post=10683"},{"taxonomy":"product_cat","embeddable":true,"href":"https:\/\/lumierediamonds.eu\/fr\/wp-json\/wp\/v2\/product_cat?post=10683"},{"taxonomy":"product_tag","embeddable":true,"href":"https:\/\/lumierediamonds.eu\/fr\/wp-json\/wp\/v2\/product_tag?post=10683"}],"curies":[{"name":"wp","href":"https:\/\/api.w.org\/{rel}","templated":true}]}}