{"id":13324,"date":"2025-11-20T11:25:29","date_gmt":"2025-11-20T10:25:29","guid":{"rendered":"https:\/\/lumierediamonds.eu\/?post_type=product&#038;p=13324"},"modified":"2025-11-20T19:48:09","modified_gmt":"2025-11-20T18:48:09","slug":"collier-diamant-solstice-gradue","status":"publish","type":"product","link":"https:\/\/lumierediamonds.eu\/fr\/product\/collier-diamant-solstice-gradue\/","title":{"rendered":"Collier Solstice avec diamants gradu\u00e9s"},"content":{"rendered":"<p>V\u00e9ritable symphonie de brillance, le collier Solstice Graduated Diamond Necklace est compos\u00e9 de diamants synth\u00e9tiques s\u00e9lectionn\u00e9s \u00e0 la main, dispos\u00e9s dans une silhouette gracieuse et d\u00e9grad\u00e9e. Sertis dans de l'or jaune ou blanc 18 carats certifi\u00e9 LBMA, chaque diamant rond brillant est assorti en termes de couleur, de clart\u00e9 et de proportion, s'encha\u00eenant harmonieusement les uns aux autres pour un spectacle harmonieux de feu et de lumi\u00e8re. Ferm\u00e9 par un fermoir \u00e0 bo\u00eetier et con\u00e7u pour \u00eatre \u00e0 la fois confortable et impressionnant, ce collier de style \u00e9ternit\u00e9 est un h\u00e9ritage en devenir : intemporel, saisissant et durable.<\/p>","protected":false},"excerpt":{"rendered":"<p>V\u00e9ritable symphonie de brillance, le collier Solstice Graduated Diamond Necklace est compos\u00e9 de diamants synth\u00e9tiques s\u00e9lectionn\u00e9s \u00e0 la main et dispos\u00e9s dans une silhouette gracieuse et d\u00e9grad\u00e9e. R\u00e9alis\u00e9 en or 18 carats, il offre un effet lumineux aux proportions \u00e9l\u00e9gantes, parfait pour les moments festifs ou pour rehausser votre quotidien.<\/p>","protected":false},"featured_media":11900,"template":"","meta":{"_acf_changed":false},"product_brand":[],"product_cat":[552,1163,53],"product_tag":[635,1165,638,1164,386,390,1103],"class_list":{"0":"post-13324","1":"product","2":"type-product","3":"status-publish","4":"has-post-thumbnail","6":"product_cat-diamond-essentials","7":"product_cat-diamond-necklaces","8":"product_cat-necklaces-pendants","9":"product_tag-18k-gold-necklace","10":"product_tag-eternity-diamond-necklace","11":"product_tag-fine-jewelry","12":"product_tag-graduated-diamond-necklace","13":"product_tag-lab-grown-diamond-necklace","14":"product_tag-statement-necklace","15":"product_tag-sustainable-luxury","16":"pa_metal-white-gold","17":"pa_metal-yellow-gold","19":"first","20":"instock","21":"featured","22":"taxable","23":"shipping-taxable","24":"purchasable","25":"product-type-variable"},"acf":[],"jetpack_sharing_enabled":true,"_links":{"self":[{"href":"https:\/\/lumierediamonds.eu\/fr\/wp-json\/wp\/v2\/product\/13324","targetHints":{"allow":["GET"]}}],"collection":[{"href":"https:\/\/lumierediamonds.eu\/fr\/wp-json\/wp\/v2\/product"}],"about":[{"href":"https:\/\/lumierediamonds.eu\/fr\/wp-json\/wp\/v2\/types\/product"}],"version-history":[{"count":2,"href":"https:\/\/lumierediamonds.eu\/fr\/wp-json\/wp\/v2\/product\/13324\/revisions"}],"predecessor-version":[{"id":13341,"href":"https:\/\/lumierediamonds.eu\/fr\/wp-json\/wp\/v2\/product\/13324\/revisions\/13341"}],"wp:featuredmedia":[{"embeddable":true,"href":"https:\/\/lumierediamonds.eu\/fr\/wp-json\/wp\/v2\/media\/11900"}],"wp:attachment":[{"href":"https:\/\/lumierediamonds.eu\/fr\/wp-json\/wp\/v2\/media?parent=13324"}],"wp:term":[{"taxonomy":"product_brand","embeddable":true,"href":"https:\/\/lumierediamonds.eu\/fr\/wp-json\/wp\/v2\/product_brand?post=13324"},{"taxonomy":"product_cat","embeddable":true,"href":"https:\/\/lumierediamonds.eu\/fr\/wp-json\/wp\/v2\/product_cat?post=13324"},{"taxonomy":"product_tag","embeddable":true,"href":"https:\/\/lumierediamonds.eu\/fr\/wp-json\/wp\/v2\/product_tag?post=13324"}],"curies":[{"name":"wp","href":"https:\/\/api.w.org\/{rel}","templated":true}]}}