{"id":13392,"date":"2025-11-21T02:23:02","date_gmt":"2025-11-21T01:23:02","guid":{"rendered":"https:\/\/lumierediamonds.eu\/?post_type=product&#038;p=13392"},"modified":"2025-11-26T17:35:05","modified_gmt":"2025-11-26T16:35:05","slug":"boucles-doreilles-clou-en-diamant-avec-lunette-claire","status":"publish","type":"product","link":"https:\/\/lumierediamonds.eu\/fr\/product\/boucles-doreilles-clou-en-diamant-avec-lunette-claire\/","title":{"rendered":"Boucles d'oreilles clou Clara Bezel Diamond"},"content":{"rendered":"<p>Con\u00e7ues pour \u00eatre faciles \u00e0 porter et intemporelles, les boucles d'oreilles Clara Bezel Diamond Stud sont orn\u00e9es de diamants ronds brillants synth\u00e9tiques sertis dans des montures raffin\u00e9es, disponibles en 0,3 ct, 0,5 ct, 0,7 ct, 1 ct, 1,5 ct et 2 ct de poids total. Choisissez entre l'or jaune ou l'or blanc 18 carats. Chaque paire est con\u00e7ue pour offrir une sophistication au quotidien, un port s\u00fbr et un \u00e9clat durable gr\u00e2ce \u00e0 nos diamants synth\u00e9tiques de qualit\u00e9 sup\u00e9rieure, d'une puret\u00e9 VVS1-VS1 et d'une couleur D-F.<\/p>","protected":false},"excerpt":{"rendered":"<p>Les boucles d'oreilles Clara Bezel Diamond Stud sont des incontournables intemporels : des diamants ronds synth\u00e9tiques sertis dans une monture lisse, disponibles en plusieurs carats et au choix en or jaune ou blanc 18 carats, pour une \u00e9l\u00e9gance raffin\u00e9e qui dure.<\/p>","protected":false},"featured_media":11764,"template":"","meta":{"_acf_changed":false},"product_brand":[],"product_cat":[552,54,1140,760],"product_tag":[885,1250,1252,366,397,1251],"class_list":{"0":"post-13392","1":"product","2":"type-product","3":"status-publish","4":"has-post-thumbnail","6":"product_cat-diamond-essentials","7":"product_cat-earrings","8":"product_cat-gifts-under-1000-euro","9":"product_cat-stud-earrings","10":"product_tag-18k-gold-studs","11":"product_tag-bezel-diamond-studs","12":"product_tag-clara-collection","13":"product_tag-everyday-luxury","14":"product_tag-lab-grown-diamond-earrings","15":"product_tag-minimalist-diamond-earrings","16":"pa_metal-white-gold","17":"pa_metal-yellow-gold","19":"first","20":"instock","21":"taxable","22":"shipping-taxable","23":"purchasable","24":"product-type-variable"},"acf":[],"jetpack_sharing_enabled":true,"_links":{"self":[{"href":"https:\/\/lumierediamonds.eu\/fr\/wp-json\/wp\/v2\/product\/13392","targetHints":{"allow":["GET"]}}],"collection":[{"href":"https:\/\/lumierediamonds.eu\/fr\/wp-json\/wp\/v2\/product"}],"about":[{"href":"https:\/\/lumierediamonds.eu\/fr\/wp-json\/wp\/v2\/types\/product"}],"version-history":[{"count":3,"href":"https:\/\/lumierediamonds.eu\/fr\/wp-json\/wp\/v2\/product\/13392\/revisions"}],"predecessor-version":[{"id":13807,"href":"https:\/\/lumierediamonds.eu\/fr\/wp-json\/wp\/v2\/product\/13392\/revisions\/13807"}],"wp:featuredmedia":[{"embeddable":true,"href":"https:\/\/lumierediamonds.eu\/fr\/wp-json\/wp\/v2\/media\/11764"}],"wp:attachment":[{"href":"https:\/\/lumierediamonds.eu\/fr\/wp-json\/wp\/v2\/media?parent=13392"}],"wp:term":[{"taxonomy":"product_brand","embeddable":true,"href":"https:\/\/lumierediamonds.eu\/fr\/wp-json\/wp\/v2\/product_brand?post=13392"},{"taxonomy":"product_cat","embeddable":true,"href":"https:\/\/lumierediamonds.eu\/fr\/wp-json\/wp\/v2\/product_cat?post=13392"},{"taxonomy":"product_tag","embeddable":true,"href":"https:\/\/lumierediamonds.eu\/fr\/wp-json\/wp\/v2\/product_tag?post=13392"}],"curies":[{"name":"wp","href":"https:\/\/api.w.org\/{rel}","templated":true}]}}