{"id":13393,"date":"2025-11-21T02:23:03","date_gmt":"2025-11-21T01:23:03","guid":{"rendered":"https:\/\/lumierediamonds.eu\/?post_type=product&#038;p=13393"},"modified":"2026-04-22T15:57:01","modified_gmt":"2026-04-22T13:57:01","slug":"bague-de-fiancailles-en-diamant-harmony-twist","status":"publish","type":"product","link":"https:\/\/lumierediamonds.eu\/fr\/product\/bague-de-fiancailles-en-diamant-harmony-twist\/","title":{"rendered":"Bague de fian\u00e7ailles Harmony Twist Diamond"},"content":{"rendered":"<p>Une expression gracieuse de la connexion.<br \/>\nLa bague de fian\u00e7ailles Harmony Twist \u00e0 diamant rond pr\u00e9sente deux brins entrelac\u00e9s qui se rejoignent dans une bande pav\u00e9e doucement sculpt\u00e9e, cr\u00e9ant un design plein de mouvement, de lumi\u00e8re et d'\u00e9quilibre. Centr\u00e9e sur un diamant rond brillant, qui apporte un \u00e9clat intemporel et une brillance \u00e9quilibr\u00e9e, la monture attire naturellement le regard vers la pierre tout en ajoutant une brillance d\u00e9licate sous tous les angles.<\/p>\n<p>Fabriqu\u00e9 en or jaune, blanc ou rose 18 carats, ce mod\u00e8le est disponible dans un poids de carat allant de 0,30 \u00e0 3 ct. Romantique mais moderne, Harmony apporte douceur, symbolisme et \u00e9l\u00e9gance sans effort \u00e0 une bague de fian\u00e7ailles classique.<\/p>","protected":false},"excerpt":{"rendered":"<p class=\"p1\">La bague de fian\u00e7ailles Harmony Twist \u00e0 diamant rond pr\u00e9sente deux brins entrelac\u00e9s qui se fondent dans une bande pav\u00e9e doucement sculpt\u00e9e, centr\u00e9e par un diamant rond brillant. R\u00e9alis\u00e9e en or jaune, blanc ou rose 18 carats et disponible de 0,30 \u00e0 3 carats, elle offre un \u00e9quilibre gracieux entre symbolisme, \u00e9clat et romantisme moderne.<\/p>","protected":false},"featured_media":13820,"template":"","meta":{"_acf_changed":false},"product_brand":[],"product_cat":[552,24,52],"product_tag":[680,1257,1258,1255,1097,1013,1254,1256,586,1253],"class_list":{"0":"post-13393","1":"product","2":"type-product","3":"status-publish","4":"has-post-thumbnail","6":"product_cat-diamond-essentials","7":"product_cat-engagement-rings","8":"product_cat-rings","9":"product_tag-18k-gold-ring","10":"product_tag-customizable-engagement-ring","11":"product_tag-ethical-diamond-ring","12":"product_tag-intertwining-band","13":"product_tag-lab-grown-diamond-2","14":"product_tag-modern-engagement-ring","15":"product_tag-pave-engagement-ring","16":"product_tag-romantic-ring-design","17":"product_tag-sustainable-fine-jewelry","18":"product_tag-twist-engagement-ring","19":"pa_metal-rose-gold","20":"pa_metal-white-gold","21":"pa_metal-yellow-gold","23":"first","24":"instock","25":"taxable","26":"shipping-taxable","27":"purchasable","28":"product-type-variable"},"acf":[],"jetpack_sharing_enabled":true,"_links":{"self":[{"href":"https:\/\/lumierediamonds.eu\/fr\/wp-json\/wp\/v2\/product\/13393","targetHints":{"allow":["GET"]}}],"collection":[{"href":"https:\/\/lumierediamonds.eu\/fr\/wp-json\/wp\/v2\/product"}],"about":[{"href":"https:\/\/lumierediamonds.eu\/fr\/wp-json\/wp\/v2\/types\/product"}],"version-history":[{"count":4,"href":"https:\/\/lumierediamonds.eu\/fr\/wp-json\/wp\/v2\/product\/13393\/revisions"}],"predecessor-version":[{"id":28157,"href":"https:\/\/lumierediamonds.eu\/fr\/wp-json\/wp\/v2\/product\/13393\/revisions\/28157"}],"wp:featuredmedia":[{"embeddable":true,"href":"https:\/\/lumierediamonds.eu\/fr\/wp-json\/wp\/v2\/media\/13820"}],"wp:attachment":[{"href":"https:\/\/lumierediamonds.eu\/fr\/wp-json\/wp\/v2\/media?parent=13393"}],"wp:term":[{"taxonomy":"product_brand","embeddable":true,"href":"https:\/\/lumierediamonds.eu\/fr\/wp-json\/wp\/v2\/product_brand?post=13393"},{"taxonomy":"product_cat","embeddable":true,"href":"https:\/\/lumierediamonds.eu\/fr\/wp-json\/wp\/v2\/product_cat?post=13393"},{"taxonomy":"product_tag","embeddable":true,"href":"https:\/\/lumierediamonds.eu\/fr\/wp-json\/wp\/v2\/product_tag?post=13393"}],"curies":[{"name":"wp","href":"https:\/\/api.w.org\/{rel}","templated":true}]}}