{"id":13765,"date":"2025-11-26T15:15:23","date_gmt":"2025-11-26T14:15:23","guid":{"rendered":"https:\/\/lumierediamonds.eu\/?post_type=product&#038;p=13765"},"modified":"2025-11-26T16:41:37","modified_gmt":"2025-11-26T15:41:37","slug":"bracelet-diamant-bloom","status":"publish","type":"product","link":"https:\/\/lumierediamonds.eu\/fr\/product\/bracelet-diamant-bloom\/","title":{"rendered":"Bracelet Bloom Diamond"},"content":{"rendered":"<p>Inspir\u00e9 par la nature. Le bracelet Bloom Diamond est compos\u00e9 de quatre diamants ronds synth\u00e9tiques dispos\u00e9s en forme de fleur d\u00e9licate, sertis au centre d'une fine cha\u00eene en or 18 carats, disponible en or jaune ou blanc. Avec un poids total de diamants de 0,75 carat, ce mod\u00e8le offre un jeu de lumi\u00e8re d\u00e9licat et une forme organique.<\/p>\n<p>Id\u00e9ale pour \u00eatre port\u00e9e en superposition, cette pi\u00e8ce apporte une touche de douceur \u00e0 un ensemble ou se suffit \u00e0 elle-m\u00eame avec son style minimaliste et f\u00e9minin. Chaque pierre est certifi\u00e9e pour sa qualit\u00e9 et son \u00e9clat, et sertie dans de l'or 18 carats certifi\u00e9 LBMA.<\/p>","protected":false},"excerpt":{"rendered":"<p>Inspir\u00e9 par la nature. Le bracelet Bloom Diamond est compos\u00e9 de quatre diamants ronds synth\u00e9tiques dispos\u00e9s en forme de fleur d\u00e9licate, sertis au centre d'une fine cha\u00eene en or 18 carats, disponible en or jaune ou blanc. Avec un poids total de diamants de 0,75 carat, ce mod\u00e8le offre un jeu de lumi\u00e8re d\u00e9licat et une forme organique.<\/p>","protected":false},"featured_media":13779,"template":"","meta":{"_acf_changed":false},"product_brand":[],"product_cat":[55,852],"product_tag":[620,1350,1348,1351,1317,184,1352,365,889],"class_list":{"0":"post-13765","1":"product","2":"type-product","3":"status-publish","4":"has-post-thumbnail","6":"product_cat-bracelets","7":"product_cat-chain-bracelets","8":"product_tag-18k-gold-bracelet","9":"product_tag-clover-bracelet","10":"product_tag-dainty-bracelet","11":"product_tag-feminine-bracelet","12":"product_tag-floral-diamond-bracelet","13":"product_tag-lab-grown-diamond","14":"product_tag-lucky-charm-bracelet","15":"product_tag-minimalist-bracelet","16":"product_tag-symbolic-jewelry","17":"pa_metal-white-gold","18":"pa_metal-yellow-gold","20":"first","21":"instock","22":"taxable","23":"shipping-taxable","24":"purchasable","25":"product-type-variable"},"acf":[],"jetpack_sharing_enabled":true,"_links":{"self":[{"href":"https:\/\/lumierediamonds.eu\/fr\/wp-json\/wp\/v2\/product\/13765","targetHints":{"allow":["GET"]}}],"collection":[{"href":"https:\/\/lumierediamonds.eu\/fr\/wp-json\/wp\/v2\/product"}],"about":[{"href":"https:\/\/lumierediamonds.eu\/fr\/wp-json\/wp\/v2\/types\/product"}],"version-history":[{"count":3,"href":"https:\/\/lumierediamonds.eu\/fr\/wp-json\/wp\/v2\/product\/13765\/revisions"}],"predecessor-version":[{"id":13798,"href":"https:\/\/lumierediamonds.eu\/fr\/wp-json\/wp\/v2\/product\/13765\/revisions\/13798"}],"wp:featuredmedia":[{"embeddable":true,"href":"https:\/\/lumierediamonds.eu\/fr\/wp-json\/wp\/v2\/media\/13779"}],"wp:attachment":[{"href":"https:\/\/lumierediamonds.eu\/fr\/wp-json\/wp\/v2\/media?parent=13765"}],"wp:term":[{"taxonomy":"product_brand","embeddable":true,"href":"https:\/\/lumierediamonds.eu\/fr\/wp-json\/wp\/v2\/product_brand?post=13765"},{"taxonomy":"product_cat","embeddable":true,"href":"https:\/\/lumierediamonds.eu\/fr\/wp-json\/wp\/v2\/product_cat?post=13765"},{"taxonomy":"product_tag","embeddable":true,"href":"https:\/\/lumierediamonds.eu\/fr\/wp-json\/wp\/v2\/product_tag?post=13765"}],"curies":[{"name":"wp","href":"https:\/\/api.w.org\/{rel}","templated":true}]}}