{"id":13966,"date":"2025-12-04T16:40:34","date_gmt":"2025-12-04T15:40:34","guid":{"rendered":"https:\/\/lumierediamonds.eu\/product\/clara-diamond-pendant\/"},"modified":"2025-12-04T16:49:04","modified_gmt":"2025-12-04T15:49:04","slug":"pendentif-diamant-clara","status":"publish","type":"product","link":"https:\/\/lumierediamonds.eu\/fr\/product\/pendentif-diamant-clara\/","title":{"rendered":"Pendentif Clara Diamond"},"content":{"rendered":"<p>Le pendentif Clara Diamond est compos\u00e9 de trois diamants ronds synth\u00e9tiques de tailles diff\u00e9rentes, suspendus verticalement \u00e0 une fine cha\u00eene en or 18 carats, disponible en or jaune, blanc ou rose. D'un poids total de 1,00 carat, chaque pierre est sertie \u00e0 griffes pour permettre un jeu de lumi\u00e8re maximal.<\/p>\n<p>Une silhouette intemporelle aux proportions gracieuses. Suffisamment raffin\u00e9e pour tous les jours, suffisamment remarquable pour les soir\u00e9es.<\/p>","protected":false},"excerpt":{"rendered":"<p>Le pendentif Clara Diamond est compos\u00e9 de trois diamants ronds synth\u00e9tiques de tailles diff\u00e9rentes, suspendus verticalement \u00e0 une fine cha\u00eene en or 18 carats, disponible en or jaune, blanc ou rose. D'un poids total de 1,00 carat, chaque pierre est sertie \u00e0 griffes pour permettre un jeu de lumi\u00e8re maximal.<\/p>","protected":false},"featured_media":13994,"template":"","meta":{"_acf_changed":false},"product_brand":[],"product_cat":[53,552,759],"product_tag":[],"class_list":{"0":"post-13966","1":"product","2":"type-product","3":"status-publish","4":"has-post-thumbnail","6":"product_cat-necklaces-pendants","7":"product_cat-diamond-essentials","8":"product_cat-pendants","9":"pa_metal-yellow-gold","11":"first","12":"instock","13":"taxable","14":"shipping-taxable","15":"purchasable","16":"product-type-simple"},"acf":[],"jetpack_sharing_enabled":true,"_links":{"self":[{"href":"https:\/\/lumierediamonds.eu\/fr\/wp-json\/wp\/v2\/product\/13966","targetHints":{"allow":["GET"]}}],"collection":[{"href":"https:\/\/lumierediamonds.eu\/fr\/wp-json\/wp\/v2\/product"}],"about":[{"href":"https:\/\/lumierediamonds.eu\/fr\/wp-json\/wp\/v2\/types\/product"}],"version-history":[{"count":2,"href":"https:\/\/lumierediamonds.eu\/fr\/wp-json\/wp\/v2\/product\/13966\/revisions"}],"predecessor-version":[{"id":14004,"href":"https:\/\/lumierediamonds.eu\/fr\/wp-json\/wp\/v2\/product\/13966\/revisions\/14004"}],"wp:featuredmedia":[{"embeddable":true,"href":"https:\/\/lumierediamonds.eu\/fr\/wp-json\/wp\/v2\/media\/13994"}],"wp:attachment":[{"href":"https:\/\/lumierediamonds.eu\/fr\/wp-json\/wp\/v2\/media?parent=13966"}],"wp:term":[{"taxonomy":"product_brand","embeddable":true,"href":"https:\/\/lumierediamonds.eu\/fr\/wp-json\/wp\/v2\/product_brand?post=13966"},{"taxonomy":"product_cat","embeddable":true,"href":"https:\/\/lumierediamonds.eu\/fr\/wp-json\/wp\/v2\/product_cat?post=13966"},{"taxonomy":"product_tag","embeddable":true,"href":"https:\/\/lumierediamonds.eu\/fr\/wp-json\/wp\/v2\/product_tag?post=13966"}],"curies":[{"name":"wp","href":"https:\/\/api.w.org\/{rel}","templated":true}]}}