{"id":13967,"date":"2025-12-04T16:40:35","date_gmt":"2025-12-04T15:40:35","guid":{"rendered":"https:\/\/lumierediamonds.eu\/product\/sonata-channel-set-engagement-ring\/"},"modified":"2025-12-04T18:27:26","modified_gmt":"2025-12-04T17:27:26","slug":"bague-de-fiancailles-sertie-de-diamants-en-canal","status":"publish","type":"product","link":"https:\/\/lumierediamonds.eu\/fr\/product\/bague-de-fiancailles-sertie-de-diamants-en-canal\/","title":{"rendered":"Bague de fian\u00e7ailles Sonata sertie en rang\u00e9e"},"content":{"rendered":"<p>Une gracieuse bande de huit diamants ronds encadre la pierre centrale de la bague de fian\u00e7ailles Sonata, attirant le regard par son \u00e9clat subtil. R\u00e9alis\u00e9e en or jaune, blanc ou rose 18 carats, selon votre choix, la silhouette l\u00e9g\u00e8rement effil\u00e9e de la bande met en valeur la pierre centrale de votre choix, disponible dans des poids allant de 0,3 \u00e0 3 carats. Une version raffin\u00e9e d'un style intemporel, con\u00e7ue pour s'harmoniser \u00e0 merveille avec l'alliance assortie.<\/p>","protected":false},"excerpt":{"rendered":"<p>Une gracieuse rang\u00e9e de huit diamants ronds encadre la pierre centrale de la bague de fian\u00e7ailles Sonata, attirant le regard par son \u00e9clat subtil. Disponible en or jaune, blanc ou rose 18 carats, ce mod\u00e8le serti en rail allie \u00e9l\u00e9gance classique et modernit\u00e9.<\/p>","protected":false},"featured_media":14024,"template":"","meta":{"_acf_changed":false},"product_brand":[],"product_cat":[52,24],"product_tag":[1364,1363,467,1063],"class_list":{"0":"post-13967","1":"product","2":"type-product","3":"status-publish","4":"has-post-thumbnail","6":"product_cat-rings","7":"product_cat-engagement-rings","8":"product_tag-channel-engagement-ring","9":"product_tag-channel-ring","10":"product_tag-channel-set-diamond-band","11":"product_tag-channel-set-wedding-band","12":"pa_metal-rose-gold","13":"pa_metal-white-gold","14":"pa_metal-yellow-gold","16":"first","17":"instock","18":"taxable","19":"shipping-taxable","20":"product-type-variable"},"acf":[],"jetpack_sharing_enabled":true,"_links":{"self":[{"href":"https:\/\/lumierediamonds.eu\/fr\/wp-json\/wp\/v2\/product\/13967","targetHints":{"allow":["GET"]}}],"collection":[{"href":"https:\/\/lumierediamonds.eu\/fr\/wp-json\/wp\/v2\/product"}],"about":[{"href":"https:\/\/lumierediamonds.eu\/fr\/wp-json\/wp\/v2\/types\/product"}],"version-history":[{"count":1,"href":"https:\/\/lumierediamonds.eu\/fr\/wp-json\/wp\/v2\/product\/13967\/revisions"}],"predecessor-version":[{"id":14055,"href":"https:\/\/lumierediamonds.eu\/fr\/wp-json\/wp\/v2\/product\/13967\/revisions\/14055"}],"wp:featuredmedia":[{"embeddable":true,"href":"https:\/\/lumierediamonds.eu\/fr\/wp-json\/wp\/v2\/media\/14024"}],"wp:attachment":[{"href":"https:\/\/lumierediamonds.eu\/fr\/wp-json\/wp\/v2\/media?parent=13967"}],"wp:term":[{"taxonomy":"product_brand","embeddable":true,"href":"https:\/\/lumierediamonds.eu\/fr\/wp-json\/wp\/v2\/product_brand?post=13967"},{"taxonomy":"product_cat","embeddable":true,"href":"https:\/\/lumierediamonds.eu\/fr\/wp-json\/wp\/v2\/product_cat?post=13967"},{"taxonomy":"product_tag","embeddable":true,"href":"https:\/\/lumierediamonds.eu\/fr\/wp-json\/wp\/v2\/product_tag?post=13967"}],"curies":[{"name":"wp","href":"https:\/\/api.w.org\/{rel}","templated":true}]}}